{"id":150860,"date":"2023-09-28T15:03:00","date_gmt":"2023-09-28T13:03:00","guid":{"rendered":"https:\/\/shop.moldbrothers.com\/?post_type=product&#038;p=150860"},"modified":"2026-03-25T08:48:13","modified_gmt":"2026-03-25T07:48:13","slug":"mushroom-sandwich-molds","status":"publish","type":"product","link":"https:\/\/shop.moldbrothers.com\/es\/producto\/mushroom-sandwich-molds\/","title":{"rendered":"S\u00e1ndwich de champi\u00f1ones Molds"},"content":{"rendered":"","protected":false},"excerpt":{"rendered":"<p>Este molde de silicona de alta calidad, con forma de s\u00e1ndwich de champi\u00f1ones, contiene 6 y 12 formas y est\u00e1 hecho de silicona alimentaria 100%. El molde puede soportar una temperatura de entre -40\u00b0C y +200\u00b0C. Por lo tanto, el molde es apto tanto para el congelador (de choque) como para el horno.<\/p>","protected":false},"featured_media":150874,"template":"","meta":{"_seopress_robots_primary_cat":"none","_seopress_titles_title":"","_seopress_titles_desc":"","_seopress_robots_index":""},"product_brand":[],"product_cat":[194,228,237],"product_tag":[1419,581,1413,1447,1431,548,564,1427,622,1416,566,1425,1429,1430,1446,1415,536,1437,1424,1440,1443,547,620,1438,542,1150,1418,533,1441,537,1436,1433,1420,530,1444,936,1435,621,1423,1432,1421,1428,1439,1195,1434,1426,1422,495,519,541,1417,1414,1445,550,1442],"woo-feed-brand":[],"class_list":{"0":"post-150860","1":"product","2":"type-product","3":"status-publish","4":"has-post-thumbnail","6":"product_cat-realistic","7":"product_cat-2dmolds","8":"product_cat-natural","9":"product_tag-acorn","10":"product_tag-apple","11":"product_tag-autumn","12":"product_tag-autumn-vibes","13":"product_tag-bark","14":"product_tag-bos","15":"product_tag-cacao","16":"product_tag-caramel","17":"product_tag-champignon","18":"product_tag-chestnut","19":"product_tag-chocolate","20":"product_tag-cinnamon","21":"product_tag-comfort-food","22":"product_tag-cozy","23":"product_tag-deep-flavors","24":"product_tag-earth-tones","25":"product_tag-fall","26":"product_tag-festive","27":"product_tag-fig","28":"product_tag-fireplace","29":"product_tag-foliage","30":"product_tag-forest","31":"product_tag-fungo","32":"product_tag-golden-brown","33":"product_tag-groente","34":"product_tag-harvest","35":"product_tag-hazelnut","36":"product_tag-herfst","37":"product_tag-hygge","38":"product_tag-leaves","39":"product_tag-limited-edition","40":"product_tag-moss","41":"product_tag-mushroom","42":"product_tag-nature","43":"product_tag-nuts-seeds","44":"product_tag-oak","45":"product_tag-organic-shapes","46":"product_tag-paddestoel","47":"product_tag-pear","48":"product_tag-pine","49":"product_tag-pumpkin","50":"product_tag-roasted","51":"product_tag-rustic","52":"product_tag-seasonal","53":"product_tag-soil","54":"product_tag-spices","55":"product_tag-squash","56":"product_tag-tuile","57":"product_tag-tuille-forme","58":"product_tag-vegetable","59":"product_tag-walnut","60":"product_tag-warm-colors","61":"product_tag-warm-textures","62":"product_tag-wood","63":"product_tag-woodland","65":"first","66":"instock","67":"sale","68":"taxable","69":"shipping-taxable","70":"product-type-grouped"},"_links":{"self":[{"href":"https:\/\/shop.moldbrothers.com\/es\/wp-json\/wp\/v2\/product\/150860","targetHints":{"allow":["GET"]}}],"collection":[{"href":"https:\/\/shop.moldbrothers.com\/es\/wp-json\/wp\/v2\/product"}],"about":[{"href":"https:\/\/shop.moldbrothers.com\/es\/wp-json\/wp\/v2\/types\/product"}],"wp:featuredmedia":[{"embeddable":true,"href":"https:\/\/shop.moldbrothers.com\/es\/wp-json\/wp\/v2\/media\/150874"}],"wp:attachment":[{"href":"https:\/\/shop.moldbrothers.com\/es\/wp-json\/wp\/v2\/media?parent=150860"}],"wp:term":[{"taxonomy":"product_brand","embeddable":true,"href":"https:\/\/shop.moldbrothers.com\/es\/wp-json\/wp\/v2\/product_brand?post=150860"},{"taxonomy":"product_cat","embeddable":true,"href":"https:\/\/shop.moldbrothers.com\/es\/wp-json\/wp\/v2\/product_cat?post=150860"},{"taxonomy":"product_tag","embeddable":true,"href":"https:\/\/shop.moldbrothers.com\/es\/wp-json\/wp\/v2\/product_tag?post=150860"},{"taxonomy":"woo-feed-brand","embeddable":true,"href":"https:\/\/shop.moldbrothers.com\/es\/wp-json\/wp\/v2\/woo-feed-brand?post=150860"}],"curies":[{"name":"wp","href":"https:\/\/api.w.org\/{rel}","templated":true}]}}