{"id":147278,"date":"2023-08-11T13:43:55","date_gmt":"2023-08-11T11:43:55","guid":{"rendered":"https:\/\/shop.moldbrothers.com\/?post_type=product&#038;p=147278"},"modified":"2025-04-24T13:36:15","modified_gmt":"2025-04-24T11:36:15","slug":"jules-cooking-x-moldbrothers-piping-molds","status":"publish","type":"product","link":"https:\/\/shop.moldbrothers.com\/es\/producto\/jules-cooking-x-moldbrothers-piping-molds\/","title":{"rendered":"Jules Cocina x MoldBrothers Tuber\u00eda Molds"},"content":{"rendered":"<div class=\"grid grid-cols-1 lg:grid-cols-2 lg:gap-12\"><div class=\"col-span-1 self-center\"><figure class=\"h-[clamp(200px,40vw,600px)!important]\"><img decoding=\"async\" class=\"w-full h-full object-cover object-center rounded-2xl\" src=\"https:\/\/shop.moldbrothers.com\/wp-content\/uploads\/2023\/08\/Jules-1v3-scaled.jpg\" alt=\"\" \/><\/figure><\/div><div class=\"col-span-1 self-center\"><div class=\"lg:pl-20\"><\/p>\n<h6>Colaboraci\u00f3n<\/h6>\n<h2>sobre el cocinero<\/h2>\n<p>Desde ni\u00f1o, el sue\u00f1o de nuestro cu\u00f1ado 1TP7 fue claro: convertirse en chef. Ya fuera en el huerto de su madre o en la cocina de su padre, le encantaba cocinar y experimentar. Empez\u00f3 en cocinas peque\u00f1as y a los quince a\u00f1os hizo su primer v\u00eddeo de cocina. Unas pr\u00e1cticas en el prestigioso restaurante Oud Sluis, con tres estrellas Michelin, consolidaron su ambici\u00f3n.<\/p>\n<p>Ahora, \u00e9l <a href=\"https:\/\/www.julescooking.com\/\">acciones<\/a> su maestr\u00eda culinaria, combinando su pasi\u00f3n por la reposter\u00eda y las t\u00e9cnicas cl\u00e1sicas francesas para crear experiencias gastron\u00f3micas refinadas y platos innovadores.<\/p>\n<p>Crear un molde juntos ha sido una idea desde hace mucho tiempo, pero por fin hemos encontrado juntos el concepto perfecto. \u00a1Y estamos muy orgullosos de compartirlo!<\/div><\/div><\/div>","protected":false},"excerpt":{"rendered":"<p><strong>Incluye tarjeta de receta de Jules Cooking<\/strong><\/p>\n<p>Molde de silicona de alta calidad con forma de dibujo circular de una crema montada. El molde es de silicona alimentaria 100%.<\/p>\n<p>El molde puede soportar una temperatura entre -40 \u00b0C y +200 \u00b0C. Por lo tanto, el molde es adecuado tanto para el congelador (de choque) como para el horno.<\/p>\n<p>La plantilla no es apta para lavavajillas. Recomendamos enjuagar la plantilla con agua tibia (40\u00b0C) sin usar ning\u00fan producto de limpieza.<\/p>","protected":false},"featured_media":147293,"template":"","meta":{"_seopress_robots_primary_cat":"none","_seopress_titles_title":"","_seopress_titles_desc":"","_seopress_robots_index":""},"product_brand":[],"product_cat":[159,229,228,203],"product_tag":[554,555,517,556,552,495],"woo-feed-brand":[],"class_list":{"0":"post-147278","1":"product","2":"type-product","3":"status-publish","4":"has-post-thumbnail","6":"product_cat-3dmolds","7":"product_cat-abstract","8":"product_cat-2dmolds","9":"product_cat-graphic","10":"product_tag-chef","11":"product_tag-jules","12":"product_tag-recipe","13":"product_tag-set","14":"product_tag-sjabloon","15":"product_tag-tuile","17":"first","18":"instock","19":"sale","20":"taxable","21":"shipping-taxable","22":"product-type-grouped"},"_links":{"self":[{"href":"https:\/\/shop.moldbrothers.com\/es\/wp-json\/wp\/v2\/product\/147278","targetHints":{"allow":["GET"]}}],"collection":[{"href":"https:\/\/shop.moldbrothers.com\/es\/wp-json\/wp\/v2\/product"}],"about":[{"href":"https:\/\/shop.moldbrothers.com\/es\/wp-json\/wp\/v2\/types\/product"}],"wp:featuredmedia":[{"embeddable":true,"href":"https:\/\/shop.moldbrothers.com\/es\/wp-json\/wp\/v2\/media\/147293"}],"wp:attachment":[{"href":"https:\/\/shop.moldbrothers.com\/es\/wp-json\/wp\/v2\/media?parent=147278"}],"wp:term":[{"taxonomy":"product_brand","embeddable":true,"href":"https:\/\/shop.moldbrothers.com\/es\/wp-json\/wp\/v2\/product_brand?post=147278"},{"taxonomy":"product_cat","embeddable":true,"href":"https:\/\/shop.moldbrothers.com\/es\/wp-json\/wp\/v2\/product_cat?post=147278"},{"taxonomy":"product_tag","embeddable":true,"href":"https:\/\/shop.moldbrothers.com\/es\/wp-json\/wp\/v2\/product_tag?post=147278"},{"taxonomy":"woo-feed-brand","embeddable":true,"href":"https:\/\/shop.moldbrothers.com\/es\/wp-json\/wp\/v2\/woo-feed-brand?post=147278"}],"curies":[{"name":"wp","href":"https:\/\/api.w.org\/{rel}","templated":true}]}}