{"id":146951,"date":"2023-07-17T09:31:12","date_gmt":"2023-07-17T07:31:12","guid":{"rendered":"https:\/\/shop.moldbrothers.com\/?post_type=product&#038;p=146951"},"modified":"2026-04-03T07:40:52","modified_gmt":"2026-04-03T05:40:52","slug":"plating-set","status":"publish","type":"product","link":"https:\/\/shop.moldbrothers.com\/es\/producto\/plating-set\/","title":{"rendered":"Juego de placas"},"content":{"rendered":"","protected":false},"excerpt":{"rendered":"<p>Descubra nuestra colecci\u00f3n premium de utensilios de cocina met\u00e1licos de alta calidad, que incluyen una esp\u00e1tula vers\u00e1til, dos cucharas quenelle y dos pinzas. Cada art\u00edculo, cuidadosamente empaquetado en una funda, lleva el logotipo de confianza de MoldBrothers.<\/p>\n<p><strong>Cuchillo de paleta:<\/strong> 9cm<br \/>\n<strong>Cuchara Quenelle peque\u00f1a:<\/strong> 4,5cm<br \/>\n<strong>Cuchara Quenelle grande:<\/strong> 7 cent\u00edmetros<br \/>\n<strong>Pinza peque\u00f1a:<\/strong> 8cm<br \/>\n<strong>Pinza grande:<\/strong> 10 cent\u00edmetros<\/p>","protected":false},"featured_media":146964,"template":"","meta":{"_seopress_robots_primary_cat":"none","_seopress_titles_title":"","_seopress_titles_desc":"","_seopress_robots_index":""},"product_brand":[],"product_cat":[192],"product_tag":[627,693,625,628,692,694],"woo-feed-brand":[],"class_list":{"0":"post-146951","1":"product","2":"type-product","3":"status-publish","4":"has-post-thumbnail","6":"product_cat-kitchen-essentials","7":"product_tag-lepel","8":"product_tag-palette","9":"product_tag-quenelle","10":"product_tag-spoon","11":"product_tag-squeezer","12":"product_tag-tweezer","14":"first","15":"instock","16":"taxable","17":"shipping-taxable","18":"purchasable","19":"product-type-simple"},"_links":{"self":[{"href":"https:\/\/shop.moldbrothers.com\/es\/wp-json\/wp\/v2\/product\/146951","targetHints":{"allow":["GET"]}}],"collection":[{"href":"https:\/\/shop.moldbrothers.com\/es\/wp-json\/wp\/v2\/product"}],"about":[{"href":"https:\/\/shop.moldbrothers.com\/es\/wp-json\/wp\/v2\/types\/product"}],"wp:featuredmedia":[{"embeddable":true,"href":"https:\/\/shop.moldbrothers.com\/es\/wp-json\/wp\/v2\/media\/146964"}],"wp:attachment":[{"href":"https:\/\/shop.moldbrothers.com\/es\/wp-json\/wp\/v2\/media?parent=146951"}],"wp:term":[{"taxonomy":"product_brand","embeddable":true,"href":"https:\/\/shop.moldbrothers.com\/es\/wp-json\/wp\/v2\/product_brand?post=146951"},{"taxonomy":"product_cat","embeddable":true,"href":"https:\/\/shop.moldbrothers.com\/es\/wp-json\/wp\/v2\/product_cat?post=146951"},{"taxonomy":"product_tag","embeddable":true,"href":"https:\/\/shop.moldbrothers.com\/es\/wp-json\/wp\/v2\/product_tag?post=146951"},{"taxonomy":"woo-feed-brand","embeddable":true,"href":"https:\/\/shop.moldbrothers.com\/es\/wp-json\/wp\/v2\/woo-feed-brand?post=146951"}],"curies":[{"name":"wp","href":"https:\/\/api.w.org\/{rel}","templated":true}]}}