{"id":143544,"date":"2023-01-11T11:36:38","date_gmt":"2023-01-11T10:36:38","guid":{"rendered":"https:\/\/shop.moldbrothers.com\/?post_type=product&#038;p=143544"},"modified":"2026-01-07T11:52:10","modified_gmt":"2026-01-07T10:52:10","slug":"basic-stencil-case-2","status":"publish","type":"product","link":"https:\/\/shop.moldbrothers.com\/es\/producto\/basic-stencil-case-2\/","title":{"rendered":"Estuche b\u00e1sico para plantillas"},"content":{"rendered":"","protected":false},"excerpt":{"rendered":"<p>Este Estuche B\u00e1sico para Plantillas est\u00e1 fabricado con planchas de poliestireno de 1 mm de grosor y ofrece una base vers\u00e1til para un chapado preciso. El juego incluye:<\/p>\n<p>\u2013 Plantilla C\u00edrculo A3 4,5 cm \u00f8<br \/>\n\u2013 Plantilla A3 Cuadrada 4,5 cm x 4,5 cm<br \/>\n\u2013 Plantilla Cilindro A3 15 cm x 5 cm<br \/>\n- Plantilla triangular de una cara A3 12,1 cm x 3,1 cm<br \/>\n- Plantilla A3 Tri\u00e1ngulo de dos caras 7 cm x 4 cm<\/p>\n<p>La plantilla no se puede lavar en el lavavajillas. Recomendamos aclararla con agua tibia (40 \u00b0C) sin utilizar productos de limpieza.<\/p>","protected":false},"featured_media":143299,"template":"","meta":{"_seopress_robots_primary_cat":"none","_seopress_titles_title":"","_seopress_titles_desc":"","_seopress_robots_index":""},"product_brand":[],"product_cat":[170,198],"product_tag":[],"woo-feed-brand":[],"class_list":{"0":"post-143544","1":"product","2":"type-product","3":"status-publish","4":"has-post-thumbnail","6":"product_cat-stencils","7":"product_cat-a3-stencils","9":"first","10":"instock","11":"taxable","12":"shipping-taxable","13":"product-type-grouped"},"_links":{"self":[{"href":"https:\/\/shop.moldbrothers.com\/es\/wp-json\/wp\/v2\/product\/143544","targetHints":{"allow":["GET"]}}],"collection":[{"href":"https:\/\/shop.moldbrothers.com\/es\/wp-json\/wp\/v2\/product"}],"about":[{"href":"https:\/\/shop.moldbrothers.com\/es\/wp-json\/wp\/v2\/types\/product"}],"wp:featuredmedia":[{"embeddable":true,"href":"https:\/\/shop.moldbrothers.com\/es\/wp-json\/wp\/v2\/media\/143299"}],"wp:attachment":[{"href":"https:\/\/shop.moldbrothers.com\/es\/wp-json\/wp\/v2\/media?parent=143544"}],"wp:term":[{"taxonomy":"product_brand","embeddable":true,"href":"https:\/\/shop.moldbrothers.com\/es\/wp-json\/wp\/v2\/product_brand?post=143544"},{"taxonomy":"product_cat","embeddable":true,"href":"https:\/\/shop.moldbrothers.com\/es\/wp-json\/wp\/v2\/product_cat?post=143544"},{"taxonomy":"product_tag","embeddable":true,"href":"https:\/\/shop.moldbrothers.com\/es\/wp-json\/wp\/v2\/product_tag?post=143544"},{"taxonomy":"woo-feed-brand","embeddable":true,"href":"https:\/\/shop.moldbrothers.com\/es\/wp-json\/wp\/v2\/woo-feed-brand?post=143544"}],"curies":[{"name":"wp","href":"https:\/\/api.w.org\/{rel}","templated":true}]}}