{"id":140884,"date":"2023-03-27T11:56:00","date_gmt":"2023-03-27T09:56:00","guid":{"rendered":"https:\/\/moldbrothers.nl\/?post_type=product&#038;p=140884"},"modified":"2026-04-07T11:32:58","modified_gmt":"2026-04-07T09:32:58","slug":"waffle-sandwich-exterior","status":"publish","type":"product","link":"https:\/\/shop.moldbrothers.com\/es\/producto\/waffle-sandwich-exterior\/","title":{"rendered":"Exterior de s\u00e1ndwich de waffle"},"content":{"rendered":"<p>Un molde de silicona de alta calidad con forma de cilindro dentado rematado con un patr\u00f3n de cruz de gofres. Los moldes que contienen est\u00e1n hechos de silicona de grado alimenticio 100%.<\/p>\n<p>El molde puede soportar una temperatura entre -40 \u00b0C y +200 \u00b0C. Por lo tanto, el molde es adecuado tanto para el congelador (de choque) como para el horno.<\/p>\n<p><strong>Tama\u00f1o por forma: 5 cm \u00f8 x 2 mm<br \/>\nN\u00famero de formas: 12 ud.<br \/>\nPeso: 250 gramos<\/strong><\/p>","protected":false},"excerpt":{"rendered":"<h2>S\u00e1ndwich de gofres<\/h2>\n<div class=\"group w-full text-gray-800 dark:text-gray-100 border-b border-black\/10 dark:border-gray-900\/50 bg-gray-50 dark:bg-[#444654]\">\n<div class=\"text-base gap-4 md:gap-6 md:max-w-2xl lg:max-w-2xl xl:max-w-3xl p-4 md:py-6 flex lg:px-0 m-auto\">\n<div class=\"relative flex w-[calc(100%-50px)] flex-col gap-1 md:gap-3 lg:w-[calc(100%-115px)]\">\n<div class=\"flex flex-grow flex-col gap-3\">\n<div class=\"min-h-[20px] flex flex-col items-start gap-4 whitespace-pre-wrap\">\n<div class=\"markdown prose w-full break-words dark:prose-invert light\">\n<p>Basado en el cl\u00e1sico s\u00e1ndwich de helado, este Waffle Sandwich Set tiene un toque \u00fanico y personal. Para celebrar nuestra herencia holandesa, a este juego se le ha dado un patr\u00f3n &#039;stroopwafel&#039;. Puede usar este molde solo para crear una base salada para un amuse-bouche, por ejemplo. O elige algo dulce horneando dos galletas de chocolate con un relleno de vainilla en el medio.<\/p>\n<\/div>\n<\/div>\n<\/div>\n<div class=\"flex justify-between\">\n<div class=\"text-gray-400 flex self-end lg:self-center justify-center mt-2 gap-3 md:gap-4 lg:gap-1 lg:absolute lg:top-0 lg:translate-x-full lg:right-0 lg:mt-0 lg:pl-2 visible\"><\/div>\n<\/div>\n<\/div>\n<\/div>\n<\/div>","protected":false},"featured_media":140977,"template":"","meta":{"_seopress_robots_primary_cat":"none","_seopress_titles_title":"","_seopress_titles_desc":"","_seopress_robots_index":""},"product_brand":[],"product_cat":[228,231],"product_tag":[],"woo-feed-brand":[],"class_list":{"0":"post-140884","1":"product","2":"type-product","3":"status-publish","4":"has-post-thumbnail","6":"product_cat-2dmolds","7":"product_cat-hidden","9":"first","10":"instock","11":"taxable","12":"shipping-taxable","13":"purchasable","14":"product-type-simple"},"_links":{"self":[{"href":"https:\/\/shop.moldbrothers.com\/es\/wp-json\/wp\/v2\/product\/140884","targetHints":{"allow":["GET"]}}],"collection":[{"href":"https:\/\/shop.moldbrothers.com\/es\/wp-json\/wp\/v2\/product"}],"about":[{"href":"https:\/\/shop.moldbrothers.com\/es\/wp-json\/wp\/v2\/types\/product"}],"wp:featuredmedia":[{"embeddable":true,"href":"https:\/\/shop.moldbrothers.com\/es\/wp-json\/wp\/v2\/media\/140977"}],"wp:attachment":[{"href":"https:\/\/shop.moldbrothers.com\/es\/wp-json\/wp\/v2\/media?parent=140884"}],"wp:term":[{"taxonomy":"product_brand","embeddable":true,"href":"https:\/\/shop.moldbrothers.com\/es\/wp-json\/wp\/v2\/product_brand?post=140884"},{"taxonomy":"product_cat","embeddable":true,"href":"https:\/\/shop.moldbrothers.com\/es\/wp-json\/wp\/v2\/product_cat?post=140884"},{"taxonomy":"product_tag","embeddable":true,"href":"https:\/\/shop.moldbrothers.com\/es\/wp-json\/wp\/v2\/product_tag?post=140884"},{"taxonomy":"woo-feed-brand","embeddable":true,"href":"https:\/\/shop.moldbrothers.com\/es\/wp-json\/wp\/v2\/woo-feed-brand?post=140884"}],"curies":[{"name":"wp","href":"https:\/\/api.w.org\/{rel}","templated":true}]}}