{"id":140325,"date":"2023-03-15T15:16:27","date_gmt":"2023-03-15T14:16:27","guid":{"rendered":"https:\/\/moldbrothers.nl\/?post_type=product&#038;p=140325"},"modified":"2023-08-24T16:04:20","modified_gmt":"2023-08-24T14:04:20","slug":"molde-de-citricos-3d","status":"publish","type":"product","link":"https:\/\/shop.moldbrothers.com\/es\/producto\/molde-de-citricos-3d\/","title":{"rendered":"C\u00edtricos Mold"},"content":{"rendered":"<p>Un molde de silicona de alta calidad con forma de Citrus. El molde contiene 4 formas y est\u00e1 hecho de silicona de grado alimenticio 100%.<\/p>\n<p>El molde puede soportar una temperatura entre -40 \u00b0C y +200 \u00b0C. Por lo tanto, el molde es adecuado tanto para el congelador (de choque) como para el horno.<\/p>\n<p><strong>Tama\u00f1o por forma: 6,5 \u00d8 cm x 2,2 cm<br \/>\nContenido: 90ml<br \/>\n<\/strong><strong>N\u00famero de formas: 4 ud.<br \/>\nPeso: 575 gramos<\/strong><\/p>","protected":false},"excerpt":{"rendered":"<h2 style=\"text-align: center;\">C\u00edtricos Mold<\/h2>\n<p style=\"text-align: center;\">Citrus es el nombre colectivo de muchas frutas deliciosas. Todos ellos tienen c\u00e1scaras gruesas en los colores m\u00e1s hermosos. El sabor var\u00eda de agrio a deliciosamente fresco, dulce y, a veces, ligeramente amargo, y las variaciones son infinitas.<\/p>","protected":false},"featured_media":148515,"template":"","meta":{"_seopress_robots_primary_cat":"","_seopress_titles_title":"","_seopress_titles_desc":"","_seopress_robots_index":""},"product_brand":[],"product_cat":[159,194],"product_tag":[],"woo-feed-brand":[],"class_list":{"0":"post-140325","1":"product","2":"type-product","3":"status-publish","4":"has-post-thumbnail","6":"product_cat-3dmolds","7":"product_cat-realistic","9":"first","10":"instock","11":"taxable","12":"shipping-taxable","13":"purchasable","14":"product-type-simple"},"_links":{"self":[{"href":"https:\/\/shop.moldbrothers.com\/es\/wp-json\/wp\/v2\/product\/140325","targetHints":{"allow":["GET"]}}],"collection":[{"href":"https:\/\/shop.moldbrothers.com\/es\/wp-json\/wp\/v2\/product"}],"about":[{"href":"https:\/\/shop.moldbrothers.com\/es\/wp-json\/wp\/v2\/types\/product"}],"wp:featuredmedia":[{"embeddable":true,"href":"https:\/\/shop.moldbrothers.com\/es\/wp-json\/wp\/v2\/media\/148515"}],"wp:attachment":[{"href":"https:\/\/shop.moldbrothers.com\/es\/wp-json\/wp\/v2\/media?parent=140325"}],"wp:term":[{"taxonomy":"product_brand","embeddable":true,"href":"https:\/\/shop.moldbrothers.com\/es\/wp-json\/wp\/v2\/product_brand?post=140325"},{"taxonomy":"product_cat","embeddable":true,"href":"https:\/\/shop.moldbrothers.com\/es\/wp-json\/wp\/v2\/product_cat?post=140325"},{"taxonomy":"product_tag","embeddable":true,"href":"https:\/\/shop.moldbrothers.com\/es\/wp-json\/wp\/v2\/product_tag?post=140325"},{"taxonomy":"woo-feed-brand","embeddable":true,"href":"https:\/\/shop.moldbrothers.com\/es\/wp-json\/wp\/v2\/woo-feed-brand?post=140325"}],"curies":[{"name":"wp","href":"https:\/\/api.w.org\/{rel}","templated":true}]}}