{"id":136547,"date":"2022-12-20T17:23:42","date_gmt":"2022-12-20T16:23:42","guid":{"rendered":"https:\/\/moldbrothers.nl\/?post_type=product&#038;p=136547"},"modified":"2025-11-27T12:01:12","modified_gmt":"2025-11-27T11:01:12","slug":"plantilla-de-cilindro","status":"publish","type":"product","link":"https:\/\/shop.moldbrothers.com\/es\/producto\/plantilla-de-cilindro\/","title":{"rendered":"Plantilla Cilindro 18 cm"},"content":{"rendered":"<p>Esta plantilla cil\u00edndrica de poliestireno de 1 mm de grosor se puede utilizar para extender tuiles finos, por ejemplo, isomalt o merengue.<\/p>\n<p>la plantilla es\u00a0<strong>no<\/strong>\u00a0Aptas para el lavavajillas. Recomendamos enjuagar la plantilla con agua tibia (40\u00b0C) sin usar ning\u00fan producto de limpieza.<\/p>\n<p><strong>Tama\u00f1o plantilla: 42 cm x 29,7 cm<br \/>\n<\/strong><strong>Tama\u00f1o Forma: 18 cm ancho x 4 cm largo<br \/>\nN\u00famero de formas: 9 ud.<br \/>\nPeso: 50 gramos<\/strong><\/p>","protected":false},"excerpt":{"rendered":"<h2>Plantilla de cilindro<\/h2>\n<p>Nuestra plantilla Cilinder a\u00fan no parece un cilindro. Unte un poco de masa de tuille o una mezcla de pur\u00e9 de verduras, isomalt y glucosa sobre la plantilla y s\u00e9quela a 120 grados cent\u00edgrados. Despu\u00e9s de una hora, puedes darle forma suavemente a los cilindros con uno de nuestros perforadores o con un rodillo.<\/p>","protected":false},"featured_media":143360,"template":"","meta":{"_seopress_robots_primary_cat":"none","_seopress_titles_title":"","_seopress_titles_desc":"","_seopress_robots_index":""},"product_brand":[],"product_cat":[170,198,231],"product_tag":[],"woo-feed-brand":[],"class_list":{"0":"post-136547","1":"product","2":"type-product","3":"status-publish","4":"has-post-thumbnail","6":"product_cat-stencils","7":"product_cat-a3-stencils","8":"product_cat-hidden","10":"first","11":"instock","12":"taxable","13":"shipping-taxable","14":"purchasable","15":"product-type-simple"},"_links":{"self":[{"href":"https:\/\/shop.moldbrothers.com\/es\/wp-json\/wp\/v2\/product\/136547","targetHints":{"allow":["GET"]}}],"collection":[{"href":"https:\/\/shop.moldbrothers.com\/es\/wp-json\/wp\/v2\/product"}],"about":[{"href":"https:\/\/shop.moldbrothers.com\/es\/wp-json\/wp\/v2\/types\/product"}],"wp:featuredmedia":[{"embeddable":true,"href":"https:\/\/shop.moldbrothers.com\/es\/wp-json\/wp\/v2\/media\/143360"}],"wp:attachment":[{"href":"https:\/\/shop.moldbrothers.com\/es\/wp-json\/wp\/v2\/media?parent=136547"}],"wp:term":[{"taxonomy":"product_brand","embeddable":true,"href":"https:\/\/shop.moldbrothers.com\/es\/wp-json\/wp\/v2\/product_brand?post=136547"},{"taxonomy":"product_cat","embeddable":true,"href":"https:\/\/shop.moldbrothers.com\/es\/wp-json\/wp\/v2\/product_cat?post=136547"},{"taxonomy":"product_tag","embeddable":true,"href":"https:\/\/shop.moldbrothers.com\/es\/wp-json\/wp\/v2\/product_tag?post=136547"},{"taxonomy":"woo-feed-brand","embeddable":true,"href":"https:\/\/shop.moldbrothers.com\/es\/wp-json\/wp\/v2\/woo-feed-brand?post=136547"}],"curies":[{"name":"wp","href":"https:\/\/api.w.org\/{rel}","templated":true}]}}