{"id":135259,"date":"2022-11-24T11:55:12","date_gmt":"2022-11-24T10:55:12","guid":{"rendered":"https:\/\/moldbrothers.nl\/?post_type=product&#038;p=135259"},"modified":"2026-03-12T10:01:45","modified_gmt":"2026-03-12T09:01:45","slug":"bunuelos-corazones","status":"publish","type":"product","link":"https:\/\/shop.moldbrothers.com\/es\/producto\/bunuelos-corazones\/","title":{"rendered":"Corazones Bu\u00f1uelos"},"content":{"rendered":"","protected":false},"excerpt":{"rendered":"<p>El Bu\u00f1uelos Corazones es un sello de aluminio de alta calidad, perfecto para hacer bu\u00f1uelos crujientes. Ideal para crear aperitivos ligeros en forma de coraz\u00f3n con un delicado crujido, ideal para ocasiones especiales o como toque final divertido.<\/p>","protected":false},"featured_media":135260,"template":"","meta":{"_seopress_robots_primary_cat":"none","_seopress_titles_title":"","_seopress_titles_desc":"","_seopress_robots_index":""},"product_brand":[],"product_cat":[362],"product_tag":[507,1027,508,523,602,1023,912,1022,1026,1025,595,491,490,1018,492,599,1019,1020,639,1024,596,757,1021,598,597,489,488],"woo-feed-brand":[],"class_list":{"0":"post-135259","1":"product","2":"type-product","3":"status-publish","4":"has-post-thumbnail","6":"product_cat-bunuelos-pie-tee","7":"product_tag-batter","8":"product_tag-beignets","9":"product_tag-beslag","10":"product_tag-bloem","11":"product_tag-bunuelos","12":"product_tag-crisp","13":"product_tag-croustade","14":"product_tag-crust","15":"product_tag-fried","16":"product_tag-fritters","17":"product_tag-fry","18":"product_tag-hart","19":"product_tag-heart","20":"product_tag-iron","21":"product_tag-love","22":"product_tag-oil","23":"product_tag-pee-tee","24":"product_tag-pie","25":"product_tag-rosette","26":"product_tag-shell","27":"product_tag-stamp","28":"product_tag-tart","29":"product_tag-tie","30":"product_tag-tool","31":"product_tag-tools","32":"product_tag-valentijn","33":"product_tag-valentine","35":"first","36":"instock","37":"taxable","38":"shipping-taxable","39":"purchasable","40":"product-type-simple"},"_links":{"self":[{"href":"https:\/\/shop.moldbrothers.com\/es\/wp-json\/wp\/v2\/product\/135259","targetHints":{"allow":["GET"]}}],"collection":[{"href":"https:\/\/shop.moldbrothers.com\/es\/wp-json\/wp\/v2\/product"}],"about":[{"href":"https:\/\/shop.moldbrothers.com\/es\/wp-json\/wp\/v2\/types\/product"}],"wp:featuredmedia":[{"embeddable":true,"href":"https:\/\/shop.moldbrothers.com\/es\/wp-json\/wp\/v2\/media\/135260"}],"wp:attachment":[{"href":"https:\/\/shop.moldbrothers.com\/es\/wp-json\/wp\/v2\/media?parent=135259"}],"wp:term":[{"taxonomy":"product_brand","embeddable":true,"href":"https:\/\/shop.moldbrothers.com\/es\/wp-json\/wp\/v2\/product_brand?post=135259"},{"taxonomy":"product_cat","embeddable":true,"href":"https:\/\/shop.moldbrothers.com\/es\/wp-json\/wp\/v2\/product_cat?post=135259"},{"taxonomy":"product_tag","embeddable":true,"href":"https:\/\/shop.moldbrothers.com\/es\/wp-json\/wp\/v2\/product_tag?post=135259"},{"taxonomy":"woo-feed-brand","embeddable":true,"href":"https:\/\/shop.moldbrothers.com\/es\/wp-json\/wp\/v2\/woo-feed-brand?post=135259"}],"curies":[{"name":"wp","href":"https:\/\/api.w.org\/{rel}","templated":true}]}}