{"id":133483,"date":"2022-10-14T10:49:21","date_gmt":"2022-10-14T08:49:21","guid":{"rendered":"https:\/\/moldbrothers.nl\/?post_type=product&#038;p=133483"},"modified":"2025-11-26T11:36:32","modified_gmt":"2025-11-26T10:36:32","slug":"molde-tuille-organico","status":"publish","type":"product","link":"https:\/\/shop.moldbrothers.com\/es\/producto\/molde-tuille-organico\/","title":{"rendered":"Tul Org\u00e1nica Mold"},"content":{"rendered":"","protected":false},"excerpt":{"rendered":"<p>Este molde de silicona de alta calidad, con forma de Patr\u00f3n Org\u00e1nico, contiene 3 formas y est\u00e1 hecho de silicona alimentaria 100%. El molde puede soportar una temperatura de entre -40\u00b0C y +200\u00b0C. Por lo tanto, el molde es apto tanto para el congelador (de choque) como para el horno.<\/p>","protected":false},"featured_media":133484,"template":"","meta":{"_seopress_robots_primary_cat":"none","_seopress_titles_title":"","_seopress_titles_desc":"","_seopress_robots_index":""},"product_brand":[],"product_cat":[228,203],"product_tag":[530,531,529,495,519],"woo-feed-brand":[],"class_list":{"0":"post-133483","1":"product","2":"type-product","3":"status-publish","4":"has-post-thumbnail","6":"product_cat-2dmolds","7":"product_cat-graphic","8":"product_tag-nature","9":"product_tag-natuur","10":"product_tag-organisch","11":"product_tag-tuile","12":"product_tag-tuille-forme","14":"first","15":"instock","16":"taxable","17":"shipping-taxable","18":"purchasable","19":"product-type-simple"},"_links":{"self":[{"href":"https:\/\/shop.moldbrothers.com\/es\/wp-json\/wp\/v2\/product\/133483","targetHints":{"allow":["GET"]}}],"collection":[{"href":"https:\/\/shop.moldbrothers.com\/es\/wp-json\/wp\/v2\/product"}],"about":[{"href":"https:\/\/shop.moldbrothers.com\/es\/wp-json\/wp\/v2\/types\/product"}],"wp:featuredmedia":[{"embeddable":true,"href":"https:\/\/shop.moldbrothers.com\/es\/wp-json\/wp\/v2\/media\/133484"}],"wp:attachment":[{"href":"https:\/\/shop.moldbrothers.com\/es\/wp-json\/wp\/v2\/media?parent=133483"}],"wp:term":[{"taxonomy":"product_brand","embeddable":true,"href":"https:\/\/shop.moldbrothers.com\/es\/wp-json\/wp\/v2\/product_brand?post=133483"},{"taxonomy":"product_cat","embeddable":true,"href":"https:\/\/shop.moldbrothers.com\/es\/wp-json\/wp\/v2\/product_cat?post=133483"},{"taxonomy":"product_tag","embeddable":true,"href":"https:\/\/shop.moldbrothers.com\/es\/wp-json\/wp\/v2\/product_tag?post=133483"},{"taxonomy":"woo-feed-brand","embeddable":true,"href":"https:\/\/shop.moldbrothers.com\/es\/wp-json\/wp\/v2\/woo-feed-brand?post=133483"}],"curies":[{"name":"wp","href":"https:\/\/api.w.org\/{rel}","templated":true}]}}