{"id":129996,"date":"2022-07-19T11:23:10","date_gmt":"2022-07-19T09:23:10","guid":{"rendered":"https:\/\/moldbrothers.nl\/?post_type=product&#038;p=129996"},"modified":"2026-01-13T09:16:26","modified_gmt":"2026-01-13T08:16:26","slug":"kit-de-prensado-de-flores","status":"publish","type":"product","link":"https:\/\/shop.moldbrothers.com\/es\/producto\/kit-de-prensado-de-flores\/","title":{"rendered":"Kit de prensado de flores"},"content":{"rendered":"<div class=\"grid grid-cols-1 lg:grid-cols-2 lg:gap-12\"><div class=\"col-span-1 self-center\"><figure class=\"h-[clamp(200px,40vw,600px)!important]\"><img decoding=\"async\" class=\"w-full h-full object-cover object-center rounded-2xl\" src=\"https:\/\/shop.moldbrothers.com\/wp-content\/uploads\/2022\/07\/DSC03279-scaled-e1684074511240.jpg\" alt=\"\" \/><\/figure><\/div><div class=\"col-span-1 self-center\"><div class=\"lg:pl-20\"><\/p>\n<h6>Colaboraci\u00f3n<\/h6>\n<h2>mike cornelissen<\/h2>\n<p>Concebida junto al chef Mike Cornelissen del Restaurant Rijnzicht*. Mike estaba buscando una manera elegante de parecerse a las flores de su jard\u00edn en el plato. Hemos dise\u00f1ado este incre\u00edble kit de prensado de flores para crear este plato, o muchas otras versiones con muchos sabores diferentes. \u00a1Ser creativo!<\/div><\/div><\/div>","protected":false},"excerpt":{"rendered":"<p>Este set de alta calidad incluye un molde de silicona para prensar y una plantilla acr\u00edlica. El molde de silicona, con forma de hoja de flor realista, consta de dos partes que encajan con precisi\u00f3n y est\u00e1 hecho de silicona alimentaria 100%. Soporta temperaturas de entre -40\u00b0C y +200\u00b0C, por lo que es apto tanto para el congelador (de choque) como para el horno. La plantilla no se puede lavar en el lavavajillas; recomendamos aclararla con agua tibia (40\u00b0C) sin utilizar ning\u00fan producto de limpieza.<\/p>","protected":false},"featured_media":129999,"template":"","meta":{"_seopress_robots_primary_cat":"none","_seopress_titles_title":"","_seopress_titles_desc":"","_seopress_robots_index":""},"product_brand":[],"product_cat":[202],"product_tag":[],"woo-feed-brand":[],"class_list":{"0":"post-129996","1":"product","2":"type-product","3":"status-publish","4":"has-post-thumbnail","6":"product_cat-pressing-kits","8":"first","9":"instock","10":"taxable","11":"shipping-taxable","12":"product-type-grouped"},"_links":{"self":[{"href":"https:\/\/shop.moldbrothers.com\/es\/wp-json\/wp\/v2\/product\/129996","targetHints":{"allow":["GET"]}}],"collection":[{"href":"https:\/\/shop.moldbrothers.com\/es\/wp-json\/wp\/v2\/product"}],"about":[{"href":"https:\/\/shop.moldbrothers.com\/es\/wp-json\/wp\/v2\/types\/product"}],"wp:featuredmedia":[{"embeddable":true,"href":"https:\/\/shop.moldbrothers.com\/es\/wp-json\/wp\/v2\/media\/129999"}],"wp:attachment":[{"href":"https:\/\/shop.moldbrothers.com\/es\/wp-json\/wp\/v2\/media?parent=129996"}],"wp:term":[{"taxonomy":"product_brand","embeddable":true,"href":"https:\/\/shop.moldbrothers.com\/es\/wp-json\/wp\/v2\/product_brand?post=129996"},{"taxonomy":"product_cat","embeddable":true,"href":"https:\/\/shop.moldbrothers.com\/es\/wp-json\/wp\/v2\/product_cat?post=129996"},{"taxonomy":"product_tag","embeddable":true,"href":"https:\/\/shop.moldbrothers.com\/es\/wp-json\/wp\/v2\/product_tag?post=129996"},{"taxonomy":"woo-feed-brand","embeddable":true,"href":"https:\/\/shop.moldbrothers.com\/es\/wp-json\/wp\/v2\/woo-feed-brand?post=129996"}],"curies":[{"name":"wp","href":"https:\/\/api.w.org\/{rel}","templated":true}]}}