{"id":125492,"date":"2020-10-05T09:10:53","date_gmt":"2020-10-05T07:10:53","guid":{"rendered":"https:\/\/moldbrothers.nl\/?post_type=product&#038;p=125492"},"modified":"2025-11-18T09:01:53","modified_gmt":"2025-11-18T08:01:53","slug":"juego-de-prensado-de-hojas","status":"publish","type":"product","link":"https:\/\/shop.moldbrothers.com\/es\/producto\/juego-de-prensado-de-hojas\/","title":{"rendered":"Kit de prensado de hojas"},"content":{"rendered":"","protected":false},"excerpt":{"rendered":"<p>Este set de alta calidad incluye una prensa de silicona, un molde de silicona a juego y una plantilla acr\u00edlica con 23 formas. La plantilla est\u00e1 hecha de acr\u00edlico apto para alimentos, perfecto para dar forma limpia y consistente. La prensa est\u00e1 fabricada con silicona alimentaria 100%, resistente al calor, duradera y apta para el uso diario en la cocina.<\/p>\n<p>Esta prensa es compatible con todas las plantillas de\u00a0<a href=\"https:\/\/shop.moldbrothers.com\/es\/producto\/leaf-stencil-case\/\" target=\"_blank\" rel=\"noopener\">Estuche para plantillas de hojas<\/a>,\u00a0<a href=\"https:\/\/shop.moldbrothers.com\/es\/producto\/herb-stencil-case\/\">Estuche para plantillas de hierbas <\/a>y el\u00a0<a href=\"https:\/\/shop.moldbrothers.com\/es\/producto\/plantilla-shiso\/\" target=\"_blank\" rel=\"noopener\">Plantilla Shiso<\/a><\/p>","protected":false},"featured_media":143600,"template":"","meta":{"_seopress_robots_primary_cat":"none","_seopress_titles_title":"","_seopress_titles_desc":"","_seopress_robots_index":""},"product_brand":[],"product_cat":[202],"product_tag":[],"woo-feed-brand":[],"class_list":{"0":"post-125492","1":"product","2":"type-product","3":"status-publish","4":"has-post-thumbnail","6":"product_cat-pressing-kits","8":"first","9":"instock","10":"sale","11":"taxable","12":"shipping-taxable","13":"product-type-grouped"},"_links":{"self":[{"href":"https:\/\/shop.moldbrothers.com\/es\/wp-json\/wp\/v2\/product\/125492","targetHints":{"allow":["GET"]}}],"collection":[{"href":"https:\/\/shop.moldbrothers.com\/es\/wp-json\/wp\/v2\/product"}],"about":[{"href":"https:\/\/shop.moldbrothers.com\/es\/wp-json\/wp\/v2\/types\/product"}],"wp:featuredmedia":[{"embeddable":true,"href":"https:\/\/shop.moldbrothers.com\/es\/wp-json\/wp\/v2\/media\/143600"}],"wp:attachment":[{"href":"https:\/\/shop.moldbrothers.com\/es\/wp-json\/wp\/v2\/media?parent=125492"}],"wp:term":[{"taxonomy":"product_brand","embeddable":true,"href":"https:\/\/shop.moldbrothers.com\/es\/wp-json\/wp\/v2\/product_brand?post=125492"},{"taxonomy":"product_cat","embeddable":true,"href":"https:\/\/shop.moldbrothers.com\/es\/wp-json\/wp\/v2\/product_cat?post=125492"},{"taxonomy":"product_tag","embeddable":true,"href":"https:\/\/shop.moldbrothers.com\/es\/wp-json\/wp\/v2\/product_tag?post=125492"},{"taxonomy":"woo-feed-brand","embeddable":true,"href":"https:\/\/shop.moldbrothers.com\/es\/wp-json\/wp\/v2\/woo-feed-brand?post=125492"}],"curies":[{"name":"wp","href":"https:\/\/api.w.org\/{rel}","templated":true}]}}