{"id":102946,"date":"2022-09-20T12:20:42","date_gmt":"2022-09-20T10:20:42","guid":{"rendered":"https:\/\/moldbrothers.nl\/?post_type=product&#038;p=102946"},"modified":"2026-03-24T16:33:17","modified_gmt":"2026-03-24T15:33:17","slug":"conjunto-de-hojas-de-otono","status":"publish","type":"product","link":"https:\/\/shop.moldbrothers.com\/es\/producto\/conjunto-de-hojas-de-otono\/","title":{"rendered":"Autumn Leafs &#8211; Complete Set"},"content":{"rendered":"","protected":false},"excerpt":{"rendered":"<h2>Conjunto de hojas de oto\u00f1o<\/h2>\n<p>Est\u00e1n de vuelta; nuestra hoja de oto\u00f1o Molds. Los moldes perfectos para hornear tuilles en forma de hoja para mejorar tus platos de oto\u00f1o. Este juego consta de los siguientes moldes de hojas:<br \/>\n- <em>Hoja de endrino Mold<br \/>\n\u2013 Hoja de olmo Mold<br \/>\n\u2013 Hoja de Haya Mold<br \/>\n\u2013 Hoja de roble Mold<br \/>\n\u2013 Hoja de \u00e1lamo Mold<\/em><\/p>\n<p>&nbsp;<\/p>","protected":false},"featured_media":102947,"template":"","meta":{"_seopress_robots_primary_cat":"none","_seopress_titles_title":"","_seopress_titles_desc":"","_seopress_robots_index":""},"product_brand":[],"product_cat":[228,203,231],"product_tag":[],"woo-feed-brand":[],"class_list":{"0":"post-102946","1":"product","2":"type-product","3":"status-publish","4":"has-post-thumbnail","6":"product_cat-2dmolds","7":"product_cat-graphic","8":"product_cat-hidden","10":"first","11":"instock","12":"sale","13":"taxable","14":"shipping-taxable","15":"purchasable","16":"product-type-simple"},"_links":{"self":[{"href":"https:\/\/shop.moldbrothers.com\/es\/wp-json\/wp\/v2\/product\/102946","targetHints":{"allow":["GET"]}}],"collection":[{"href":"https:\/\/shop.moldbrothers.com\/es\/wp-json\/wp\/v2\/product"}],"about":[{"href":"https:\/\/shop.moldbrothers.com\/es\/wp-json\/wp\/v2\/types\/product"}],"wp:featuredmedia":[{"embeddable":true,"href":"https:\/\/shop.moldbrothers.com\/es\/wp-json\/wp\/v2\/media\/102947"}],"wp:attachment":[{"href":"https:\/\/shop.moldbrothers.com\/es\/wp-json\/wp\/v2\/media?parent=102946"}],"wp:term":[{"taxonomy":"product_brand","embeddable":true,"href":"https:\/\/shop.moldbrothers.com\/es\/wp-json\/wp\/v2\/product_brand?post=102946"},{"taxonomy":"product_cat","embeddable":true,"href":"https:\/\/shop.moldbrothers.com\/es\/wp-json\/wp\/v2\/product_cat?post=102946"},{"taxonomy":"product_tag","embeddable":true,"href":"https:\/\/shop.moldbrothers.com\/es\/wp-json\/wp\/v2\/product_tag?post=102946"},{"taxonomy":"woo-feed-brand","embeddable":true,"href":"https:\/\/shop.moldbrothers.com\/es\/wp-json\/wp\/v2\/woo-feed-brand?post=102946"}],"curies":[{"name":"wp","href":"https:\/\/api.w.org\/{rel}","templated":true}]}}