{"id":95251,"date":"2023-04-25T18:18:46","date_gmt":"2023-04-25T16:18:46","guid":{"rendered":"https:\/\/moldbrothers.nl\/?page_id=95251"},"modified":"2023-11-02T07:34:46","modified_gmt":"2023-11-02T06:34:46","slug":"warranty-returns","status":"publish","type":"page","link":"https:\/\/shop.moldbrothers.com\/es\/warranty-returns\/","title":{"rendered":"Garant\u00eda y devoluciones"},"content":{"rendered":"<h1>Garant\u00eda y devoluciones<\/h1>\n<p>Queremos que quedes completamente satisfecho con tu compra, por eso ofrecemos la siguiente pol\u00edtica de garant\u00eda y devoluciones.<\/p>\n<p><strong>Garant\u00eda<\/strong>:<br \/>\nMoldBrothers ofrece una garant\u00eda para todos los productos adquiridos directamente en nuestro sitio web o por encargo. Nuestra garant\u00eda cubre los defectos de materiales y mano de obra durante un per\u00edodo de dos a\u00f1os a partir de la fecha de compra. Si tiene alg\u00fan problema con su producto MoldBrothers durante este periodo, p\u00f3ngase en contacto con nosotros inmediatamente y facil\u00edtenos el comprobante de compra. Trabajaremos con usted para resolver el problema lo antes posible.<\/p>\n<p>Tenga en cuenta que nuestra garant\u00eda no cubre da\u00f1os causados por uso o cuidado inadecuados, da\u00f1os accidentales o desgaste normal. Tambi\u00e9n nos reservamos el derecho de determinar si un producto est\u00e1 cubierto por la garant\u00eda o no.<\/p>\n<p><strong>Devoluciones:<br \/>\n<\/strong>Si por alg\u00fan motivo no est\u00e1 satisfecho con su producto MoldBrothers, puede devolverlo dentro de los 14 d\u00edas posteriores a su recepci\u00f3n para obtener un reembolso completo o un cambio. Comun\u00edquese con nosotros en info@moldbrothers.nl para iniciar el proceso de devoluci\u00f3n.<\/p>\n<p>Para ser elegible para una devoluci\u00f3n, el producto debe estar en su estado original, sin usar e incluir todos los embalajes y accesorios originales. Una vez que recibamos su art\u00edculo devuelto, lo inspeccionaremos para asegurarnos de que cumpla con nuestros criterios de devoluci\u00f3n. Si se aprueba, su reembolso se procesar\u00e1 dentro de los 14 d\u00edas.<\/p>\n<p>MoldBrothers cubrir\u00e1 el costo de env\u00edo de devoluci\u00f3n para clientes dentro de la UE. Los clientes fuera de la UE ser\u00e1n responsables de sus propios costos de env\u00edo de devoluci\u00f3n. Tambi\u00e9n nos reservamos el derecho de rechazar devoluciones que no cumplan con nuestros criterios de devoluci\u00f3n.<\/p>\n<p><strong>Aviso Legal:<\/strong><br \/>\nTodos los reclamos de garant\u00eda y devoluciones est\u00e1n sujetos a las leyes holandesas y europeas. Cualquier disputa entre MoldBrothers y nuestros clientes se resolver\u00e1 de acuerdo con las leyes holandesas y europeas.<\/p>\n<p>Si tiene alguna pregunta o inquietud sobre nuestra garant\u00eda y pol\u00edtica de devoluciones, no dude en contactarnos. Valoramos su negocio y estamos comprometidos a brindarle el mejor servicio posible.<\/p>","protected":false},"excerpt":{"rendered":"<p>Garant\u00eda y devoluciones Queremos que est\u00e9 completamente satisfecho con su compra, por eso le ofrecemos la siguiente garant\u00eda y pol\u00edtica de devoluciones. Garant\u00eda: MoldBrothers ofrece una garant\u00eda para todos los productos adquiridos directamente en nuestro sitio web o por encargo. Nuestra garant\u00eda cubre defectos en materiales y mano de obra durante un per\u00edodo de dos a\u00f1os [...]<\/p>","protected":false},"author":5738,"featured_media":0,"parent":0,"menu_order":0,"comment_status":"closed","ping_status":"closed","template":"","meta":{"_seopress_robots_primary_cat":"","_seopress_titles_title":"%%post_title%% %%sep%% %%sitetitle%%","_seopress_titles_desc":"","_seopress_robots_index":"","footnotes":""},"class_list":["post-95251","page","type-page","status-publish","hentry"],"_links":{"self":[{"href":"https:\/\/shop.moldbrothers.com\/es\/wp-json\/wp\/v2\/pages\/95251","targetHints":{"allow":["GET"]}}],"collection":[{"href":"https:\/\/shop.moldbrothers.com\/es\/wp-json\/wp\/v2\/pages"}],"about":[{"href":"https:\/\/shop.moldbrothers.com\/es\/wp-json\/wp\/v2\/types\/page"}],"author":[{"embeddable":true,"href":"https:\/\/shop.moldbrothers.com\/es\/wp-json\/wp\/v2\/users\/5738"}],"replies":[{"embeddable":true,"href":"https:\/\/shop.moldbrothers.com\/es\/wp-json\/wp\/v2\/comments?post=95251"}],"version-history":[{"count":2,"href":"https:\/\/shop.moldbrothers.com\/es\/wp-json\/wp\/v2\/pages\/95251\/revisions"}],"predecessor-version":[{"id":152840,"href":"https:\/\/shop.moldbrothers.com\/es\/wp-json\/wp\/v2\/pages\/95251\/revisions\/152840"}],"wp:attachment":[{"href":"https:\/\/shop.moldbrothers.com\/es\/wp-json\/wp\/v2\/media?parent=95251"}],"curies":[{"name":"wp","href":"https:\/\/api.w.org\/{rel}","templated":true}]}}