{"id":142139,"date":"2023-04-25T18:29:10","date_gmt":"2023-04-25T16:29:10","guid":{"rendered":"https:\/\/shop.moldbrothers.com\/?page_id=142139"},"modified":"2023-11-02T08:41:59","modified_gmt":"2023-11-02T07:41:59","slug":"delivery","status":"publish","type":"page","link":"https:\/\/shop.moldbrothers.com\/es\/delivery\/","title":{"rendered":"Entrega"},"content":{"rendered":"<h1>Producci\u00f3n y expedici\u00f3n<\/h1>\n<p class=\"mt-4 mb-4\">Todos nuestros productos se fabrican a mano por encargo. Por lo tanto, es posible que experimente un peque\u00f1o retraso durante las horas punta. *Producimos todo bajo pedido, por lo que el tiempo de espera en producci\u00f3n puede variar.<\/p>\n<p><strong>Plazos de env\u00edo:<\/strong><br \/>\nNL\/BE (1-2 d\u00edas laborables),<br \/>\nDE (1-2 d\u00edas laborables),<br \/>\nEuropa (2 d\u00edas laborables),<br \/>\nEn todo el mundo (3-5 d\u00edas laborables).<\/p>\n<p>Gracias por su paciencia.<\/p>","protected":false},"excerpt":{"rendered":"<p>Producci\u00f3n y env\u00edo Todos nuestros productos se fabrican a mano por encargo. Por lo tanto, es posible que experimente un peque\u00f1o retraso durante las horas punta. *Producimos todo bajo pedido, por lo que el tiempo de espera en la producci\u00f3n puede variar. Tiempos de env\u00edo: NL\/BE (1-2 d\u00edas laborables), DE (1-2 d\u00edas laborables), Europa (2 d\u00edas laborables), Todo el mundo (3-5 d\u00edas laborables). Gracias por [...]<\/p>","protected":false},"author":5738,"featured_media":0,"parent":0,"menu_order":0,"comment_status":"closed","ping_status":"closed","template":"","meta":{"_seopress_robots_primary_cat":"","_seopress_titles_title":"%%post_title%% %%sep%% %%sitetitle%%","_seopress_titles_desc":"","_seopress_robots_index":"","footnotes":""},"class_list":["post-142139","page","type-page","status-publish","hentry"],"_links":{"self":[{"href":"https:\/\/shop.moldbrothers.com\/es\/wp-json\/wp\/v2\/pages\/142139","targetHints":{"allow":["GET"]}}],"collection":[{"href":"https:\/\/shop.moldbrothers.com\/es\/wp-json\/wp\/v2\/pages"}],"about":[{"href":"https:\/\/shop.moldbrothers.com\/es\/wp-json\/wp\/v2\/types\/page"}],"author":[{"embeddable":true,"href":"https:\/\/shop.moldbrothers.com\/es\/wp-json\/wp\/v2\/users\/5738"}],"replies":[{"embeddable":true,"href":"https:\/\/shop.moldbrothers.com\/es\/wp-json\/wp\/v2\/comments?post=142139"}],"version-history":[{"count":9,"href":"https:\/\/shop.moldbrothers.com\/es\/wp-json\/wp\/v2\/pages\/142139\/revisions"}],"predecessor-version":[{"id":152851,"href":"https:\/\/shop.moldbrothers.com\/es\/wp-json\/wp\/v2\/pages\/142139\/revisions\/152851"}],"wp:attachment":[{"href":"https:\/\/shop.moldbrothers.com\/es\/wp-json\/wp\/v2\/media?parent=142139"}],"curies":[{"name":"wp","href":"https:\/\/api.w.org\/{rel}","templated":true}]}}