{"id":74927,"date":"2020-08-11T09:49:44","date_gmt":"2020-08-11T07:49:44","guid":{"rendered":"https:\/\/moldbrothers.nl\/?post_type=product&#038;p=74927"},"modified":"2026-03-25T08:41:50","modified_gmt":"2026-03-25T07:41:50","slug":"honiggitterform","status":"publish","type":"product","link":"https:\/\/shop.moldbrothers.com\/de\/produkt\/honiggitterform\/","title":{"rendered":"Honiggitter Mold"},"content":{"rendered":"","protected":false},"excerpt":{"rendered":"<p><strong>Ein MoldBrothers-Klassiker<\/strong>- Diese Pr\u00e4zisionsform aus lebensmittelechtem Silikon 100% ist bis zu 200 \u00b0C hitzebest\u00e4ndig und zeichnet sich durch ein Honig-Gittermuster aus, das f\u00fcr eine gleichm\u00e4\u00dfige Form und scharfe Details beim Backen von Torten sorgt.<\/p>","protected":false},"featured_media":183596,"template":"","meta":{"_seopress_robots_primary_cat":"none","_seopress_titles_title":"","_seopress_titles_desc":"","_seopress_robots_index":""},"product_brand":[],"product_cat":[228,1278],"product_tag":[567,1277,571,494,495,558,519],"woo-feed-brand":[],"class_list":{"0":"post-74927","1":"product","2":"type-product","3":"status-publish","4":"has-post-thumbnail","6":"product_cat-2dmolds","7":"product_cat-grid-ring","8":"product_tag-bee","9":"product_tag-honeygrid","10":"product_tag-lente","11":"product_tag-spring","12":"product_tag-tuile","13":"product_tag-tuille","14":"product_tag-tuille-forme","16":"first","17":"instock","18":"sale","19":"taxable","20":"shipping-taxable","21":"product-type-grouped"},"_links":{"self":[{"href":"https:\/\/shop.moldbrothers.com\/de\/wp-json\/wp\/v2\/product\/74927","targetHints":{"allow":["GET"]}}],"collection":[{"href":"https:\/\/shop.moldbrothers.com\/de\/wp-json\/wp\/v2\/product"}],"about":[{"href":"https:\/\/shop.moldbrothers.com\/de\/wp-json\/wp\/v2\/types\/product"}],"wp:featuredmedia":[{"embeddable":true,"href":"https:\/\/shop.moldbrothers.com\/de\/wp-json\/wp\/v2\/media\/183596"}],"wp:attachment":[{"href":"https:\/\/shop.moldbrothers.com\/de\/wp-json\/wp\/v2\/media?parent=74927"}],"wp:term":[{"taxonomy":"product_brand","embeddable":true,"href":"https:\/\/shop.moldbrothers.com\/de\/wp-json\/wp\/v2\/product_brand?post=74927"},{"taxonomy":"product_cat","embeddable":true,"href":"https:\/\/shop.moldbrothers.com\/de\/wp-json\/wp\/v2\/product_cat?post=74927"},{"taxonomy":"product_tag","embeddable":true,"href":"https:\/\/shop.moldbrothers.com\/de\/wp-json\/wp\/v2\/product_tag?post=74927"},{"taxonomy":"woo-feed-brand","embeddable":true,"href":"https:\/\/shop.moldbrothers.com\/de\/wp-json\/wp\/v2\/woo-feed-brand?post=74927"}],"curies":[{"name":"wp","href":"https:\/\/api.w.org\/{rel}","templated":true}]}}