{"id":74596,"date":"2020-02-03T16:52:36","date_gmt":"2020-02-03T15:52:36","guid":{"rendered":"https:\/\/moldbrothers.nl\/?post_type=product&#038;p=74596"},"modified":"2026-01-07T11:52:22","modified_gmt":"2026-01-07T10:52:22","slug":"sakura-schablone","status":"publish","type":"product","link":"https:\/\/shop.moldbrothers.com\/de\/produkt\/sakura-schablone\/","title":{"rendered":"Sakura-Schablone"},"content":{"rendered":"","protected":false},"excerpt":{"rendered":"<p>Die Schablone in Sakura-Form aus 1 mm dickem Polystyrol eignet sich perfekt f\u00fcr die Gestaltung von zarten Tuilles, Isomalt-Bl\u00fcten oder leichten Baiser-Details und verleiht sowohl s\u00fc\u00dfen als auch herzhaften Tellern einen floralen Touch. <strong>Nicht<\/strong> sp\u00fclmaschinenfest - mit lauwarmem Wasser (40\u00b0C) absp\u00fclen und keine Reinigungsmittel verwenden.<\/p>","protected":false},"featured_media":143401,"template":"","meta":{"_seopress_robots_primary_cat":"none","_seopress_titles_title":"","_seopress_titles_desc":"","_seopress_robots_index":""},"product_brand":[],"product_cat":[170,198],"product_tag":[],"woo-feed-brand":[],"class_list":{"0":"post-74596","1":"product","2":"type-product","3":"status-publish","4":"has-post-thumbnail","6":"product_cat-stencils","7":"product_cat-a3-stencils","9":"first","10":"instock","11":"taxable","12":"shipping-taxable","13":"purchasable","14":"product-type-simple"},"_links":{"self":[{"href":"https:\/\/shop.moldbrothers.com\/de\/wp-json\/wp\/v2\/product\/74596","targetHints":{"allow":["GET"]}}],"collection":[{"href":"https:\/\/shop.moldbrothers.com\/de\/wp-json\/wp\/v2\/product"}],"about":[{"href":"https:\/\/shop.moldbrothers.com\/de\/wp-json\/wp\/v2\/types\/product"}],"wp:featuredmedia":[{"embeddable":true,"href":"https:\/\/shop.moldbrothers.com\/de\/wp-json\/wp\/v2\/media\/143401"}],"wp:attachment":[{"href":"https:\/\/shop.moldbrothers.com\/de\/wp-json\/wp\/v2\/media?parent=74596"}],"wp:term":[{"taxonomy":"product_brand","embeddable":true,"href":"https:\/\/shop.moldbrothers.com\/de\/wp-json\/wp\/v2\/product_brand?post=74596"},{"taxonomy":"product_cat","embeddable":true,"href":"https:\/\/shop.moldbrothers.com\/de\/wp-json\/wp\/v2\/product_cat?post=74596"},{"taxonomy":"product_tag","embeddable":true,"href":"https:\/\/shop.moldbrothers.com\/de\/wp-json\/wp\/v2\/product_tag?post=74596"},{"taxonomy":"woo-feed-brand","embeddable":true,"href":"https:\/\/shop.moldbrothers.com\/de\/wp-json\/wp\/v2\/woo-feed-brand?post=74596"}],"curies":[{"name":"wp","href":"https:\/\/api.w.org\/{rel}","templated":true}]}}