{"id":74160,"date":"2019-09-24T11:10:05","date_gmt":"2019-09-24T09:10:05","guid":{"rendered":"https:\/\/moldbrothers.nl\/?post_type=product&#038;p=74160"},"modified":"2026-03-24T16:32:51","modified_gmt":"2026-03-24T15:32:51","slug":"ringform-10-cm","status":"publish","type":"product","link":"https:\/\/shop.moldbrothers.com\/de\/produkt\/ringform-10-cm\/","title":{"rendered":"Ring Mold 10 cm"},"content":{"rendered":"","protected":false},"excerpt":{"rendered":"<p>Vor einem Ring befindet sich ein hochqualitatives Silikon. Das Mal, was 4 Mal ben\u00f6tigt wird, ist 100% in Lebensmittelqualit\u00e4t. Es hat einen Durchmesser von 10 cm und eine H\u00f6he von 1,6 cm. Verder heeft elke vorm een inhoud van 50 ml.<\/p>\n<p>Diese Temperatur kann zwischen -40 \u00b0C und +200 \u00b0C liegen. De mal is dus geschikt voor zowel de (shock)vriezer as de oven.<\/p>","protected":false},"featured_media":152699,"template":"","meta":{"_seopress_robots_primary_cat":"none","_seopress_titles_title":"","_seopress_titles_desc":"","_seopress_robots_index":""},"product_brand":[],"product_cat":[159,193,231],"product_tag":[],"woo-feed-brand":[],"class_list":{"0":"post-74160","1":"product","2":"type-product","3":"status-publish","4":"has-post-thumbnail","6":"product_cat-3dmolds","7":"product_cat-essentials","8":"product_cat-hidden","10":"first","11":"instock","12":"taxable","13":"shipping-taxable","14":"purchasable","15":"product-type-simple"},"_links":{"self":[{"href":"https:\/\/shop.moldbrothers.com\/de\/wp-json\/wp\/v2\/product\/74160","targetHints":{"allow":["GET"]}}],"collection":[{"href":"https:\/\/shop.moldbrothers.com\/de\/wp-json\/wp\/v2\/product"}],"about":[{"href":"https:\/\/shop.moldbrothers.com\/de\/wp-json\/wp\/v2\/types\/product"}],"wp:featuredmedia":[{"embeddable":true,"href":"https:\/\/shop.moldbrothers.com\/de\/wp-json\/wp\/v2\/media\/152699"}],"wp:attachment":[{"href":"https:\/\/shop.moldbrothers.com\/de\/wp-json\/wp\/v2\/media?parent=74160"}],"wp:term":[{"taxonomy":"product_brand","embeddable":true,"href":"https:\/\/shop.moldbrothers.com\/de\/wp-json\/wp\/v2\/product_brand?post=74160"},{"taxonomy":"product_cat","embeddable":true,"href":"https:\/\/shop.moldbrothers.com\/de\/wp-json\/wp\/v2\/product_cat?post=74160"},{"taxonomy":"product_tag","embeddable":true,"href":"https:\/\/shop.moldbrothers.com\/de\/wp-json\/wp\/v2\/product_tag?post=74160"},{"taxonomy":"woo-feed-brand","embeddable":true,"href":"https:\/\/shop.moldbrothers.com\/de\/wp-json\/wp\/v2\/woo-feed-brand?post=74160"}],"curies":[{"name":"wp","href":"https:\/\/api.w.org\/{rel}","templated":true}]}}