{"id":73530,"date":"2019-02-11T21:59:44","date_gmt":"2019-02-11T20:59:44","guid":{"rendered":"https:\/\/moldbrothers.nl\/?post_type=product&#038;p=73530"},"modified":"2026-03-24T16:32:41","modified_gmt":"2026-03-24T15:32:41","slug":"kreisschablone-klein","status":"publish","type":"product","link":"https:\/\/shop.moldbrothers.com\/de\/produkt\/kreisschablone-klein\/","title":{"rendered":"Kreisschablone 2,5 cm"},"content":{"rendered":"","protected":false},"excerpt":{"rendered":"<p>Diese Kreisschablone Small besteht aus 1 mm dickem Polystyrol und kann zum Auftragen von d\u00fcnnen Tuilles, z. B. Isomalt oder Baiser, verwendet werden.<\/p>\n<p>Die Schablone ist\u00a0<strong>nicht<\/strong>\u00a0sp\u00fclmaschinenfest. Wir empfehlen, die Schablone mit lauwarmem Wasser (40\u00b0C) ohne Verwendung von Reinigungsmitteln abzusp\u00fclen.<\/p>\n<p><strong>Schablonengr\u00f6\u00dfe: 42 cm x 29,7 cm<br \/>\n<\/strong><strong>Gr\u00f6\u00dfe Form: 2,5 \u00d8 cm<\/strong><strong><br \/>\nAnzahl Formen: 67 Stk.<br \/>\nGewicht: 50 Gramm<\/strong><\/p>","protected":false},"featured_media":99075,"template":"","meta":{"_seopress_robots_primary_cat":"none","_seopress_titles_title":"","_seopress_titles_desc":"","_seopress_robots_index":""},"product_brand":[],"product_cat":[170,198,231],"product_tag":[],"woo-feed-brand":[],"class_list":{"0":"post-73530","1":"product","2":"type-product","3":"status-publish","4":"has-post-thumbnail","6":"product_cat-stencils","7":"product_cat-a3-stencils","8":"product_cat-hidden","10":"first","11":"instock","12":"taxable","13":"shipping-taxable","14":"purchasable","15":"product-type-simple"},"_links":{"self":[{"href":"https:\/\/shop.moldbrothers.com\/de\/wp-json\/wp\/v2\/product\/73530","targetHints":{"allow":["GET"]}}],"collection":[{"href":"https:\/\/shop.moldbrothers.com\/de\/wp-json\/wp\/v2\/product"}],"about":[{"href":"https:\/\/shop.moldbrothers.com\/de\/wp-json\/wp\/v2\/types\/product"}],"wp:featuredmedia":[{"embeddable":true,"href":"https:\/\/shop.moldbrothers.com\/de\/wp-json\/wp\/v2\/media\/99075"}],"wp:attachment":[{"href":"https:\/\/shop.moldbrothers.com\/de\/wp-json\/wp\/v2\/media?parent=73530"}],"wp:term":[{"taxonomy":"product_brand","embeddable":true,"href":"https:\/\/shop.moldbrothers.com\/de\/wp-json\/wp\/v2\/product_brand?post=73530"},{"taxonomy":"product_cat","embeddable":true,"href":"https:\/\/shop.moldbrothers.com\/de\/wp-json\/wp\/v2\/product_cat?post=73530"},{"taxonomy":"product_tag","embeddable":true,"href":"https:\/\/shop.moldbrothers.com\/de\/wp-json\/wp\/v2\/product_tag?post=73530"},{"taxonomy":"woo-feed-brand","embeddable":true,"href":"https:\/\/shop.moldbrothers.com\/de\/wp-json\/wp\/v2\/woo-feed-brand?post=73530"}],"curies":[{"name":"wp","href":"https:\/\/api.w.org\/{rel}","templated":true}]}}