{"id":203314,"date":"2026-05-05T11:01:00","date_gmt":"2026-05-05T09:01:00","guid":{"rendered":"https:\/\/shop.moldbrothers.com\/?post_type=product&#038;p=203314"},"modified":"2026-05-05T13:41:59","modified_gmt":"2026-05-05T11:41:59","slug":"cone-h100","status":"publish","type":"product","link":"https:\/\/shop.moldbrothers.com\/de\/produkt\/cone-h100\/","title":{"rendered":"Kegel H100"},"content":{"rendered":"<p><\/p>\n\n\n\n<p><\/p>","protected":false},"excerpt":{"rendered":"<p>Verwenden Sie unsere Cone-Serie f\u00fcr Ihre Einzelportionen. Die Ablagefl\u00e4che passt in den Kegel und liegt auf gleicher H\u00f6he mit der Oberseite des Sockels. Nehmen Sie sie heraus, um die Aussparung direkt zu nutzen, die sich f\u00fcr ein K\u00f6rner- oder Salzbett unter Ihrer Zubereitung eignet. Kombinieren Sie den Tisch mit den Modellen H32 und H66, um verschiedene H\u00f6hen zu erhalten.<\/p>\n<p><strong>Die Produkte werden ab Mitte Juni ausgeliefert.<\/strong><\/p>","protected":false},"featured_media":203179,"template":"","meta":{"_seopress_robots_primary_cat":"none","_seopress_titles_title":"S\u014dkkel | Volume 1 | Cone H100 | MoldBrothers","_seopress_titles_desc":"Use our Cone Series for your single-servings. The surface fits inside the cone, sitting level with the top of the base.","_seopress_robots_index":""},"product_brand":[],"product_cat":[238],"product_tag":[],"woo-feed-brand":[],"class_list":{"0":"post-203314","1":"product","2":"type-product","3":"status-publish","4":"has-post-thumbnail","6":"product_cat-sokkel","8":"first","9":"instock","10":"taxable","11":"shipping-taxable","12":"purchasable","13":"product-type-variable"},"_links":{"self":[{"href":"https:\/\/shop.moldbrothers.com\/de\/wp-json\/wp\/v2\/product\/203314","targetHints":{"allow":["GET"]}}],"collection":[{"href":"https:\/\/shop.moldbrothers.com\/de\/wp-json\/wp\/v2\/product"}],"about":[{"href":"https:\/\/shop.moldbrothers.com\/de\/wp-json\/wp\/v2\/types\/product"}],"wp:featuredmedia":[{"embeddable":true,"href":"https:\/\/shop.moldbrothers.com\/de\/wp-json\/wp\/v2\/media\/203179"}],"wp:attachment":[{"href":"https:\/\/shop.moldbrothers.com\/de\/wp-json\/wp\/v2\/media?parent=203314"}],"wp:term":[{"taxonomy":"product_brand","embeddable":true,"href":"https:\/\/shop.moldbrothers.com\/de\/wp-json\/wp\/v2\/product_brand?post=203314"},{"taxonomy":"product_cat","embeddable":true,"href":"https:\/\/shop.moldbrothers.com\/de\/wp-json\/wp\/v2\/product_cat?post=203314"},{"taxonomy":"product_tag","embeddable":true,"href":"https:\/\/shop.moldbrothers.com\/de\/wp-json\/wp\/v2\/product_tag?post=203314"},{"taxonomy":"woo-feed-brand","embeddable":true,"href":"https:\/\/shop.moldbrothers.com\/de\/wp-json\/wp\/v2\/woo-feed-brand?post=203314"}],"curies":[{"name":"wp","href":"https:\/\/api.w.org\/{rel}","templated":true}]}}