{"id":200815,"date":"2026-03-16T13:21:55","date_gmt":"2026-03-16T12:21:55","guid":{"rendered":"https:\/\/shop.moldbrothers.com\/?post_type=product&#038;p=200815"},"modified":"2026-03-31T14:35:20","modified_gmt":"2026-03-31T12:35:20","slug":"realistic-oyster-pie-tee","status":"publish","type":"product","link":"https:\/\/shop.moldbrothers.com\/de\/produkt\/realistic-oyster-pie-tee\/","title":{"rendered":"Realistisches Austern Tortenst\u00fcck"},"content":{"rendered":"","protected":false},"excerpt":{"rendered":"<p>Unser kultiger Aluminiumstempel in Form einer realistischen Auster, der leichte und knusprige Austernschalen erzeugt. Er wird in den Niederlanden aus lebensmittelechtem Aluminium hergestellt. Der gebogene Griff erm\u00f6glicht es dem Stempel, sich auszuruhen und zu trocknen, w\u00e4hrend er beim Frittieren bequem in der Hand bleibt.<\/p>\n<p>F\u00fcr eine schnellere Produktion k\u00f6nnen Sie mit dem optionalen Korb f\u00fcnf Pie Tee-Austernschalen auf einmal braten. So lassen sich viele Muscheln gleichzeitig mit gleichbleibenden Ergebnissen herstellen.<\/p>","protected":false},"featured_media":200857,"template":"","meta":{"_seopress_robots_primary_cat":"none","_seopress_titles_title":"Realistic Oyster Pie Tee | Handle or Basket | MoldBrothers","_seopress_titles_desc":"This highly detailed oyster stamp allows you to create realistic fried oyster shells with ease. Simply dip the stamp in batter and fry to form a light, crispy shell with the characteristic oyster texture.","_seopress_robots_index":""},"product_brand":[],"product_cat":[362],"product_tag":[1504,507,1027,508,523,602,766,1023,912,1022,497,524,1026,1025,595,1018,1028,599,676,1019,1020,1505,639,498,1024,596,757,1021,598,597],"woo-feed-brand":[],"class_list":{"0":"post-200815","1":"product","2":"type-product","3":"status-publish","4":"has-post-thumbnail","6":"product_cat-bunuelos-pie-tee","7":"product_tag-basket","8":"product_tag-batter","9":"product_tag-beignets","10":"product_tag-beslag","11":"product_tag-bloem","12":"product_tag-bunuelos","13":"product_tag-coral","14":"product_tag-crisp","15":"product_tag-croustade","16":"product_tag-crust","17":"product_tag-fish","18":"product_tag-flower","19":"product_tag-fried","20":"product_tag-fritters","21":"product_tag-fry","22":"product_tag-iron","23":"product_tag-mussel","24":"product_tag-oil","25":"product_tag-oyster","26":"product_tag-pee-tee","27":"product_tag-pie","28":"product_tag-pie-tee-basket","29":"product_tag-rosette","30":"product_tag-sea","31":"product_tag-shell","32":"product_tag-stamp","33":"product_tag-tart","34":"product_tag-tie","35":"product_tag-tool","36":"product_tag-tools","38":"first","39":"instock","40":"sale","41":"taxable","42":"shipping-taxable","43":"product-type-grouped"},"_links":{"self":[{"href":"https:\/\/shop.moldbrothers.com\/de\/wp-json\/wp\/v2\/product\/200815","targetHints":{"allow":["GET"]}}],"collection":[{"href":"https:\/\/shop.moldbrothers.com\/de\/wp-json\/wp\/v2\/product"}],"about":[{"href":"https:\/\/shop.moldbrothers.com\/de\/wp-json\/wp\/v2\/types\/product"}],"wp:featuredmedia":[{"embeddable":true,"href":"https:\/\/shop.moldbrothers.com\/de\/wp-json\/wp\/v2\/media\/200857"}],"wp:attachment":[{"href":"https:\/\/shop.moldbrothers.com\/de\/wp-json\/wp\/v2\/media?parent=200815"}],"wp:term":[{"taxonomy":"product_brand","embeddable":true,"href":"https:\/\/shop.moldbrothers.com\/de\/wp-json\/wp\/v2\/product_brand?post=200815"},{"taxonomy":"product_cat","embeddable":true,"href":"https:\/\/shop.moldbrothers.com\/de\/wp-json\/wp\/v2\/product_cat?post=200815"},{"taxonomy":"product_tag","embeddable":true,"href":"https:\/\/shop.moldbrothers.com\/de\/wp-json\/wp\/v2\/product_tag?post=200815"},{"taxonomy":"woo-feed-brand","embeddable":true,"href":"https:\/\/shop.moldbrothers.com\/de\/wp-json\/wp\/v2\/woo-feed-brand?post=200815"}],"curies":[{"name":"wp","href":"https:\/\/api.w.org\/{rel}","templated":true}]}}