{"id":200034,"date":"2026-03-31T14:14:41","date_gmt":"2026-03-31T12:14:41","guid":{"rendered":"https:\/\/shop.moldbrothers.com\/?post_type=product&#038;p=200034"},"modified":"2026-04-20T10:58:26","modified_gmt":"2026-04-20T08:58:26","slug":"dune-pressing-kit","status":"publish","type":"product","link":"https:\/\/shop.moldbrothers.com\/de\/produkt\/dune-pressing-kit\/","title":{"rendered":"D\u00fcnenpressen Mold"},"content":{"rendered":"","protected":false},"excerpt":{"rendered":"<p>Eine hochwertige Silikon-Pressform zur Herstellung von Chips, die von D\u00fcnen oder dem Meer inspiriert sind. Die Form hat eine Pressfl\u00e4che von 10 \u00d7 10 cm, mit der Sie Chips in Quadraten, Kreisen oder anderen Formen herstellen k\u00f6nnen. <a href=\"https:\/\/shop.moldbrothers.com\/de\/produktkategorie\/vorlagen\/\" target=\"_blank\" rel=\"noopener\">Schablonen<\/a>.<\/p>\n<p>Diese Form ist aus SolidSil, unserer steiferen Silikonformulierung, hergestellt. Sie verbessert die \u00dcbertragung von Details und erfordert weniger Druck bei der Verwendung. Vollst\u00e4ndig lebensmittelecht und geeignet f\u00fcr Temperaturen von -40\u00b0C bis +200\u00b0C.<\/p>","protected":false},"featured_media":201785,"template":"","meta":{"_seopress_robots_primary_cat":"none","_seopress_titles_title":"Dune Pressing Kit | SolidSil | MoldBrothers","_seopress_titles_desc":"A high-quality silicone pressing mold to shape dunes. The mold features a single square shape that can be cut into squares, circles, or quadrilaterals.\u00a0","_seopress_robots_index":""},"product_brand":[],"product_cat":[184],"product_tag":[],"woo-feed-brand":[],"class_list":{"0":"post-200034","1":"product","2":"type-product","3":"status-publish","4":"has-post-thumbnail","6":"product_cat-highlighted-products","8":"first","9":"instock","10":"taxable","11":"shipping-taxable","12":"purchasable","13":"product-type-simple"},"_links":{"self":[{"href":"https:\/\/shop.moldbrothers.com\/de\/wp-json\/wp\/v2\/product\/200034","targetHints":{"allow":["GET"]}}],"collection":[{"href":"https:\/\/shop.moldbrothers.com\/de\/wp-json\/wp\/v2\/product"}],"about":[{"href":"https:\/\/shop.moldbrothers.com\/de\/wp-json\/wp\/v2\/types\/product"}],"wp:featuredmedia":[{"embeddable":true,"href":"https:\/\/shop.moldbrothers.com\/de\/wp-json\/wp\/v2\/media\/201785"}],"wp:attachment":[{"href":"https:\/\/shop.moldbrothers.com\/de\/wp-json\/wp\/v2\/media?parent=200034"}],"wp:term":[{"taxonomy":"product_brand","embeddable":true,"href":"https:\/\/shop.moldbrothers.com\/de\/wp-json\/wp\/v2\/product_brand?post=200034"},{"taxonomy":"product_cat","embeddable":true,"href":"https:\/\/shop.moldbrothers.com\/de\/wp-json\/wp\/v2\/product_cat?post=200034"},{"taxonomy":"product_tag","embeddable":true,"href":"https:\/\/shop.moldbrothers.com\/de\/wp-json\/wp\/v2\/product_tag?post=200034"},{"taxonomy":"woo-feed-brand","embeddable":true,"href":"https:\/\/shop.moldbrothers.com\/de\/wp-json\/wp\/v2\/woo-feed-brand?post=200034"}],"curies":[{"name":"wp","href":"https:\/\/api.w.org\/{rel}","templated":true}]}}