{"id":199143,"date":"2026-02-18T16:27:40","date_gmt":"2026-02-18T15:27:40","guid":{"rendered":"https:\/\/shop.moldbrothers.com\/?post_type=product&#038;p=199143"},"modified":"2026-03-03T11:09:33","modified_gmt":"2026-03-03T10:09:33","slug":"swirl-mold-large","status":"publish","type":"product","link":"https:\/\/shop.moldbrothers.com\/de\/produkt\/swirl-mold-large\/","title":{"rendered":"Swirll Mold Gro\u00df"},"content":{"rendered":"","protected":false},"excerpt":{"rendered":"<p>Eine hochwertige Silikonform in Form einer gerippten Spirale mit Paspel. Diese Form hat f\u00fcnf Hohlr\u00e4ume, l\u00e4sst sich leicht entformen und ist aus lebensmittelechtem Silikon 100% hergestellt.<\/p>\n<p>Es h\u00e4lt Temperaturen von -40\u00b0C bis +200\u00b0C stand und ist damit sowohl f\u00fcr den Einsatz in Schockfrostern als auch in \u00d6fen geeignet.<\/p>","protected":false},"featured_media":199505,"template":"","meta":{"_seopress_robots_primary_cat":"none","_seopress_titles_title":"Plate desserts with the Swirll Mold Large | 3D Molds | MoldBrothers","_seopress_titles_desc":"Discover the Swirll Mold Small, a rotating, abstract design perfect for plated desserts. Also available in a small version for shaping butter.","_seopress_robots_index":""},"product_brand":[],"product_cat":[159,229],"product_tag":[656,1307,743],"woo-feed-brand":[],"class_list":{"0":"post-199143","1":"product","2":"type-product","3":"status-publish","4":"has-post-thumbnail","6":"product_cat-3dmolds","7":"product_cat-abstract","8":"product_tag-butter","9":"product_tag-dessert","10":"product_tag-rose","12":"first","13":"instock","14":"taxable","15":"shipping-taxable","16":"purchasable","17":"product-type-simple"},"_links":{"self":[{"href":"https:\/\/shop.moldbrothers.com\/de\/wp-json\/wp\/v2\/product\/199143","targetHints":{"allow":["GET"]}}],"collection":[{"href":"https:\/\/shop.moldbrothers.com\/de\/wp-json\/wp\/v2\/product"}],"about":[{"href":"https:\/\/shop.moldbrothers.com\/de\/wp-json\/wp\/v2\/types\/product"}],"wp:featuredmedia":[{"embeddable":true,"href":"https:\/\/shop.moldbrothers.com\/de\/wp-json\/wp\/v2\/media\/199505"}],"wp:attachment":[{"href":"https:\/\/shop.moldbrothers.com\/de\/wp-json\/wp\/v2\/media?parent=199143"}],"wp:term":[{"taxonomy":"product_brand","embeddable":true,"href":"https:\/\/shop.moldbrothers.com\/de\/wp-json\/wp\/v2\/product_brand?post=199143"},{"taxonomy":"product_cat","embeddable":true,"href":"https:\/\/shop.moldbrothers.com\/de\/wp-json\/wp\/v2\/product_cat?post=199143"},{"taxonomy":"product_tag","embeddable":true,"href":"https:\/\/shop.moldbrothers.com\/de\/wp-json\/wp\/v2\/product_tag?post=199143"},{"taxonomy":"woo-feed-brand","embeddable":true,"href":"https:\/\/shop.moldbrothers.com\/de\/wp-json\/wp\/v2\/woo-feed-brand?post=199143"}],"curies":[{"name":"wp","href":"https:\/\/api.w.org\/{rel}","templated":true}]}}