{"id":199142,"date":"2026-02-18T16:27:41","date_gmt":"2026-02-18T15:27:41","guid":{"rendered":"https:\/\/shop.moldbrothers.com\/?post_type=product&#038;p=199142"},"modified":"2026-03-03T11:09:19","modified_gmt":"2026-03-03T10:09:19","slug":"swirl-mold-small","status":"publish","type":"product","link":"https:\/\/shop.moldbrothers.com\/de\/produkt\/swirl-mold-small\/","title":{"rendered":"Swirll Mold Klein"},"content":{"rendered":"","protected":false},"excerpt":{"rendered":"<p>Eine hochwertige Silikonform in Form einer gerippten Spirale mit Paspel. Diese Form hat f\u00fcnf Hohlr\u00e4ume, l\u00e4sst sich leicht entformen und ist aus lebensmittelechtem Silikon 100% hergestellt.<\/p>\n<p>Es h\u00e4lt Temperaturen von -40\u00b0C bis +200\u00b0C stand und ist damit sowohl f\u00fcr den Einsatz in Schockfrostern als auch in \u00d6fen geeignet.<\/p>","protected":false},"featured_media":199506,"template":"","meta":{"_seopress_robots_primary_cat":"none","_seopress_titles_title":"Shape butter with the Swirll Mold Small | 3D Molds | MoldBrothers","_seopress_titles_desc":"Discover the Swirll Mold Small, a rotating, abstract design perfect for refined butter presentations. Also available in a large version for plated desserts.","_seopress_robots_index":""},"product_brand":[],"product_cat":[159,229],"product_tag":[656,1307,743,849],"woo-feed-brand":[],"class_list":{"0":"post-199142","1":"product","2":"type-product","3":"status-publish","4":"has-post-thumbnail","6":"product_cat-3dmolds","7":"product_cat-abstract","8":"product_tag-butter","9":"product_tag-dessert","10":"product_tag-rose","11":"product_tag-spiral","13":"first","14":"instock","15":"taxable","16":"shipping-taxable","17":"purchasable","18":"product-type-simple"},"_links":{"self":[{"href":"https:\/\/shop.moldbrothers.com\/de\/wp-json\/wp\/v2\/product\/199142","targetHints":{"allow":["GET"]}}],"collection":[{"href":"https:\/\/shop.moldbrothers.com\/de\/wp-json\/wp\/v2\/product"}],"about":[{"href":"https:\/\/shop.moldbrothers.com\/de\/wp-json\/wp\/v2\/types\/product"}],"wp:featuredmedia":[{"embeddable":true,"href":"https:\/\/shop.moldbrothers.com\/de\/wp-json\/wp\/v2\/media\/199506"}],"wp:attachment":[{"href":"https:\/\/shop.moldbrothers.com\/de\/wp-json\/wp\/v2\/media?parent=199142"}],"wp:term":[{"taxonomy":"product_brand","embeddable":true,"href":"https:\/\/shop.moldbrothers.com\/de\/wp-json\/wp\/v2\/product_brand?post=199142"},{"taxonomy":"product_cat","embeddable":true,"href":"https:\/\/shop.moldbrothers.com\/de\/wp-json\/wp\/v2\/product_cat?post=199142"},{"taxonomy":"product_tag","embeddable":true,"href":"https:\/\/shop.moldbrothers.com\/de\/wp-json\/wp\/v2\/product_tag?post=199142"},{"taxonomy":"woo-feed-brand","embeddable":true,"href":"https:\/\/shop.moldbrothers.com\/de\/wp-json\/wp\/v2\/woo-feed-brand?post=199142"}],"curies":[{"name":"wp","href":"https:\/\/api.w.org\/{rel}","templated":true}]}}