{"id":199132,"date":"2026-03-09T13:00:02","date_gmt":"2026-03-09T12:00:02","guid":{"rendered":"https:\/\/shop.moldbrothers.com\/?post_type=product&#038;p=199132"},"modified":"2026-04-08T11:07:40","modified_gmt":"2026-04-08T09:07:40","slug":"oblonge-tartelette-mold","status":"publish","type":"product","link":"https:\/\/shop.moldbrothers.com\/de\/produkt\/oblonge-tartelette-mold\/","title":{"rendered":"Oblonge Tartelette Mold"},"content":{"rendered":"","protected":false},"excerpt":{"rendered":"<p>Diese hochwertige Silikonform ist f\u00fcr die Herstellung von schlanken Tartelettes in Form eines Oblonge gedacht. Sie verf\u00fcgt \u00fcber 6 Formen und ist aus lebensmittelechtem Silikon 100% hergestellt.<\/p>\n<p>Das Silikon ist fester als unsere Standard-Silikonformen und bietet zus\u00e4tzliche Stabilit\u00e4t und eine sch\u00e4rfere Definition der gerippten Details. Die Form ist temperaturbest\u00e4ndig von -40\u00b0C bis +200\u00b0C und damit sowohl f\u00fcr den Einsatz im Schockfroster als auch im Backofen geeignet.<\/p>","protected":false},"featured_media":199568,"template":"","meta":{"_seopress_robots_primary_cat":"none","_seopress_titles_title":"Oblonge Tartelette Mold | Single-Bite | MoldBrothers","_seopress_titles_desc":"Our longest and thinnest Tartelette Mold is made with a stiffer silicone blend. This blend is specifically used for smaller Tartelette Molds and Pressing Kits where precise replication of form and detail is essential.","_seopress_robots_index":""},"product_brand":[],"product_cat":[1497,913],"product_tag":[1285,1502,1503,1501],"woo-feed-brand":[],"class_list":{"0":"post-199132","1":"product","2":"type-product","3":"status-publish","4":"has-post-thumbnail","6":"product_cat-highlights","7":"product_cat-tartelette-molds","8":"product_tag-bite","9":"product_tag-single","10":"product_tag-single-bite-2","11":"product_tag-single-bite","13":"first","14":"instock","15":"taxable","16":"shipping-taxable","17":"purchasable","18":"product-type-simple"},"_links":{"self":[{"href":"https:\/\/shop.moldbrothers.com\/de\/wp-json\/wp\/v2\/product\/199132","targetHints":{"allow":["GET"]}}],"collection":[{"href":"https:\/\/shop.moldbrothers.com\/de\/wp-json\/wp\/v2\/product"}],"about":[{"href":"https:\/\/shop.moldbrothers.com\/de\/wp-json\/wp\/v2\/types\/product"}],"wp:featuredmedia":[{"embeddable":true,"href":"https:\/\/shop.moldbrothers.com\/de\/wp-json\/wp\/v2\/media\/199568"}],"wp:attachment":[{"href":"https:\/\/shop.moldbrothers.com\/de\/wp-json\/wp\/v2\/media?parent=199132"}],"wp:term":[{"taxonomy":"product_brand","embeddable":true,"href":"https:\/\/shop.moldbrothers.com\/de\/wp-json\/wp\/v2\/product_brand?post=199132"},{"taxonomy":"product_cat","embeddable":true,"href":"https:\/\/shop.moldbrothers.com\/de\/wp-json\/wp\/v2\/product_cat?post=199132"},{"taxonomy":"product_tag","embeddable":true,"href":"https:\/\/shop.moldbrothers.com\/de\/wp-json\/wp\/v2\/product_tag?post=199132"},{"taxonomy":"woo-feed-brand","embeddable":true,"href":"https:\/\/shop.moldbrothers.com\/de\/wp-json\/wp\/v2\/woo-feed-brand?post=199132"}],"curies":[{"name":"wp","href":"https:\/\/api.w.org\/{rel}","templated":true}]}}