{"id":198325,"date":"2026-02-03T13:37:41","date_gmt":"2026-02-03T12:37:41","guid":{"rendered":"https:\/\/shop.moldbrothers.com\/?post_type=product&#038;p=198325"},"modified":"2026-02-03T13:58:17","modified_gmt":"2026-02-03T12:58:17","slug":"torsade-mold-large","status":"publish","type":"product","link":"https:\/\/shop.moldbrothers.com\/de\/produkt\/torsade-mold-large\/","title":{"rendered":"Torsade Mold Gro\u00df"},"content":{"rendered":"","protected":false},"excerpt":{"rendered":"<p>Eine hochwertige Silikonform in Form einer gedrehten Torsade. Die Form hat f\u00fcnf identische Formen und ist aus lebensmittelechtem Silikon 100% hergestellt. Diese Form h\u00e4lt Temperaturen von -40\u00b0C bis +200\u00b0C stand und ist somit sowohl f\u00fcr den Einsatz in (Schock-)Gefrierschr\u00e4nken als auch in \u00d6fen geeignet.<\/p>","protected":false},"featured_media":198337,"template":"","meta":{"_seopress_robots_primary_cat":"none","_seopress_titles_title":"","_seopress_titles_desc":"","_seopress_robots_index":""},"product_brand":[],"product_cat":[159,229,231],"product_tag":[],"woo-feed-brand":[],"class_list":{"0":"post-198325","1":"product","2":"type-product","3":"status-publish","4":"has-post-thumbnail","6":"product_cat-3dmolds","7":"product_cat-abstract","8":"product_cat-hidden","10":"first","11":"instock","12":"taxable","13":"shipping-taxable","14":"purchasable","15":"product-type-simple"},"_links":{"self":[{"href":"https:\/\/shop.moldbrothers.com\/de\/wp-json\/wp\/v2\/product\/198325","targetHints":{"allow":["GET"]}}],"collection":[{"href":"https:\/\/shop.moldbrothers.com\/de\/wp-json\/wp\/v2\/product"}],"about":[{"href":"https:\/\/shop.moldbrothers.com\/de\/wp-json\/wp\/v2\/types\/product"}],"wp:featuredmedia":[{"embeddable":true,"href":"https:\/\/shop.moldbrothers.com\/de\/wp-json\/wp\/v2\/media\/198337"}],"wp:attachment":[{"href":"https:\/\/shop.moldbrothers.com\/de\/wp-json\/wp\/v2\/media?parent=198325"}],"wp:term":[{"taxonomy":"product_brand","embeddable":true,"href":"https:\/\/shop.moldbrothers.com\/de\/wp-json\/wp\/v2\/product_brand?post=198325"},{"taxonomy":"product_cat","embeddable":true,"href":"https:\/\/shop.moldbrothers.com\/de\/wp-json\/wp\/v2\/product_cat?post=198325"},{"taxonomy":"product_tag","embeddable":true,"href":"https:\/\/shop.moldbrothers.com\/de\/wp-json\/wp\/v2\/product_tag?post=198325"},{"taxonomy":"woo-feed-brand","embeddable":true,"href":"https:\/\/shop.moldbrothers.com\/de\/wp-json\/wp\/v2\/woo-feed-brand?post=198325"}],"curies":[{"name":"wp","href":"https:\/\/api.w.org\/{rel}","templated":true}]}}