{"id":197301,"date":"2026-01-15T13:27:39","date_gmt":"2026-01-15T12:27:39","guid":{"rendered":"https:\/\/shop.moldbrothers.com\/?post_type=product&#038;p=197301"},"modified":"2026-03-16T13:18:47","modified_gmt":"2026-03-16T12:18:47","slug":"pie-tee-original-large","status":"publish","type":"product","link":"https:\/\/shop.moldbrothers.com\/de\/produkt\/pie-tee-original-large\/","title":{"rendered":"Original Large Pie Tee"},"content":{"rendered":"<div class=\"wp-block-columns are-vertically-aligned-center is-layout-flex wp-container-core-columns-is-layout-9d6595d7 wp-block-columns-is-layout-flex\">\n<div class=\"wp-block-column is-layout-flow wp-block-column-is-layout-flow\" style=\"flex-basis:50%\">\n<figure class=\"wp-block-image size-full\"><img decoding=\"async\" src=\"https:\/\/shop.moldbrothers.com\/wp-content\/uploads\/2026\/02\/3C4A7653-C07D-4D36-B10C-24703CF60539-scaled.jpeg\" alt=\"\" class=\"wp-image-130005\"\/><\/figure>\n<\/div>\n\n\n\n<div class=\"wp-block-column is-layout-flow wp-block-column-is-layout-flow\" style=\"flex-basis:50%\">\n<h6 class=\"wp-block-heading\">Bu\u00f1uelos \/ Pie Tee von Andrea Mattasoglio<\/h6>\n\n\n\n<h2 class=\"wp-block-heading\">Goldene Croustade-Rezept<\/h2>\n\n\n\n<p><strong>Inhaltsstoffe<\/strong><\/p>\n\n\n\n<ul class=\"wp-block-list\">\n<li>20 g Mehl<\/li>\n\n\n\n<li>80 g Reismehl<\/li>\n\n\n\n<li>18 g Speisest\u00e4rke<\/li>\n\n\n\n<li>100 g Gem\u00fcsebr\u00fche oder Wasser<\/li>\n\n\n\n<li>100 g blondes Bier<\/li>\n\n\n\n<li>5 g Samen\u00f6l<\/li>\n\n\n\n<li>1 ganzes Ei<\/li>\n\n\n\n<li>4 g Salz<\/li>\n\n\n\n<li>4 g Zucker<\/li>\n<\/ul>\n\n\n\n<p><\/p>\n\n\n\n<p><strong>Anweisungen<\/strong><br> Mehl, Reismehl, Speisest\u00e4rke, Salz und Zucker mischen. In einer separaten Sch\u00fcssel das Ei, die Gem\u00fcsebr\u00fche oder das Wasser, das Bier und das Kern\u00f6l verquirlen. Die fl\u00fcssige Mischung zu den trockenen Zutaten geben und verr\u00fchren, bis ein glatter Teig entsteht. Den Teig mindestens 30 Minuten im K\u00fchlschrank ruhen lassen. 135\u00b0C Saat\u00f6l in einem kleinen Topf erhitzen. Den Tortenstempel in das \u00d6l legen und hei\u00df werden lassen. Den hei\u00dfen Stempel kurz auf K\u00fcchenpapier abtupfen, um \u00fcbersch\u00fcssiges \u00d6l zu entfernen, und ihn dann etwa 10 Sekunden lang in den Teig tauchen.<\/p>\n<\/div>\n<\/div>\n\n\n\n<p><\/p>","protected":false},"excerpt":{"rendered":"<p>Ein lebensmittelechter Pie Tee Stempel mit dem klassischen Zahn in einer tieferen, schmaleren Form, hergestellt in den Niederlanden. Er geh\u00f6rt zur Originals-Familie und wurde als zug\u00e4ngliches, allt\u00e4gliches Werkzeug entwickelt. Der Durchmesser verj\u00fcngt sich konisch von 2,8 auf 4,2 cm, was ein einfaches Ausl\u00f6sen und gleichm\u00e4\u00dfige Pie Tee's bei minimaler Handhabung gew\u00e4hrleistet. Erzeugt knusprige Tassen, die sich f\u00fcr gef\u00fcllte Amuse-Bouches eignen.<\/p>","protected":false},"featured_media":197327,"template":"","meta":{"_seopress_robots_primary_cat":"none","_seopress_titles_title":"Large Croustade Stamp | MoldBrothers","_seopress_titles_desc":"The Pie Tee Original Largehelps you create delicate crispy baskets for amuse-bouches and garnishes. A professional pastry tool used by chefs worldwide to shape perfect Pie Tee snacks.","_seopress_robots_index":""},"product_brand":[],"product_cat":[362],"product_tag":[912],"woo-feed-brand":[],"class_list":{"0":"post-197301","1":"product","2":"type-product","3":"status-publish","4":"has-post-thumbnail","6":"product_cat-bunuelos-pie-tee","7":"product_tag-croustade","9":"first","10":"instock","11":"taxable","12":"shipping-taxable","13":"purchasable","14":"product-type-simple"},"_links":{"self":[{"href":"https:\/\/shop.moldbrothers.com\/de\/wp-json\/wp\/v2\/product\/197301","targetHints":{"allow":["GET"]}}],"collection":[{"href":"https:\/\/shop.moldbrothers.com\/de\/wp-json\/wp\/v2\/product"}],"about":[{"href":"https:\/\/shop.moldbrothers.com\/de\/wp-json\/wp\/v2\/types\/product"}],"wp:featuredmedia":[{"embeddable":true,"href":"https:\/\/shop.moldbrothers.com\/de\/wp-json\/wp\/v2\/media\/197327"}],"wp:attachment":[{"href":"https:\/\/shop.moldbrothers.com\/de\/wp-json\/wp\/v2\/media?parent=197301"}],"wp:term":[{"taxonomy":"product_brand","embeddable":true,"href":"https:\/\/shop.moldbrothers.com\/de\/wp-json\/wp\/v2\/product_brand?post=197301"},{"taxonomy":"product_cat","embeddable":true,"href":"https:\/\/shop.moldbrothers.com\/de\/wp-json\/wp\/v2\/product_cat?post=197301"},{"taxonomy":"product_tag","embeddable":true,"href":"https:\/\/shop.moldbrothers.com\/de\/wp-json\/wp\/v2\/product_tag?post=197301"},{"taxonomy":"woo-feed-brand","embeddable":true,"href":"https:\/\/shop.moldbrothers.com\/de\/wp-json\/wp\/v2\/woo-feed-brand?post=197301"}],"curies":[{"name":"wp","href":"https:\/\/api.w.org\/{rel}","templated":true}]}}