{"id":190253,"date":"2025-10-18T10:10:50","date_gmt":"2025-10-18T08:10:50","guid":{"rendered":"https:\/\/shop.moldbrothers.com\/?post_type=product&#038;p=190253"},"modified":"2026-02-26T10:26:39","modified_gmt":"2026-02-26T09:26:39","slug":"wave-mille-feuille-mold","status":"publish","type":"product","link":"https:\/\/shop.moldbrothers.com\/de\/produkt\/wave-mille-feuille-mold\/","title":{"rendered":"Welle Mille-feuille Mold"},"content":{"rendered":"","protected":false},"excerpt":{"rendered":"<p>Eine hochwertige SilverSil-Form, mit der Sie gewellte Chips in jeder gew\u00fcnschten Form herstellen k\u00f6nnen. Dieses Silikonmaterial leitet W\u00e4rme hervorragend, was zu einer hervorragenden Backleistung f\u00fchrt. Die SilverSil-Form ist ideal f\u00fcr die Herstellung von gewellten Schokoladenchips, perfekt als Basis f\u00fcr Ihr n\u00e4chstes Dessert oder als raffiniertes Unterelement.<\/p>\n<p>Mit einer Temperaturbest\u00e4ndigkeit von -40\u00b0C bis +250\u00b0C ist diese Form sowohl f\u00fcr (Schock-)Gefrierschr\u00e4nke als auch f\u00fcr \u00d6fen geeignet.<\/p>","protected":false},"featured_media":190192,"template":"","meta":{"_seopress_robots_primary_cat":"none","_seopress_titles_title":"","_seopress_titles_desc":"","_seopress_robots_index":""},"product_brand":[],"product_cat":[159,193],"product_tag":[],"woo-feed-brand":[],"class_list":{"0":"post-190253","1":"product","2":"type-product","3":"status-publish","4":"has-post-thumbnail","6":"product_cat-3dmolds","7":"product_cat-essentials","9":"first","10":"instock","11":"taxable","12":"shipping-taxable","13":"purchasable","14":"product-type-simple"},"_links":{"self":[{"href":"https:\/\/shop.moldbrothers.com\/de\/wp-json\/wp\/v2\/product\/190253","targetHints":{"allow":["GET"]}}],"collection":[{"href":"https:\/\/shop.moldbrothers.com\/de\/wp-json\/wp\/v2\/product"}],"about":[{"href":"https:\/\/shop.moldbrothers.com\/de\/wp-json\/wp\/v2\/types\/product"}],"wp:featuredmedia":[{"embeddable":true,"href":"https:\/\/shop.moldbrothers.com\/de\/wp-json\/wp\/v2\/media\/190192"}],"wp:attachment":[{"href":"https:\/\/shop.moldbrothers.com\/de\/wp-json\/wp\/v2\/media?parent=190253"}],"wp:term":[{"taxonomy":"product_brand","embeddable":true,"href":"https:\/\/shop.moldbrothers.com\/de\/wp-json\/wp\/v2\/product_brand?post=190253"},{"taxonomy":"product_cat","embeddable":true,"href":"https:\/\/shop.moldbrothers.com\/de\/wp-json\/wp\/v2\/product_cat?post=190253"},{"taxonomy":"product_tag","embeddable":true,"href":"https:\/\/shop.moldbrothers.com\/de\/wp-json\/wp\/v2\/product_tag?post=190253"},{"taxonomy":"woo-feed-brand","embeddable":true,"href":"https:\/\/shop.moldbrothers.com\/de\/wp-json\/wp\/v2\/woo-feed-brand?post=190253"}],"curies":[{"name":"wp","href":"https:\/\/api.w.org\/{rel}","templated":true}]}}