{"id":190150,"date":"2025-10-06T12:59:00","date_gmt":"2025-10-06T10:59:00","guid":{"rendered":"https:\/\/shop.moldbrothers.com\/?post_type=product&#038;p=190150"},"modified":"2026-03-24T12:43:52","modified_gmt":"2026-03-24T11:43:52","slug":"lamella-mold","status":"publish","type":"product","link":"https:\/\/shop.moldbrothers.com\/de\/produkt\/lamella-mold\/","title":{"rendered":"Lamelle Mold"},"content":{"rendered":"","protected":false},"excerpt":{"rendered":"<p>Eine hochwertige Silikonform in der Form einer abstrakten Unteransicht eines Pilzes. Die Form verf\u00fcgt \u00fcber sechs Formen und ist aus lebensmittelechtem Silikon 100% hergestellt.<\/p>\n<p>Diese Form kann Temperaturen von -40\u00b0C bis +200\u00b0C standhalten und ist somit sowohl f\u00fcr den Einsatz in (Schock-)Gefrierschr\u00e4nken als auch in \u00d6fen geeignet.<\/p>","protected":false},"featured_media":190134,"template":"","meta":{"_seopress_robots_primary_cat":"none","_seopress_titles_title":"Lamella Mold | MoldBrothers","_seopress_titles_desc":"Add raw forest texture with the Lamella Mold. Stylized mushroom lines for savory or dessert creations.","_seopress_robots_index":""},"product_brand":[],"product_cat":[159,194],"product_tag":[1329,565,1420,805],"woo-feed-brand":[],"class_list":{"0":"post-190150","1":"product","2":"type-product","3":"status-publish","4":"has-post-thumbnail","6":"product_cat-3dmolds","7":"product_cat-realistic","8":"product_tag-abstract","9":"product_tag-mousse","10":"product_tag-mushroom","11":"product_tag-realistic","13":"first","14":"instock","15":"taxable","16":"shipping-taxable","17":"purchasable","18":"product-type-simple"},"_links":{"self":[{"href":"https:\/\/shop.moldbrothers.com\/de\/wp-json\/wp\/v2\/product\/190150","targetHints":{"allow":["GET"]}}],"collection":[{"href":"https:\/\/shop.moldbrothers.com\/de\/wp-json\/wp\/v2\/product"}],"about":[{"href":"https:\/\/shop.moldbrothers.com\/de\/wp-json\/wp\/v2\/types\/product"}],"wp:featuredmedia":[{"embeddable":true,"href":"https:\/\/shop.moldbrothers.com\/de\/wp-json\/wp\/v2\/media\/190134"}],"wp:attachment":[{"href":"https:\/\/shop.moldbrothers.com\/de\/wp-json\/wp\/v2\/media?parent=190150"}],"wp:term":[{"taxonomy":"product_brand","embeddable":true,"href":"https:\/\/shop.moldbrothers.com\/de\/wp-json\/wp\/v2\/product_brand?post=190150"},{"taxonomy":"product_cat","embeddable":true,"href":"https:\/\/shop.moldbrothers.com\/de\/wp-json\/wp\/v2\/product_cat?post=190150"},{"taxonomy":"product_tag","embeddable":true,"href":"https:\/\/shop.moldbrothers.com\/de\/wp-json\/wp\/v2\/product_tag?post=190150"},{"taxonomy":"woo-feed-brand","embeddable":true,"href":"https:\/\/shop.moldbrothers.com\/de\/wp-json\/wp\/v2\/woo-feed-brand?post=190150"}],"curies":[{"name":"wp","href":"https:\/\/api.w.org\/{rel}","templated":true}]}}