{"id":190147,"date":"2025-10-06T12:58:00","date_gmt":"2025-10-06T10:58:00","guid":{"rendered":"https:\/\/shop.moldbrothers.com\/?post_type=product&#038;p=190147"},"modified":"2026-02-26T10:36:08","modified_gmt":"2026-02-26T09:36:08","slug":"enoki-mushroom-tuille","status":"publish","type":"product","link":"https:\/\/shop.moldbrothers.com\/de\/produkt\/enoki-mushroom-tuille\/","title":{"rendered":"Enoki-Pilz Tuille Mold"},"content":{"rendered":"","protected":false},"excerpt":{"rendered":"<p>Eine hochwertige Silikonform in Form einer realistischen Enoki-Pilz-Tuille. Die Form bietet sechs Formen und ist aus lebensmittelechtem Silikon 100% hergestellt.<\/p>\n<p>Diese Form kann Temperaturen von -40\u00b0C bis +200\u00b0C standhalten und ist somit sowohl f\u00fcr den Einsatz in (Schock-)Gefrierschr\u00e4nken als auch in \u00d6fen geeignet.<\/p>","protected":false},"featured_media":190136,"template":"","meta":{"_seopress_robots_primary_cat":"none","_seopress_titles_title":"Enoki Mushroom Tuille | MoldBrothers","_seopress_titles_desc":"Capture the forest feel with this 3D Enoki Mushroom Tuille. Perfect for earthy flavors and cold-season dishes.","_seopress_robots_index":""},"product_brand":[],"product_cat":[228,237],"product_tag":[1420,805],"woo-feed-brand":[],"class_list":{"0":"post-190147","1":"product","2":"type-product","3":"status-publish","4":"has-post-thumbnail","6":"product_cat-2dmolds","7":"product_cat-natural","8":"product_tag-mushroom","9":"product_tag-realistic","11":"first","12":"instock","13":"taxable","14":"shipping-taxable","15":"purchasable","16":"product-type-simple"},"_links":{"self":[{"href":"https:\/\/shop.moldbrothers.com\/de\/wp-json\/wp\/v2\/product\/190147","targetHints":{"allow":["GET"]}}],"collection":[{"href":"https:\/\/shop.moldbrothers.com\/de\/wp-json\/wp\/v2\/product"}],"about":[{"href":"https:\/\/shop.moldbrothers.com\/de\/wp-json\/wp\/v2\/types\/product"}],"wp:featuredmedia":[{"embeddable":true,"href":"https:\/\/shop.moldbrothers.com\/de\/wp-json\/wp\/v2\/media\/190136"}],"wp:attachment":[{"href":"https:\/\/shop.moldbrothers.com\/de\/wp-json\/wp\/v2\/media?parent=190147"}],"wp:term":[{"taxonomy":"product_brand","embeddable":true,"href":"https:\/\/shop.moldbrothers.com\/de\/wp-json\/wp\/v2\/product_brand?post=190147"},{"taxonomy":"product_cat","embeddable":true,"href":"https:\/\/shop.moldbrothers.com\/de\/wp-json\/wp\/v2\/product_cat?post=190147"},{"taxonomy":"product_tag","embeddable":true,"href":"https:\/\/shop.moldbrothers.com\/de\/wp-json\/wp\/v2\/product_tag?post=190147"},{"taxonomy":"woo-feed-brand","embeddable":true,"href":"https:\/\/shop.moldbrothers.com\/de\/wp-json\/wp\/v2\/woo-feed-brand?post=190147"}],"curies":[{"name":"wp","href":"https:\/\/api.w.org\/{rel}","templated":true}]}}