{"id":189177,"date":"2025-08-21T17:59:00","date_gmt":"2025-08-21T15:59:00","guid":{"rendered":"https:\/\/shop.moldbrothers.com\/?post_type=product&#038;p=189177"},"modified":"2026-02-26T10:52:08","modified_gmt":"2026-02-26T09:52:08","slug":"realistic-cone-tuille-mold-grouped","status":"publish","type":"product","link":"https:\/\/shop.moldbrothers.com\/de\/produkt\/realistic-cone-tuille-mold-grouped\/","title":{"rendered":"Realistische Kegel-Tuille Mold"},"content":{"rendered":"<div class=\"wp-block-columns is-layout-flex wp-container-core-columns-is-layout-9d6595d7 wp-block-columns-is-layout-flex\">\n<div class=\"wp-block-column is-layout-flow wp-block-column-is-layout-flow\" style=\"flex-basis:33.33%\">\n<figure class=\"wp-block-image size-full\"><a href=\"https:\/\/shop.moldbrothers.com\/wp-content\/uploads\/2025\/08\/Cone.png\"><img decoding=\"async\" width=\"1080\" height=\"1920\" src=\"https:\/\/shop.moldbrothers.com\/wp-content\/uploads\/2025\/08\/Cone.png\" alt=\"\" class=\"wp-image-189292\" style=\"aspect-ratio:3\/4;object-fit:cover\" srcset=\"https:\/\/shop.moldbrothers.com\/wp-content\/uploads\/2025\/08\/Cone.png 1080w, https:\/\/shop.moldbrothers.com\/wp-content\/uploads\/2025\/08\/Cone-768x1365.png 768w, https:\/\/shop.moldbrothers.com\/wp-content\/uploads\/2025\/08\/Cone-864x1536.png 864w, https:\/\/shop.moldbrothers.com\/wp-content\/uploads\/2025\/08\/Cone-7x12.png 7w, https:\/\/shop.moldbrothers.com\/wp-content\/uploads\/2025\/08\/Cone-1024x1820.png 1024w\" sizes=\"(max-width: 1080px) 100vw, 1080px\" \/><\/a><\/figure>\n<\/div>\n\n\n\n<div class=\"wp-block-column is-layout-flow wp-block-column-is-layout-flow\" style=\"flex-basis:70%\">\n<h2 class=\"wp-block-heading\">Mikes veganes Seegras-Rezept<\/h2>\n\n\n\n<p>75 g gekochten Knollensellerie mit 75 g Algen p\u00fcrieren, bis eine glatte und homogene Masse entsteht. 45 g Puderzucker, 25 g Isomalt und 5 g Glukose hinzuf\u00fcgen und zu einer glatten Masse verr\u00fchren. Die Masse 15 bis 30 Minuten im K\u00fchlschrank ruhen lassen. Den Backofen auf 160-170\u00b0C (Umluft) vorheizen. Die Masse d\u00fcnn in der Form verteilen und 8 bis 12 Minuten backen, bis sie goldgelb und knusprig ist. Unmittelbar nach dem Backen auf ein hei\u00dfes Metallblech legen und mit der <strong>Kegelrollenwerkzeug<\/strong> solange sie noch warm und biegsam sind. Vollst\u00e4ndig abk\u00fchlen lassen, bis sie knusprig sind.<\/p>\n<\/div>\n<\/div>","protected":false},"excerpt":{"rendered":"<p>Diese hochwertige Silikonform wurde entwickelt, um realistische Amuse Cones mit klassischen Waffeldetails herzustellen. Sie verf\u00fcgt \u00fcber f\u00fcnf verschiedene Kegelformen und mehrere Kavit\u00e4ten f\u00fcr eine effiziente Produktion. Sie besteht aus lebensmittelechtem Silikon 100% und ist temperaturbest\u00e4ndig von -40\u00b0C bis +200\u00b0C, also perfekt f\u00fcr den (Schock-)Gefrierschrank und den Backofen.<\/p>","protected":false},"featured_media":188020,"template":"","meta":{"_seopress_robots_primary_cat":"none","_seopress_titles_title":"Cone Tuille Mold","_seopress_titles_desc":"Silicone mold for making realistic cones with waffle texture. Includes five shapes. Food-grade, oven and freezer resistant.","_seopress_robots_index":""},"product_brand":[],"product_cat":[228,237],"product_tag":[829,637,1374,1372,1371,1340,1288,1369,1370,1373,805,1342,1375,1376],"woo-feed-brand":[],"class_list":{"0":"post-189177","1":"product","2":"type-product","3":"status-publish","4":"has-post-thumbnail","6":"product_cat-2dmolds","7":"product_cat-natural","8":"product_tag-amuse","9":"product_tag-cone","10":"product_tag-cono","11":"product_tag-cornet","12":"product_tag-cucurucho","13":"product_tag-fine-dining","14":"product_tag-garnish","15":"product_tag-hoorntje","16":"product_tag-hornchen","17":"product_tag-kon","18":"product_tag-realistic","19":"product_tag-silicone-mold","20":"product_tag-tuille-cone","21":"product_tag-waffle-cone","23":"first","24":"instock","25":"taxable","26":"shipping-taxable","27":"product-type-grouped"},"_links":{"self":[{"href":"https:\/\/shop.moldbrothers.com\/de\/wp-json\/wp\/v2\/product\/189177","targetHints":{"allow":["GET"]}}],"collection":[{"href":"https:\/\/shop.moldbrothers.com\/de\/wp-json\/wp\/v2\/product"}],"about":[{"href":"https:\/\/shop.moldbrothers.com\/de\/wp-json\/wp\/v2\/types\/product"}],"wp:featuredmedia":[{"embeddable":true,"href":"https:\/\/shop.moldbrothers.com\/de\/wp-json\/wp\/v2\/media\/188020"}],"wp:attachment":[{"href":"https:\/\/shop.moldbrothers.com\/de\/wp-json\/wp\/v2\/media?parent=189177"}],"wp:term":[{"taxonomy":"product_brand","embeddable":true,"href":"https:\/\/shop.moldbrothers.com\/de\/wp-json\/wp\/v2\/product_brand?post=189177"},{"taxonomy":"product_cat","embeddable":true,"href":"https:\/\/shop.moldbrothers.com\/de\/wp-json\/wp\/v2\/product_cat?post=189177"},{"taxonomy":"product_tag","embeddable":true,"href":"https:\/\/shop.moldbrothers.com\/de\/wp-json\/wp\/v2\/product_tag?post=189177"},{"taxonomy":"woo-feed-brand","embeddable":true,"href":"https:\/\/shop.moldbrothers.com\/de\/wp-json\/wp\/v2\/woo-feed-brand?post=189177"}],"curies":[{"name":"wp","href":"https:\/\/api.w.org\/{rel}","templated":true}]}}