{"id":187849,"date":"2025-08-21T17:31:11","date_gmt":"2025-08-21T15:31:11","guid":{"rendered":"https:\/\/shop.moldbrothers.com\/?post_type=product&#038;p=187849"},"modified":"2026-03-12T10:00:37","modified_gmt":"2026-03-12T09:00:37","slug":"realistic-lobster-pie-tee","status":"publish","type":"product","link":"https:\/\/shop.moldbrothers.com\/de\/produkt\/realistic-lobster-pie-tee\/","title":{"rendered":"Realistisches Hummerklauen-Tee"},"content":{"rendered":"","protected":false},"excerpt":{"rendered":"<p>Ein realistischer, lebensmittelechter Hummerklauen-Pie-Tee-Stempel, hergestellt in den Niederlanden aus hochwertigem Aluminium. Er eignet sich sowohl f\u00fcr den warmen als auch f\u00fcr den kalten Gebrauch und formt ultraknusprige T\u00f6rtchen f\u00fcr Hummersalat, Meeresfr\u00fcchte oder jede andere raffinierte F\u00fcllung. Ihre G\u00e4ste werden sich an diesen einzigartigen Happen erinnern!<\/p>","protected":false},"featured_media":188047,"template":"","meta":{"_seopress_robots_primary_cat":"none","_seopress_titles_title":"Realistic Lobster Claw Pie Tee","_seopress_titles_desc":"Food-safe aluminium lobster claw Pie Tee stamp made in the Netherlands from aluminium. Perfect for hot or cold use to create crispy tartlets.","_seopress_robots_index":""},"product_brand":[],"product_cat":[362],"product_tag":[829,1337,642,1340,1288,1335,1333,1332,1334,851,1338,1341,1336,1339,1342],"woo-feed-brand":[],"class_list":{"0":"post-187849","1":"product","2":"type-product","3":"status-publish","4":"has-post-thumbnail","6":"product_cat-bunuelos-pie-tee","7":"product_tag-amuse","8":"product_tag-aragosta","9":"product_tag-claw","10":"product_tag-fine-dining","11":"product_tag-garnish","12":"product_tag-homard","13":"product_tag-hummer","14":"product_tag-kreeft","15":"product_tag-langosta","16":"product_tag-lobster","17":"product_tag-lobster-pie-tee","18":"product_tag-realistic-mold","19":"product_tag-rosuta","20":"product_tag-seafood-mold","21":"product_tag-silicone-mold","23":"first","24":"instock","25":"taxable","26":"shipping-taxable","27":"purchasable","28":"product-type-simple"},"_links":{"self":[{"href":"https:\/\/shop.moldbrothers.com\/de\/wp-json\/wp\/v2\/product\/187849","targetHints":{"allow":["GET"]}}],"collection":[{"href":"https:\/\/shop.moldbrothers.com\/de\/wp-json\/wp\/v2\/product"}],"about":[{"href":"https:\/\/shop.moldbrothers.com\/de\/wp-json\/wp\/v2\/types\/product"}],"wp:featuredmedia":[{"embeddable":true,"href":"https:\/\/shop.moldbrothers.com\/de\/wp-json\/wp\/v2\/media\/188047"}],"wp:attachment":[{"href":"https:\/\/shop.moldbrothers.com\/de\/wp-json\/wp\/v2\/media?parent=187849"}],"wp:term":[{"taxonomy":"product_brand","embeddable":true,"href":"https:\/\/shop.moldbrothers.com\/de\/wp-json\/wp\/v2\/product_brand?post=187849"},{"taxonomy":"product_cat","embeddable":true,"href":"https:\/\/shop.moldbrothers.com\/de\/wp-json\/wp\/v2\/product_cat?post=187849"},{"taxonomy":"product_tag","embeddable":true,"href":"https:\/\/shop.moldbrothers.com\/de\/wp-json\/wp\/v2\/product_tag?post=187849"},{"taxonomy":"woo-feed-brand","embeddable":true,"href":"https:\/\/shop.moldbrothers.com\/de\/wp-json\/wp\/v2\/woo-feed-brand?post=187849"}],"curies":[{"name":"wp","href":"https:\/\/api.w.org\/{rel}","templated":true}]}}