{"id":187845,"date":"2025-08-21T17:24:01","date_gmt":"2025-08-21T15:24:01","guid":{"rendered":"https:\/\/shop.moldbrothers.com\/?post_type=product&#038;p=187845"},"modified":"2025-10-20T12:32:43","modified_gmt":"2025-10-20T10:32:43","slug":"realistic-cone-tuille-mold","status":"publish","type":"product","link":"https:\/\/shop.moldbrothers.com\/de\/produkt\/realistic-cone-tuille-mold\/","title":{"rendered":"Realistische Kegel-Tuille Mold"},"content":{"rendered":"","protected":false},"excerpt":{"rendered":"<p>Diese hochwertige Silikonform wurde entwickelt, um realistische Amuse Cones mit klassischen Waffeldetails herzustellen. Sie verf\u00fcgt \u00fcber f\u00fcnf verschiedene Kegelformen und mehrere Kavit\u00e4ten f\u00fcr eine effiziente Produktion. Sie besteht aus lebensmittelechtem Silikon 100% und ist temperaturbest\u00e4ndig von -40\u00b0C bis +200\u00b0C, also perfekt f\u00fcr den (Schock-)Gefrierschrank und den Backofen.<\/p>","protected":false},"featured_media":188020,"template":"","meta":{"_seopress_robots_primary_cat":"none","_seopress_titles_title":"Cone Tuille Mold","_seopress_titles_desc":"Silicone mold for making realistic cones with waffle texture. Includes five shapes. Food-grade, oven and freezer resistant.","_seopress_robots_index":""},"product_brand":[],"product_cat":[228,237,231],"product_tag":[829,637,1374,1372,1371,1340,1288,1369,1370,1373,805,1342,1375,1376],"woo-feed-brand":[],"class_list":{"0":"post-187845","1":"product","2":"type-product","3":"status-publish","4":"has-post-thumbnail","6":"product_cat-2dmolds","7":"product_cat-natural","8":"product_cat-hidden","9":"product_tag-amuse","10":"product_tag-cone","11":"product_tag-cono","12":"product_tag-cornet","13":"product_tag-cucurucho","14":"product_tag-fine-dining","15":"product_tag-garnish","16":"product_tag-hoorntje","17":"product_tag-hornchen","18":"product_tag-kon","19":"product_tag-realistic","20":"product_tag-silicone-mold","21":"product_tag-tuille-cone","22":"product_tag-waffle-cone","24":"first","25":"instock","26":"taxable","27":"shipping-taxable","28":"purchasable","29":"product-type-simple"},"_links":{"self":[{"href":"https:\/\/shop.moldbrothers.com\/de\/wp-json\/wp\/v2\/product\/187845","targetHints":{"allow":["GET"]}}],"collection":[{"href":"https:\/\/shop.moldbrothers.com\/de\/wp-json\/wp\/v2\/product"}],"about":[{"href":"https:\/\/shop.moldbrothers.com\/de\/wp-json\/wp\/v2\/types\/product"}],"wp:featuredmedia":[{"embeddable":true,"href":"https:\/\/shop.moldbrothers.com\/de\/wp-json\/wp\/v2\/media\/188020"}],"wp:attachment":[{"href":"https:\/\/shop.moldbrothers.com\/de\/wp-json\/wp\/v2\/media?parent=187845"}],"wp:term":[{"taxonomy":"product_brand","embeddable":true,"href":"https:\/\/shop.moldbrothers.com\/de\/wp-json\/wp\/v2\/product_brand?post=187845"},{"taxonomy":"product_cat","embeddable":true,"href":"https:\/\/shop.moldbrothers.com\/de\/wp-json\/wp\/v2\/product_cat?post=187845"},{"taxonomy":"product_tag","embeddable":true,"href":"https:\/\/shop.moldbrothers.com\/de\/wp-json\/wp\/v2\/product_tag?post=187845"},{"taxonomy":"woo-feed-brand","embeddable":true,"href":"https:\/\/shop.moldbrothers.com\/de\/wp-json\/wp\/v2\/woo-feed-brand?post=187845"}],"curies":[{"name":"wp","href":"https:\/\/api.w.org\/{rel}","templated":true}]}}