{"id":187844,"date":"2025-08-21T16:50:59","date_gmt":"2025-08-21T14:50:59","guid":{"rendered":"https:\/\/shop.moldbrothers.com\/?post_type=product&#038;p=187844"},"modified":"2026-02-26T11:14:42","modified_gmt":"2026-02-26T10:14:42","slug":"truffle-mold-small","status":"publish","type":"product","link":"https:\/\/shop.moldbrothers.com\/de\/produkt\/truffle-mold-small\/","title":{"rendered":"Schwarzer Tr\u00fcffel Mold Klein"},"content":{"rendered":"","protected":false},"excerpt":{"rendered":"<p>Diese hochwertige Silikonform ist in der Form von vier verschiedenen realistischen kleinen schwarzen Tr\u00fcffeln gestaltet und enth\u00e4lt insgesamt acht Hohlr\u00e4ume. Sie besteht aus lebensmittelechtem Silikon 100% und ist temperaturbest\u00e4ndig von -40\u00b0C bis +200\u00b0C und damit sowohl f\u00fcr den Gefrierschrank als auch f\u00fcr den Backofen geeignet.<\/p>","protected":false},"featured_media":188018,"template":"","meta":{"_seopress_robots_primary_cat":"none","_seopress_titles_title":"Small Black Truffle Mold","_seopress_titles_desc":"Silicone mold with four different small truffle shapes, eight cavities in total. Creates realistic truffles for sweet or savory use.","_seopress_robots_index":""},"product_brand":[],"product_cat":[159,194],"product_tag":[1380,1340,1381,1288,1341,1342,679,1379,1377,1378,678,677],"woo-feed-brand":[],"class_list":{"0":"post-187844","1":"product","2":"type-product","3":"status-publish","4":"has-post-thumbnail","6":"product_cat-3dmolds","7":"product_cat-realistic","8":"product_tag-chocolate-truffle","9":"product_tag-fine-dining","10":"product_tag-ganache-mold","11":"product_tag-garnish","12":"product_tag-realistic-mold","13":"product_tag-silicone-mold","14":"product_tag-tartufo","15":"product_tag-torufuru","16":"product_tag-trufa","17":"product_tag-truffe","18":"product_tag-truffel","19":"product_tag-truffle","21":"first","22":"instock","23":"taxable","24":"shipping-taxable","25":"purchasable","26":"product-type-simple"},"_links":{"self":[{"href":"https:\/\/shop.moldbrothers.com\/de\/wp-json\/wp\/v2\/product\/187844","targetHints":{"allow":["GET"]}}],"collection":[{"href":"https:\/\/shop.moldbrothers.com\/de\/wp-json\/wp\/v2\/product"}],"about":[{"href":"https:\/\/shop.moldbrothers.com\/de\/wp-json\/wp\/v2\/types\/product"}],"wp:featuredmedia":[{"embeddable":true,"href":"https:\/\/shop.moldbrothers.com\/de\/wp-json\/wp\/v2\/media\/188018"}],"wp:attachment":[{"href":"https:\/\/shop.moldbrothers.com\/de\/wp-json\/wp\/v2\/media?parent=187844"}],"wp:term":[{"taxonomy":"product_brand","embeddable":true,"href":"https:\/\/shop.moldbrothers.com\/de\/wp-json\/wp\/v2\/product_brand?post=187844"},{"taxonomy":"product_cat","embeddable":true,"href":"https:\/\/shop.moldbrothers.com\/de\/wp-json\/wp\/v2\/product_cat?post=187844"},{"taxonomy":"product_tag","embeddable":true,"href":"https:\/\/shop.moldbrothers.com\/de\/wp-json\/wp\/v2\/product_tag?post=187844"},{"taxonomy":"woo-feed-brand","embeddable":true,"href":"https:\/\/shop.moldbrothers.com\/de\/wp-json\/wp\/v2\/woo-feed-brand?post=187844"}],"curies":[{"name":"wp","href":"https:\/\/api.w.org\/{rel}","templated":true}]}}