{"id":187059,"date":"2025-08-04T12:58:54","date_gmt":"2025-08-04T10:58:54","guid":{"rendered":"https:\/\/shop.moldbrothers.com\/?post_type=product&#038;p=187059"},"modified":"2026-02-26T11:18:46","modified_gmt":"2026-02-26T10:18:46","slug":"brown-crab-tuille-mold","status":"publish","type":"product","link":"https:\/\/shop.moldbrothers.com\/de\/produkt\/brown-crab-tuille-mold\/","title":{"rendered":"Braune Krabben Tuille Mold"},"content":{"rendered":"","protected":false},"excerpt":{"rendered":"<p>Eine hochwertige Silikonform in Form einer braunen Krabbe, die sich perfekt f\u00fcr die Zubereitung eines Krabben-Sandwiches eignet. Die Form hat acht m\u00f6gliche Formen und ist aus lebensmittelechtem Silikon 100% hergestellt. Die Form ist temperaturbest\u00e4ndig von -40\u00b0C bis +200\u00b0C und kann daher sowohl im (Schock-)Gefrierschrank als auch im Backofen verwendet werden.<\/p>","protected":false},"featured_media":187080,"template":"","meta":{"_seopress_robots_primary_cat":"none","_seopress_titles_title":"Brown Crab Tuille Mold for Sandwich Amuse | Crab Shell Shape","_seopress_titles_desc":"Silicone mold shaped like a brown crab shell. Made from food\u2011grade silicone and heat\u2011resistant to 200\u202f\u00b0C. Perfect for sandwich\u2011style amuses with realistic seafood for","_seopress_robots_index":""},"product_brand":[],"product_cat":[228,203],"product_tag":[829,1285,554,642,641,497,1288,851,826,1289,1236,623,1286,1287,498,499,1024,698,558],"woo-feed-brand":[],"class_list":{"0":"post-187059","1":"product","2":"type-product","3":"status-publish","4":"has-post-thumbnail","6":"product_cat-2dmolds","7":"product_cat-graphic","8":"product_tag-amuse","9":"product_tag-bite","10":"product_tag-chef","11":"product_tag-claw","12":"product_tag-crab","13":"product_tag-fish","14":"product_tag-garnish","15":"product_tag-lobster","16":"product_tag-mini","17":"product_tag-mold","18":"product_tag-ocean","19":"product_tag-plating","20":"product_tag-sandwich","21":"product_tag-savory","22":"product_tag-sea","23":"product_tag-seafood","24":"product_tag-shell","25":"product_tag-silicone","26":"product_tag-tuille","28":"first","29":"instock","30":"taxable","31":"shipping-taxable","32":"purchasable","33":"product-type-simple"},"_links":{"self":[{"href":"https:\/\/shop.moldbrothers.com\/de\/wp-json\/wp\/v2\/product\/187059","targetHints":{"allow":["GET"]}}],"collection":[{"href":"https:\/\/shop.moldbrothers.com\/de\/wp-json\/wp\/v2\/product"}],"about":[{"href":"https:\/\/shop.moldbrothers.com\/de\/wp-json\/wp\/v2\/types\/product"}],"wp:featuredmedia":[{"embeddable":true,"href":"https:\/\/shop.moldbrothers.com\/de\/wp-json\/wp\/v2\/media\/187080"}],"wp:attachment":[{"href":"https:\/\/shop.moldbrothers.com\/de\/wp-json\/wp\/v2\/media?parent=187059"}],"wp:term":[{"taxonomy":"product_brand","embeddable":true,"href":"https:\/\/shop.moldbrothers.com\/de\/wp-json\/wp\/v2\/product_brand?post=187059"},{"taxonomy":"product_cat","embeddable":true,"href":"https:\/\/shop.moldbrothers.com\/de\/wp-json\/wp\/v2\/product_cat?post=187059"},{"taxonomy":"product_tag","embeddable":true,"href":"https:\/\/shop.moldbrothers.com\/de\/wp-json\/wp\/v2\/product_tag?post=187059"},{"taxonomy":"woo-feed-brand","embeddable":true,"href":"https:\/\/shop.moldbrothers.com\/de\/wp-json\/wp\/v2\/woo-feed-brand?post=187059"}],"curies":[{"name":"wp","href":"https:\/\/api.w.org\/{rel}","templated":true}]}}