{"id":187046,"date":"2025-08-10T15:11:22","date_gmt":"2025-08-10T13:11:22","guid":{"rendered":"https:\/\/shop.moldbrothers.com\/?post_type=product&#038;p=187046"},"modified":"2026-02-26T11:17:17","modified_gmt":"2026-02-26T10:17:17","slug":"tuille-stick-mold","status":"publish","type":"product","link":"https:\/\/shop.moldbrothers.com\/de\/produkt\/tuille-stick-mold\/","title":{"rendered":"Tuille-Stick Mold"},"content":{"rendered":"","protected":false},"excerpt":{"rendered":"<p>Eine hochwertige Silikonform aus lebensmittelechtem Silikon 100%, mit der sich eine ganze Ladung d\u00fcnner St\u00e4bchen in einem Arbeitsgang herstellen l\u00e4sst. Die Form bietet 30 m\u00f6gliche Tuilles und ist hitzebest\u00e4ndig von -40\u00b0C bis +200\u00b0C, so dass sie sowohl im (Schock-)Gefrierschrank als auch im Backofen verwendet werden kann.<\/p>","protected":false},"featured_media":187095,"template":"","meta":{"_seopress_robots_primary_cat":"none","_seopress_titles_title":"Tuille Stick Mold | Thin Tuille Sticks for Minimalist Plating","_seopress_titles_desc":"Silicone mold for baking thin and uniform tuille sticks. Made from food\u2011grade silicone, heat\u2011resistant up to 200\u202f\u00b0C. Designed for minimalist plating and precise presentation.","_seopress_robots_index":""},"product_brand":[],"product_cat":[228,203],"product_tag":[],"woo-feed-brand":[],"class_list":{"0":"post-187046","1":"product","2":"type-product","3":"status-publish","4":"has-post-thumbnail","6":"product_cat-2dmolds","7":"product_cat-graphic","9":"first","10":"instock","11":"taxable","12":"shipping-taxable","13":"purchasable","14":"product-type-simple"},"_links":{"self":[{"href":"https:\/\/shop.moldbrothers.com\/de\/wp-json\/wp\/v2\/product\/187046","targetHints":{"allow":["GET"]}}],"collection":[{"href":"https:\/\/shop.moldbrothers.com\/de\/wp-json\/wp\/v2\/product"}],"about":[{"href":"https:\/\/shop.moldbrothers.com\/de\/wp-json\/wp\/v2\/types\/product"}],"wp:featuredmedia":[{"embeddable":true,"href":"https:\/\/shop.moldbrothers.com\/de\/wp-json\/wp\/v2\/media\/187095"}],"wp:attachment":[{"href":"https:\/\/shop.moldbrothers.com\/de\/wp-json\/wp\/v2\/media?parent=187046"}],"wp:term":[{"taxonomy":"product_brand","embeddable":true,"href":"https:\/\/shop.moldbrothers.com\/de\/wp-json\/wp\/v2\/product_brand?post=187046"},{"taxonomy":"product_cat","embeddable":true,"href":"https:\/\/shop.moldbrothers.com\/de\/wp-json\/wp\/v2\/product_cat?post=187046"},{"taxonomy":"product_tag","embeddable":true,"href":"https:\/\/shop.moldbrothers.com\/de\/wp-json\/wp\/v2\/product_tag?post=187046"},{"taxonomy":"woo-feed-brand","embeddable":true,"href":"https:\/\/shop.moldbrothers.com\/de\/wp-json\/wp\/v2\/woo-feed-brand?post=187046"}],"curies":[{"name":"wp","href":"https:\/\/api.w.org\/{rel}","templated":true}]}}