{"id":186223,"date":"2025-07-14T16:30:00","date_gmt":"2025-07-14T14:30:00","guid":{"rendered":"https:\/\/shop.moldbrothers.com\/?post_type=product&#038;p=186223"},"modified":"2025-09-26T09:51:13","modified_gmt":"2025-09-26T07:51:13","slug":"banana-molds","status":"publish","type":"product","link":"https:\/\/shop.moldbrothers.com\/de\/produkt\/banana-molds\/","title":{"rendered":"Banane Molds"},"content":{"rendered":"","protected":false},"excerpt":{"rendered":"<p>Eine hochwertige Silikonform in Form einer Bananenschale und eine Doppelform in Form einer Bananenfrucht. Jede Form enth\u00e4lt 4 Hohlr\u00e4ume und ist aus lebensmittelechtem Silikon 100% hergestellt.<\/p>\n<p>Die Formen sind temperaturbest\u00e4ndig von -40\u00b0C bis +200\u00b0C und damit sowohl f\u00fcr den Einsatz in (Schock-)Gefrierschr\u00e4nken als auch in \u00d6fen geeignet. <em>Klicken Sie auf <a href=\"https:\/\/www.instagram.com\/p\/C5p-HweonQX\/\">Hier<\/a> f\u00fcr das vollst\u00e4ndige How-To-Video<\/em><\/p>","protected":false},"featured_media":184925,"template":"","meta":{"_seopress_robots_primary_cat":"none","_seopress_titles_title":"","_seopress_titles_desc":"","_seopress_robots_index":""},"product_brand":[],"product_cat":[159,910],"product_tag":[1319,554,1307,579,1289,1322,586,623,805,698,1320,1321],"woo-feed-brand":[],"class_list":{"0":"post-186223","1":"product","2":"type-product","3":"status-publish","4":"has-post-thumbnail","6":"product_cat-3dmolds","7":"product_cat-test-kitchen","8":"product_tag-banana","9":"product_tag-chef","10":"product_tag-dessert","11":"product_tag-fruit","12":"product_tag-mold","13":"product_tag-monoportion","14":"product_tag-pastry","15":"product_tag-plating","16":"product_tag-realistic","17":"product_tag-silicone","18":"product_tag-tropical","19":"product_tag-yellow","21":"first","22":"instock","23":"taxable","24":"shipping-taxable","25":"product-type-grouped"},"_links":{"self":[{"href":"https:\/\/shop.moldbrothers.com\/de\/wp-json\/wp\/v2\/product\/186223","targetHints":{"allow":["GET"]}}],"collection":[{"href":"https:\/\/shop.moldbrothers.com\/de\/wp-json\/wp\/v2\/product"}],"about":[{"href":"https:\/\/shop.moldbrothers.com\/de\/wp-json\/wp\/v2\/types\/product"}],"wp:featuredmedia":[{"embeddable":true,"href":"https:\/\/shop.moldbrothers.com\/de\/wp-json\/wp\/v2\/media\/184925"}],"wp:attachment":[{"href":"https:\/\/shop.moldbrothers.com\/de\/wp-json\/wp\/v2\/media?parent=186223"}],"wp:term":[{"taxonomy":"product_brand","embeddable":true,"href":"https:\/\/shop.moldbrothers.com\/de\/wp-json\/wp\/v2\/product_brand?post=186223"},{"taxonomy":"product_cat","embeddable":true,"href":"https:\/\/shop.moldbrothers.com\/de\/wp-json\/wp\/v2\/product_cat?post=186223"},{"taxonomy":"product_tag","embeddable":true,"href":"https:\/\/shop.moldbrothers.com\/de\/wp-json\/wp\/v2\/product_tag?post=186223"},{"taxonomy":"woo-feed-brand","embeddable":true,"href":"https:\/\/shop.moldbrothers.com\/de\/wp-json\/wp\/v2\/woo-feed-brand?post=186223"}],"curies":[{"name":"wp","href":"https:\/\/api.w.org\/{rel}","templated":true}]}}