{"id":183698,"date":"2023-03-27T15:15:00","date_gmt":"2023-03-27T13:15:00","guid":{"rendered":"https:\/\/shop.moldbrothers.com\/?post_type=product&#038;p=183698"},"modified":"2026-03-25T08:51:55","modified_gmt":"2026-03-25T07:51:55","slug":"spring-ring-tuille-mold-2","status":"publish","type":"product","link":"https:\/\/shop.moldbrothers.com\/de\/produkt\/spring-ring-tuille-mold-2\/","title":{"rendered":"Federring Tuille Mold"},"content":{"rendered":"","protected":false},"excerpt":{"rendered":"<p>Diese Pr\u00e4zisionsform aus lebensmittelechtem Silikon 100% ist bis zu 200 \u00b0C hitzebest\u00e4ndig und verf\u00fcgt \u00fcber einen nach innen zeigenden, federnden Ring, der f\u00fcr eine gleichm\u00e4\u00dfige Form und scharfe Details beim Backen sorgt.<\/p>","protected":false},"featured_media":183703,"template":"","meta":{"_seopress_robots_primary_cat":"none","_seopress_titles_title":"","_seopress_titles_desc":"","_seopress_robots_index":""},"product_brand":[],"product_cat":[228,1278],"product_tag":[523,521,522,571,494,495,558],"woo-feed-brand":[],"class_list":{"0":"post-183698","1":"product","2":"type-product","3":"status-publish","4":"has-post-thumbnail","6":"product_cat-2dmolds","7":"product_cat-grid-ring","8":"product_tag-bloem","9":"product_tag-circle","10":"product_tag-cirkel","11":"product_tag-lente","12":"product_tag-spring","13":"product_tag-tuile","14":"product_tag-tuille","16":"first","17":"instock","18":"sale","19":"taxable","20":"shipping-taxable","21":"product-type-grouped"},"_links":{"self":[{"href":"https:\/\/shop.moldbrothers.com\/de\/wp-json\/wp\/v2\/product\/183698","targetHints":{"allow":["GET"]}}],"collection":[{"href":"https:\/\/shop.moldbrothers.com\/de\/wp-json\/wp\/v2\/product"}],"about":[{"href":"https:\/\/shop.moldbrothers.com\/de\/wp-json\/wp\/v2\/types\/product"}],"wp:featuredmedia":[{"embeddable":true,"href":"https:\/\/shop.moldbrothers.com\/de\/wp-json\/wp\/v2\/media\/183703"}],"wp:attachment":[{"href":"https:\/\/shop.moldbrothers.com\/de\/wp-json\/wp\/v2\/media?parent=183698"}],"wp:term":[{"taxonomy":"product_brand","embeddable":true,"href":"https:\/\/shop.moldbrothers.com\/de\/wp-json\/wp\/v2\/product_brand?post=183698"},{"taxonomy":"product_cat","embeddable":true,"href":"https:\/\/shop.moldbrothers.com\/de\/wp-json\/wp\/v2\/product_cat?post=183698"},{"taxonomy":"product_tag","embeddable":true,"href":"https:\/\/shop.moldbrothers.com\/de\/wp-json\/wp\/v2\/product_tag?post=183698"},{"taxonomy":"woo-feed-brand","embeddable":true,"href":"https:\/\/shop.moldbrothers.com\/de\/wp-json\/wp\/v2\/woo-feed-brand?post=183698"}],"curies":[{"name":"wp","href":"https:\/\/api.w.org\/{rel}","templated":true}]}}