{"id":183641,"date":"2024-04-04T13:48:38","date_gmt":"2024-04-04T11:48:38","guid":{"rendered":"https:\/\/shop.moldbrothers.com\/?post_type=product&#038;p=183641"},"modified":"2025-05-19T13:57:09","modified_gmt":"2025-05-19T11:57:09","slug":"woven-grid-mold-4-pcs","status":"publish","type":"product","link":"https:\/\/shop.moldbrothers.com\/de\/produkt\/woven-grid-mold-4-pcs\/","title":{"rendered":"Woven Grid Mold &#8211; 4 pcs"},"content":{"rendered":"","protected":false},"excerpt":{"rendered":"<p>Diese Pr\u00e4zisionsform aus lebensmittelechtem Silikon 100% ist bis zu 200 \u00b0C hitzebest\u00e4ndig und verf\u00fcgt \u00fcber ein gewebtes Gittermuster, das von Weizen inspiriert ist, und gew\u00e4hrleistet eine gleichm\u00e4\u00dfige Form und scharfe Details beim Backen.<\/p>","protected":false},"featured_media":183646,"template":"","meta":{"_seopress_robots_primary_cat":"none","_seopress_titles_title":"","_seopress_titles_desc":"","_seopress_robots_index":"yes"},"product_brand":[],"product_cat":[228,1278,203,231],"product_tag":[847,783,494,782,846,784,845],"woo-feed-brand":[],"class_list":{"0":"post-183641","1":"product","2":"type-product","3":"status-publish","4":"has-post-thumbnail","6":"product_cat-2dmolds","7":"product_cat-grid-ring","8":"product_cat-graphic","9":"product_cat-hidden","10":"product_tag-bread","11":"product_tag-grain","12":"product_tag-spring","13":"product_tag-summer","14":"product_tag-weed","15":"product_tag-whead","16":"product_tag-wheat","18":"first","19":"instock","20":"sale","21":"taxable","22":"shipping-taxable","23":"purchasable","24":"product-type-simple"},"_links":{"self":[{"href":"https:\/\/shop.moldbrothers.com\/de\/wp-json\/wp\/v2\/product\/183641","targetHints":{"allow":["GET"]}}],"collection":[{"href":"https:\/\/shop.moldbrothers.com\/de\/wp-json\/wp\/v2\/product"}],"about":[{"href":"https:\/\/shop.moldbrothers.com\/de\/wp-json\/wp\/v2\/types\/product"}],"wp:featuredmedia":[{"embeddable":true,"href":"https:\/\/shop.moldbrothers.com\/de\/wp-json\/wp\/v2\/media\/183646"}],"wp:attachment":[{"href":"https:\/\/shop.moldbrothers.com\/de\/wp-json\/wp\/v2\/media?parent=183641"}],"wp:term":[{"taxonomy":"product_brand","embeddable":true,"href":"https:\/\/shop.moldbrothers.com\/de\/wp-json\/wp\/v2\/product_brand?post=183641"},{"taxonomy":"product_cat","embeddable":true,"href":"https:\/\/shop.moldbrothers.com\/de\/wp-json\/wp\/v2\/product_cat?post=183641"},{"taxonomy":"product_tag","embeddable":true,"href":"https:\/\/shop.moldbrothers.com\/de\/wp-json\/wp\/v2\/product_tag?post=183641"},{"taxonomy":"woo-feed-brand","embeddable":true,"href":"https:\/\/shop.moldbrothers.com\/de\/wp-json\/wp\/v2\/woo-feed-brand?post=183641"}],"curies":[{"name":"wp","href":"https:\/\/api.w.org\/{rel}","templated":true}]}}