{"id":183399,"date":"2022-04-22T21:09:23","date_gmt":"2022-04-22T19:09:23","guid":{"rendered":"https:\/\/shop.moldbrothers.com\/?post_type=product&#038;p=183399"},"modified":"2025-11-18T09:09:50","modified_gmt":"2025-11-18T08:09:50","slug":"grid-2-0-mold","status":"publish","type":"product","link":"https:\/\/shop.moldbrothers.com\/de\/produkt\/grid-2-0-mold\/","title":{"rendered":"Raster 2.0 Mold"},"content":{"rendered":"","protected":false},"excerpt":{"rendered":"<p>Diese Pr\u00e4zisionsform besteht aus lebensmittelechtem Silikon 100% und ist bis zu 200\u00b0C hitzebest\u00e4ndig. <em>Voronoi-Gitterstruktur (Version 2.0)<\/em> und sorgt daf\u00fcr, dass Tuilles mit gleichm\u00e4\u00dfiger Form und scharfen Details gebacken werden.<\/p>","protected":false},"featured_media":183606,"template":"","meta":{"_seopress_robots_primary_cat":"none","_seopress_titles_title":"","_seopress_titles_desc":"","_seopress_robots_index":""},"product_brand":[],"product_cat":[228,1278,203],"product_tag":[495,558,519],"woo-feed-brand":[],"class_list":{"0":"post-183399","1":"product","2":"type-product","3":"status-publish","4":"has-post-thumbnail","6":"product_cat-2dmolds","7":"product_cat-grid-ring","8":"product_cat-graphic","9":"product_tag-tuile","10":"product_tag-tuille","11":"product_tag-tuille-forme","13":"first","14":"instock","15":"sale","16":"taxable","17":"shipping-taxable","18":"product-type-grouped"},"_links":{"self":[{"href":"https:\/\/shop.moldbrothers.com\/de\/wp-json\/wp\/v2\/product\/183399","targetHints":{"allow":["GET"]}}],"collection":[{"href":"https:\/\/shop.moldbrothers.com\/de\/wp-json\/wp\/v2\/product"}],"about":[{"href":"https:\/\/shop.moldbrothers.com\/de\/wp-json\/wp\/v2\/types\/product"}],"wp:featuredmedia":[{"embeddable":true,"href":"https:\/\/shop.moldbrothers.com\/de\/wp-json\/wp\/v2\/media\/183606"}],"wp:attachment":[{"href":"https:\/\/shop.moldbrothers.com\/de\/wp-json\/wp\/v2\/media?parent=183399"}],"wp:term":[{"taxonomy":"product_brand","embeddable":true,"href":"https:\/\/shop.moldbrothers.com\/de\/wp-json\/wp\/v2\/product_brand?post=183399"},{"taxonomy":"product_cat","embeddable":true,"href":"https:\/\/shop.moldbrothers.com\/de\/wp-json\/wp\/v2\/product_cat?post=183399"},{"taxonomy":"product_tag","embeddable":true,"href":"https:\/\/shop.moldbrothers.com\/de\/wp-json\/wp\/v2\/product_tag?post=183399"},{"taxonomy":"woo-feed-brand","embeddable":true,"href":"https:\/\/shop.moldbrothers.com\/de\/wp-json\/wp\/v2\/woo-feed-brand?post=183399"}],"curies":[{"name":"wp","href":"https:\/\/api.w.org\/{rel}","templated":true}]}}