{"id":181885,"date":"2025-04-16T10:55:54","date_gmt":"2025-04-16T08:55:54","guid":{"rendered":"https:\/\/shop.moldbrothers.com\/?post_type=product&#038;p=181885"},"modified":"2025-08-04T12:24:33","modified_gmt":"2025-08-04T10:24:33","slug":"eel-bone-tuille-mold","status":"publish","type":"product","link":"https:\/\/shop.moldbrothers.com\/de\/produkt\/eel-bone-tuille-mold\/","title":{"rendered":"Unagi-Tuille Mold"},"content":{"rendered":"<div class=\"wp-block-columns is-layout-flex wp-container-core-columns-is-layout-9d6595d7 wp-block-columns-is-layout-flex\">\n<div class=\"wp-block-column is-layout-flow wp-block-column-is-layout-flow\" style=\"flex-basis:33.33%\">\n<figure class=\"wp-block-image size-full\"><a href=\"https:\/\/shop.moldbrothers.com\/wp-content\/uploads\/2025\/04\/Scherm_afbeelding-2025-04-16-om-11.16.01.png\"><img decoding=\"async\" width=\"1010\" height=\"1666\" src=\"https:\/\/shop.moldbrothers.com\/wp-content\/uploads\/2025\/04\/Scherm_afbeelding-2025-04-16-om-11.16.01.png\" alt=\"\" class=\"wp-image-181901\" srcset=\"https:\/\/shop.moldbrothers.com\/wp-content\/uploads\/2025\/04\/Scherm_afbeelding-2025-04-16-om-11.16.01.png 1010w, https:\/\/shop.moldbrothers.com\/wp-content\/uploads\/2025\/04\/Scherm_afbeelding-2025-04-16-om-11.16.01-768x1267.png 768w, https:\/\/shop.moldbrothers.com\/wp-content\/uploads\/2025\/04\/Scherm_afbeelding-2025-04-16-om-11.16.01-931x1536.png 931w, https:\/\/shop.moldbrothers.com\/wp-content\/uploads\/2025\/04\/Scherm_afbeelding-2025-04-16-om-11.16.01-7x12.png 7w\" sizes=\"(max-width: 1010px) 100vw, 1010px\" \/><\/a><\/figure>\n<\/div>\n\n\n\n<div class=\"wp-block-column is-layout-flow wp-block-column-is-layout-flow\" style=\"flex-basis:70%\">\n<h2 class=\"wp-block-heading\">Mikes Rezept!<\/h2>\n\n\n\n<p><strong>Inhaltsstoffe<\/strong><br>- 60 Gramm Eiwei\u00df<br>- 40 Gramm Sonnenblumen\u00f6l<br>- 100 Gramm ger\u00e4ucherter Aal <br>- 10 Gramm Zucker<br>- 40 Gramm Mehl<br>- 5 Gramm Salz<\/p>\n\n\n\n<p><strong>Methode<\/strong><br>Den ger\u00e4ucherten Aal p\u00fcrieren, bis er grob zerkleinert ist. Eiwei\u00df, Sonnenblumen\u00f6l, Zucker, Mehl und Salz mit dem Aal verr\u00fchren. Den Teig 15-30 Minuten lang k\u00fchl stellen. Den Backofen auf 160-170\u00b0C (Umluft) vorheizen. Den Teig d\u00fcnn in die Aalknochen-Tuille Mold streichen. 8-12 Minuten backen, bis sie golden und knusprig sind. Sofort nach dem Backen aus dem Blech nehmen und noch warm formen (z. B. \u00fcber einem Nudelholz f\u00fcr eine geschwungene Form). Ausk\u00fchlen lassen, bis sie knusprig sind.<\/p>\n<\/div>\n<\/div>","protected":false},"excerpt":{"rendered":"<p>Diese Pr\u00e4zisionsform aus hochwertigem, lebensmittelechtem Silikon ist bis zu 200 \u00b0C hitzebest\u00e4ndig und bietet realistische '<em>Umrisse von \"Unagi\" (Aalknochen)<\/em> und sorgt daf\u00fcr, dass Tuilles mit gleichm\u00e4\u00dfiger Form und scharfen Details gebacken werden.<\/p>\n<p><em>\u00a9 Bilder und d<\/em><em>Gestaltung durch MoldBrothers und Mike Cornelissen<\/em><\/p>","protected":false},"featured_media":183671,"template":"","meta":{"_seopress_robots_primary_cat":"none","_seopress_titles_title":"","_seopress_titles_desc":"","_seopress_robots_index":""},"product_brand":[],"product_cat":[228,237,910],"product_tag":[577,554,1291,1290,497,1288,826,1289,623,1287,498,499,698,558],"woo-feed-brand":[],"class_list":{"0":"post-181885","1":"product","2":"type-product","3":"status-publish","4":"has-post-thumbnail","6":"product_cat-2dmolds","7":"product_cat-natural","8":"product_cat-test-kitchen","9":"product_tag-bone","10":"product_tag-chef","11":"product_tag-crispy","12":"product_tag-eel","13":"product_tag-fish","14":"product_tag-garnish","15":"product_tag-mini","16":"product_tag-mold","17":"product_tag-plating","18":"product_tag-savory","19":"product_tag-sea","20":"product_tag-seafood","21":"product_tag-silicone","22":"product_tag-tuille","24":"first","25":"instock","26":"sale","27":"taxable","28":"shipping-taxable","29":"product-type-grouped"},"_links":{"self":[{"href":"https:\/\/shop.moldbrothers.com\/de\/wp-json\/wp\/v2\/product\/181885","targetHints":{"allow":["GET"]}}],"collection":[{"href":"https:\/\/shop.moldbrothers.com\/de\/wp-json\/wp\/v2\/product"}],"about":[{"href":"https:\/\/shop.moldbrothers.com\/de\/wp-json\/wp\/v2\/types\/product"}],"wp:featuredmedia":[{"embeddable":true,"href":"https:\/\/shop.moldbrothers.com\/de\/wp-json\/wp\/v2\/media\/183671"}],"wp:attachment":[{"href":"https:\/\/shop.moldbrothers.com\/de\/wp-json\/wp\/v2\/media?parent=181885"}],"wp:term":[{"taxonomy":"product_brand","embeddable":true,"href":"https:\/\/shop.moldbrothers.com\/de\/wp-json\/wp\/v2\/product_brand?post=181885"},{"taxonomy":"product_cat","embeddable":true,"href":"https:\/\/shop.moldbrothers.com\/de\/wp-json\/wp\/v2\/product_cat?post=181885"},{"taxonomy":"product_tag","embeddable":true,"href":"https:\/\/shop.moldbrothers.com\/de\/wp-json\/wp\/v2\/product_tag?post=181885"},{"taxonomy":"woo-feed-brand","embeddable":true,"href":"https:\/\/shop.moldbrothers.com\/de\/wp-json\/wp\/v2\/woo-feed-brand?post=181885"}],"curies":[{"name":"wp","href":"https:\/\/api.w.org\/{rel}","templated":true}]}}