{"id":179545,"date":"2025-03-31T11:56:00","date_gmt":"2025-03-31T09:56:00","guid":{"rendered":"https:\/\/shop.moldbrothers.com\/?post_type=product&#038;p=179545"},"modified":"2025-11-27T13:11:58","modified_gmt":"2025-11-27T12:11:58","slug":"taco-stencil-2","status":"publish","type":"product","link":"https:\/\/shop.moldbrothers.com\/de\/produkt\/taco-stencil-2\/","title":{"rendered":"Taco-Schablone"},"content":{"rendered":"","protected":false},"excerpt":{"rendered":"<p>Diese Schablone enth\u00e4lt 23 gerippte Taco-Formen und ist aus 1 mm dickem Polystyrol gefertigt - perfekt, um Ihren G\u00e4sten knusprige Tacos zu servieren. F\u00fcr beste Ergebnisse kombinieren Sie sie mit unserer hochwertigen Edelstahlschablone <a href=\"https:\/\/shop.moldbrothers.com\/de\/?post_type=product&amp;p=179553&amp;preview_id=179553&amp;preview_nonce=8899606d8f&amp;preview=true&amp;_thumbnail_id=179560\">Taco-Former<\/a> f\u00fcr leichtes Biegen und perfekte Passform bei jeder Anwendung.<\/p>\n<p>Bitte beachten Sie: Die Schablone <strong>ist nicht<\/strong> ist sp\u00fclmaschinenfest und sollte nicht im Backofen verwendet werden. Wir empfehlen, ihn mit lauwarmem Wasser (ca. 40\u00b0C) abzusp\u00fclen und auf Reinigungsmittel zu verzichten, damit er in Topform bleibt.<\/p>","protected":false},"featured_media":188264,"template":"","meta":{"_seopress_robots_primary_cat":"none","_seopress_titles_title":"","_seopress_titles_desc":"","_seopress_robots_index":""},"product_brand":[],"product_cat":[170,198],"product_tag":[1115,1121,1122,1119,1123,918,1113,1092,1117,1114,505,1112,1116,1118,1120],"woo-feed-brand":[],"class_list":{"0":"post-179545","1":"product","2":"type-product","3":"status-publish","4":"has-post-thumbnail","6":"product_cat-stencils","7":"product_cat-a3-stencils","8":"product_tag-comida-mexicana","9":"product_tag-comida-rapida","10":"product_tag-epice","11":"product_tag-guacamole","12":"product_tag-kasitaco","13":"product_tag-mais","14":"product_tag-mexican-food","15":"product_tag-salsa","16":"product_tag-spicy","17":"product_tag-street-food","18":"product_tag-taco","19":"product_tag-tacos","20":"product_tag-tex-mex","21":"product_tag-tortilla","22":"product_tag-viande","24":"first","25":"instock","26":"taxable","27":"shipping-taxable","28":"product-type-grouped"},"_links":{"self":[{"href":"https:\/\/shop.moldbrothers.com\/de\/wp-json\/wp\/v2\/product\/179545","targetHints":{"allow":["GET"]}}],"collection":[{"href":"https:\/\/shop.moldbrothers.com\/de\/wp-json\/wp\/v2\/product"}],"about":[{"href":"https:\/\/shop.moldbrothers.com\/de\/wp-json\/wp\/v2\/types\/product"}],"wp:featuredmedia":[{"embeddable":true,"href":"https:\/\/shop.moldbrothers.com\/de\/wp-json\/wp\/v2\/media\/188264"}],"wp:attachment":[{"href":"https:\/\/shop.moldbrothers.com\/de\/wp-json\/wp\/v2\/media?parent=179545"}],"wp:term":[{"taxonomy":"product_brand","embeddable":true,"href":"https:\/\/shop.moldbrothers.com\/de\/wp-json\/wp\/v2\/product_brand?post=179545"},{"taxonomy":"product_cat","embeddable":true,"href":"https:\/\/shop.moldbrothers.com\/de\/wp-json\/wp\/v2\/product_cat?post=179545"},{"taxonomy":"product_tag","embeddable":true,"href":"https:\/\/shop.moldbrothers.com\/de\/wp-json\/wp\/v2\/product_tag?post=179545"},{"taxonomy":"woo-feed-brand","embeddable":true,"href":"https:\/\/shop.moldbrothers.com\/de\/wp-json\/wp\/v2\/woo-feed-brand?post=179545"}],"curies":[{"name":"wp","href":"https:\/\/api.w.org\/{rel}","templated":true}]}}