{"id":179540,"date":"2025-03-31T11:58:00","date_gmt":"2025-03-31T09:58:00","guid":{"rendered":"https:\/\/shop.moldbrothers.com\/?post_type=product&#038;p=179540"},"modified":"2026-01-23T14:38:47","modified_gmt":"2026-01-23T13:38:47","slug":"realistic-rose-mold-x-gregoire-berger","status":"publish","type":"product","link":"https:\/\/shop.moldbrothers.com\/de\/produkt\/realistic-rose-mold-x-gregoire-berger\/","title":{"rendered":"Realistische Rose Mold X Gregoire Berger"},"content":{"rendered":"<div class=\"wp-block-columns is-layout-flex wp-container-core-columns-is-layout-9d6595d7 wp-block-columns-is-layout-flex\">\n<div class=\"wp-block-column is-vertically-aligned-center is-layout-flow wp-block-column-is-layout-flow\" style=\"flex-basis:50%\"><div class=\"wp-block-image\">\n<figure class=\"alignright size-full\"><img decoding=\"async\" width=\"800\" height=\"600\" src=\"https:\/\/shop.moldbrothers.com\/wp-content\/uploads\/2025\/03\/gregoire-berger.jpg\" alt=\"\" class=\"wp-image-179544\" style=\"object-fit:cover\" srcset=\"https:\/\/shop.moldbrothers.com\/wp-content\/uploads\/2025\/03\/gregoire-berger.jpg 800w, https:\/\/shop.moldbrothers.com\/wp-content\/uploads\/2025\/03\/gregoire-berger-768x576.jpg 768w, https:\/\/shop.moldbrothers.com\/wp-content\/uploads\/2025\/03\/gregoire-berger-16x12.jpg 16w\" sizes=\"(max-width: 800px) 100vw, 800px\" \/><\/figure>\n<\/div><\/div>\n\n\n\n<div class=\"wp-block-column is-layout-flow wp-block-column-is-layout-flow\" style=\"flex-basis:35.09%\">\n<h6 class=\"wp-block-heading\">Zusammenarbeit<\/h6>\n\n\n\n<h2 class=\"wp-block-heading\">\u00dcber den Chefkoch<\/h2>\n\n\n\n<p>Gr\u00e9goire Berger, ein franz\u00f6sischer K\u00fcchenchef aus der Bretagne, leitet das Ossiano im Atlantis The Palm, Dubai, seit 2014. Unter seiner Leitung wurde das Restaurant 2024 mit einem Michelin-Stern ausgezeichnet. Er z\u00e4hlt zu den besten K\u00f6chen der Welt und ist bekannt f\u00fcr Innovation, Nachhaltigkeit und eine global inspirierte K\u00fcche.<\/p>\n<\/div>\n<\/div>\n\n\n\n<p><\/p>","protected":false},"excerpt":{"rendered":"<p>Mit dieser hochwertigen Silikonform k\u00f6nnen Sie superrealistische Rosen herstellen - elegant, detailliert und fast zu sch\u00f6n zum Essen. Die Form erm\u00f6glicht die Herstellung von mindestens 4 Rosen und ist aus lebensmittelechtem Silikon 100% hergestellt. Sie ist temperaturbest\u00e4ndig von -40\u00b0C bis +200\u00b0C und damit sowohl f\u00fcr den Einsatz im (Schock-)Gefrierschrank als auch im Backofen geeignet.<\/p>\n<p><em>*Als Bonus erhalten Sie eine kostenlose gedruckte Rezeptkarte von Chefkoch Gr\u00e9goire Berger mit seinem umwerfenden Dessert Rose.<\/em><\/p>","protected":false},"featured_media":179403,"template":"","meta":{"_seopress_robots_primary_cat":"none","_seopress_titles_title":"","_seopress_titles_desc":"","_seopress_robots_index":""},"product_brand":[],"product_cat":[159,194],"product_tag":[1199,523,1198,1133,1127,1200,1128,664,531,1197,604,744,743,1196],"woo-feed-brand":[],"class_list":{"0":"post-179540","1":"product","2":"type-product","3":"status-publish","4":"has-post-thumbnail","6":"product_cat-3dmolds","7":"product_cat-realistic","8":"product_tag-amour","9":"product_tag-bloem","10":"product_tag-bloemmotief","11":"product_tag-blume","12":"product_tag-fleur","13":"product_tag-fragrance","14":"product_tag-garden","15":"product_tag-liefde","16":"product_tag-natuur","17":"product_tag-romantic","18":"product_tag-roos","19":"product_tag-rosa","20":"product_tag-rose","21":"product_tag-rose-flower","23":"first","24":"instock","25":"taxable","26":"shipping-taxable","27":"purchasable","28":"product-type-simple"},"_links":{"self":[{"href":"https:\/\/shop.moldbrothers.com\/de\/wp-json\/wp\/v2\/product\/179540","targetHints":{"allow":["GET"]}}],"collection":[{"href":"https:\/\/shop.moldbrothers.com\/de\/wp-json\/wp\/v2\/product"}],"about":[{"href":"https:\/\/shop.moldbrothers.com\/de\/wp-json\/wp\/v2\/types\/product"}],"wp:featuredmedia":[{"embeddable":true,"href":"https:\/\/shop.moldbrothers.com\/de\/wp-json\/wp\/v2\/media\/179403"}],"wp:attachment":[{"href":"https:\/\/shop.moldbrothers.com\/de\/wp-json\/wp\/v2\/media?parent=179540"}],"wp:term":[{"taxonomy":"product_brand","embeddable":true,"href":"https:\/\/shop.moldbrothers.com\/de\/wp-json\/wp\/v2\/product_brand?post=179540"},{"taxonomy":"product_cat","embeddable":true,"href":"https:\/\/shop.moldbrothers.com\/de\/wp-json\/wp\/v2\/product_cat?post=179540"},{"taxonomy":"product_tag","embeddable":true,"href":"https:\/\/shop.moldbrothers.com\/de\/wp-json\/wp\/v2\/product_tag?post=179540"},{"taxonomy":"woo-feed-brand","embeddable":true,"href":"https:\/\/shop.moldbrothers.com\/de\/wp-json\/wp\/v2\/woo-feed-brand?post=179540"}],"curies":[{"name":"wp","href":"https:\/\/api.w.org\/{rel}","templated":true}]}}