{"id":179525,"date":"2025-03-31T11:57:00","date_gmt":"2025-03-31T09:57:00","guid":{"rendered":"https:\/\/shop.moldbrothers.com\/?post_type=product&#038;p=179525"},"modified":"2026-01-07T11:52:28","modified_gmt":"2026-01-07T10:52:28","slug":"realistic-raspberry-mold","status":"publish","type":"product","link":"https:\/\/shop.moldbrothers.com\/de\/produkt\/realistic-raspberry-mold\/","title":{"rendered":"Realistische Himbeere Mold"},"content":{"rendered":"","protected":false},"excerpt":{"rendered":"<p>Mit dieser hochwertigen Silikonform k\u00f6nnen Sie ultra-realistische Himbeeren herstellen, die wie frisch gepfl\u00fcckt aussehen. Sie erm\u00f6glicht die Herstellung von mindestens 18 Himbeeren auf einmal und ist aus lebensmittelechtem Silikon 100% hergestellt. Sie ist temperaturbest\u00e4ndig von -40\u00b0C bis +200\u00b0C und damit sowohl f\u00fcr den Einsatz im (Schock-)Gefrierschrank als auch im Backofen geeignet.<\/p>","protected":false},"featured_media":179404,"template":"","meta":{"_seopress_robots_primary_cat":"none","_seopress_titles_title":"","_seopress_titles_desc":"","_seopress_robots_index":""},"product_brand":[],"product_cat":[159,194],"product_tag":[1180,1176,1177,1084,1173,1172,1175,579,1181,1174,530,1047,1178,811,1179],"woo-feed-brand":[],"class_list":{"0":"post-179525","1":"product","2":"type-product","3":"status-publish","4":"has-post-thumbnail","6":"product_cat-3dmolds","7":"product_cat-realistic","8":"product_tag-baie","9":"product_tag-berry","10":"product_tag-bessen","11":"product_tag-bio","12":"product_tag-framboise","13":"product_tag-framboos","14":"product_tag-frambuesa","15":"product_tag-fruit","16":"product_tag-fruta-roja","17":"product_tag-himbeere","18":"product_tag-nature","19":"product_tag-raspberry","20":"product_tag-rood-fruit","21":"product_tag-sweet","22":"product_tag-zomerfruit","24":"first","25":"instock","26":"taxable","27":"shipping-taxable","28":"purchasable","29":"product-type-simple"},"_links":{"self":[{"href":"https:\/\/shop.moldbrothers.com\/de\/wp-json\/wp\/v2\/product\/179525","targetHints":{"allow":["GET"]}}],"collection":[{"href":"https:\/\/shop.moldbrothers.com\/de\/wp-json\/wp\/v2\/product"}],"about":[{"href":"https:\/\/shop.moldbrothers.com\/de\/wp-json\/wp\/v2\/types\/product"}],"wp:featuredmedia":[{"embeddable":true,"href":"https:\/\/shop.moldbrothers.com\/de\/wp-json\/wp\/v2\/media\/179404"}],"wp:attachment":[{"href":"https:\/\/shop.moldbrothers.com\/de\/wp-json\/wp\/v2\/media?parent=179525"}],"wp:term":[{"taxonomy":"product_brand","embeddable":true,"href":"https:\/\/shop.moldbrothers.com\/de\/wp-json\/wp\/v2\/product_brand?post=179525"},{"taxonomy":"product_cat","embeddable":true,"href":"https:\/\/shop.moldbrothers.com\/de\/wp-json\/wp\/v2\/product_cat?post=179525"},{"taxonomy":"product_tag","embeddable":true,"href":"https:\/\/shop.moldbrothers.com\/de\/wp-json\/wp\/v2\/product_tag?post=179525"},{"taxonomy":"woo-feed-brand","embeddable":true,"href":"https:\/\/shop.moldbrothers.com\/de\/wp-json\/wp\/v2\/woo-feed-brand?post=179525"}],"curies":[{"name":"wp","href":"https:\/\/api.w.org\/{rel}","templated":true}]}}