{"id":179521,"date":"2025-03-31T11:55:00","date_gmt":"2025-03-31T09:55:00","guid":{"rendered":"https:\/\/shop.moldbrothers.com\/?post_type=product&#038;p=179521"},"modified":"2025-08-25T14:37:02","modified_gmt":"2025-08-25T12:37:02","slug":"tomato-molds","status":"publish","type":"product","link":"https:\/\/shop.moldbrothers.com\/de\/produkt\/tomato-molds\/","title":{"rendered":"Tomate Molds"},"content":{"rendered":"","protected":false},"excerpt":{"rendered":"<p>Mit diesen hochwertigen Silikonformen k\u00f6nnen Sie ultrarealistische Tomaten herstellen, die wie echte Tomaten aussehen. Jedes Set enth\u00e4lt zwei Formen, mit denen Sie insgesamt mindestens sechs Tomaten herstellen k\u00f6nnen. Beide Formen bestehen aus lebensmittelechtem Silikon 100% und sind temperaturbest\u00e4ndig von -40\u00b0C bis +200\u00b0C, sodass sie sowohl f\u00fcr den (Schock-)Gefrierschrank als auch f\u00fcr den Backofen geeignet sind.<\/p>","protected":false},"featured_media":179408,"template":"","meta":{"_seopress_robots_primary_cat":"none","_seopress_titles_title":"","_seopress_titles_desc":"","_seopress_robots_index":""},"product_brand":[],"product_cat":[159,194,228,237],"product_tag":[1084,1065,1094,1085,1082,1086,1079,1092,1088,1090,1080,1081,1096,1078,1064],"woo-feed-brand":[],"class_list":{"0":"post-179521","1":"product","2":"type-product","3":"status-publish","4":"has-post-thumbnail","6":"product_cat-3dmolds","7":"product_cat-realistic","8":"product_cat-2dmolds","9":"product_cat-natural","10":"product_tag-bio","11":"product_tag-cherry-tomato","12":"product_tag-dried-tomato","13":"product_tag-heirloom","14":"product_tag-organic","15":"product_tag-passata","16":"product_tag-pomodoro","17":"product_tag-salsa","18":"product_tag-sauce","19":"product_tag-sugo","20":"product_tag-tomaat","21":"product_tag-tomate","22":"product_tag-tomate-seche","23":"product_tag-tomates","24":"product_tag-tomato","26":"first","27":"instock","28":"sale","29":"taxable","30":"shipping-taxable","31":"product-type-grouped"},"_links":{"self":[{"href":"https:\/\/shop.moldbrothers.com\/de\/wp-json\/wp\/v2\/product\/179521","targetHints":{"allow":["GET"]}}],"collection":[{"href":"https:\/\/shop.moldbrothers.com\/de\/wp-json\/wp\/v2\/product"}],"about":[{"href":"https:\/\/shop.moldbrothers.com\/de\/wp-json\/wp\/v2\/types\/product"}],"wp:featuredmedia":[{"embeddable":true,"href":"https:\/\/shop.moldbrothers.com\/de\/wp-json\/wp\/v2\/media\/179408"}],"wp:attachment":[{"href":"https:\/\/shop.moldbrothers.com\/de\/wp-json\/wp\/v2\/media?parent=179521"}],"wp:term":[{"taxonomy":"product_brand","embeddable":true,"href":"https:\/\/shop.moldbrothers.com\/de\/wp-json\/wp\/v2\/product_brand?post=179521"},{"taxonomy":"product_cat","embeddable":true,"href":"https:\/\/shop.moldbrothers.com\/de\/wp-json\/wp\/v2\/product_cat?post=179521"},{"taxonomy":"product_tag","embeddable":true,"href":"https:\/\/shop.moldbrothers.com\/de\/wp-json\/wp\/v2\/product_tag?post=179521"},{"taxonomy":"woo-feed-brand","embeddable":true,"href":"https:\/\/shop.moldbrothers.com\/de\/wp-json\/wp\/v2\/woo-feed-brand?post=179521"}],"curies":[{"name":"wp","href":"https:\/\/api.w.org\/{rel}","templated":true}]}}