{"id":179487,"date":"2025-03-31T11:58:00","date_gmt":"2025-03-31T09:58:00","guid":{"rendered":"https:\/\/shop.moldbrothers.com\/?post_type=product&#038;p=179487"},"modified":"2025-10-20T12:35:59","modified_gmt":"2025-10-20T10:35:59","slug":"yarrow-tuille-mold","status":"publish","type":"product","link":"https:\/\/shop.moldbrothers.com\/de\/produkt\/yarrow-tuille-mold\/","title":{"rendered":"Schafgarbe Tuille Mold"},"content":{"rendered":"","protected":false},"excerpt":{"rendered":"<p>Diese hochwertige Silikonform hat die Form eines realistischen Schafgarbenblatts und f\u00e4ngt dessen zarte und federartige Details ein. Sie erm\u00f6glicht die Herstellung von bis zu f\u00fcnf feinen Tuilles auf einmal und ist aus lebensmittelechtem Silikon 100% hergestellt. Die Form ist temperaturbest\u00e4ndig von -40\u00b0C bis +200\u00b0C und eignet sich daher perfekt f\u00fcr den Einsatz im (Schock-)Gefrierschrank und im Backofen.<\/p>","protected":false},"featured_media":179420,"template":"","meta":{"_seopress_robots_primary_cat":"none","_seopress_titles_title":"","_seopress_titles_desc":"","_seopress_robots_index":""},"product_brand":[],"product_cat":[228,237],"product_tag":[1221,1084,523,1220,1228,1229,1225,1230,1224,1223,531,1227,1222,1226,1219],"woo-feed-brand":[],"class_list":{"0":"post-179487","1":"product","2":"type-product","3":"status-publish","4":"has-post-thumbnail","6":"product_cat-2dmolds","7":"product_cat-natural","8":"product_tag-achillee","9":"product_tag-bio","10":"product_tag-bloem","11":"product_tag-duizendblad","12":"product_tag-heilzaam","13":"product_tag-herboristerie","14":"product_tag-kruid","15":"product_tag-meadow-plant","16":"product_tag-medicinal-herb","17":"product_tag-milenrama","18":"product_tag-natuur","19":"product_tag-plante-medicinale","20":"product_tag-schafgarbe","21":"product_tag-wildflower","22":"product_tag-yarrow","24":"first","25":"instock","26":"taxable","27":"shipping-taxable","28":"purchasable","29":"product-type-simple"},"_links":{"self":[{"href":"https:\/\/shop.moldbrothers.com\/de\/wp-json\/wp\/v2\/product\/179487","targetHints":{"allow":["GET"]}}],"collection":[{"href":"https:\/\/shop.moldbrothers.com\/de\/wp-json\/wp\/v2\/product"}],"about":[{"href":"https:\/\/shop.moldbrothers.com\/de\/wp-json\/wp\/v2\/types\/product"}],"wp:featuredmedia":[{"embeddable":true,"href":"https:\/\/shop.moldbrothers.com\/de\/wp-json\/wp\/v2\/media\/179420"}],"wp:attachment":[{"href":"https:\/\/shop.moldbrothers.com\/de\/wp-json\/wp\/v2\/media?parent=179487"}],"wp:term":[{"taxonomy":"product_brand","embeddable":true,"href":"https:\/\/shop.moldbrothers.com\/de\/wp-json\/wp\/v2\/product_brand?post=179487"},{"taxonomy":"product_cat","embeddable":true,"href":"https:\/\/shop.moldbrothers.com\/de\/wp-json\/wp\/v2\/product_cat?post=179487"},{"taxonomy":"product_tag","embeddable":true,"href":"https:\/\/shop.moldbrothers.com\/de\/wp-json\/wp\/v2\/product_tag?post=179487"},{"taxonomy":"woo-feed-brand","embeddable":true,"href":"https:\/\/shop.moldbrothers.com\/de\/wp-json\/wp\/v2\/woo-feed-brand?post=179487"}],"curies":[{"name":"wp","href":"https:\/\/api.w.org\/{rel}","templated":true}]}}