{"id":179432,"date":"2025-03-31T11:57:00","date_gmt":"2025-03-31T09:57:00","guid":{"rendered":"https:\/\/shop.moldbrothers.com\/?post_type=product&#038;p=179432"},"modified":"2025-10-20T12:32:55","modified_gmt":"2025-10-20T10:32:55","slug":"realistic-grain-tuille-mold","status":"publish","type":"product","link":"https:\/\/shop.moldbrothers.com\/de\/produkt\/realistic-grain-tuille-mold\/","title":{"rendered":"Realistische Maserung Tuille Mold"},"content":{"rendered":"","protected":false},"excerpt":{"rendered":"<p>Mit dieser hochwertigen Silikonform lassen sich naturgetreue, kornf\u00f6rmige Tuilles herstellen, die Ihrem Gericht eine nat\u00fcrliche, erdige Note verleihen. Sie erm\u00f6glicht die Herstellung von bis zu sechs zarten St\u00fccken auf einmal und ist aus lebensmittelechtem Silikon 100% hergestellt. Sie ist temperaturbest\u00e4ndig von -40\u00b0C bis +200\u00b0C und damit sowohl f\u00fcr den Einsatz im (Schock-)Gefrierschrank als auch im Backofen geeignet.<\/p>","protected":false},"featured_media":179425,"template":"","meta":{"_seopress_robots_primary_cat":"none","_seopress_titles_title":"","_seopress_titles_desc":"","_seopress_robots_index":""},"product_brand":[],"product_cat":[228,237],"product_tag":[1151,1084,1153,1148,1146,1156,1149,1145,783,1147,1155,1150,1152,531,1154],"woo-feed-brand":[],"class_list":{"0":"post-179432","1":"product","2":"type-product","3":"status-publish","4":"has-post-thumbnail","6":"product_cat-2dmolds","7":"product_cat-natural","8":"product_tag-agriculture","9":"product_tag-bio","10":"product_tag-campo","11":"product_tag-cereal","12":"product_tag-cereale","13":"product_tag-farming","14":"product_tag-getreide","15":"product_tag-graan","16":"product_tag-grain","17":"product_tag-grano","18":"product_tag-granos","19":"product_tag-harvest","20":"product_tag-landbouw","21":"product_tag-natuur","22":"product_tag-rural","24":"first","25":"instock","26":"taxable","27":"shipping-taxable","28":"purchasable","29":"product-type-simple"},"_links":{"self":[{"href":"https:\/\/shop.moldbrothers.com\/de\/wp-json\/wp\/v2\/product\/179432","targetHints":{"allow":["GET"]}}],"collection":[{"href":"https:\/\/shop.moldbrothers.com\/de\/wp-json\/wp\/v2\/product"}],"about":[{"href":"https:\/\/shop.moldbrothers.com\/de\/wp-json\/wp\/v2\/types\/product"}],"wp:featuredmedia":[{"embeddable":true,"href":"https:\/\/shop.moldbrothers.com\/de\/wp-json\/wp\/v2\/media\/179425"}],"wp:attachment":[{"href":"https:\/\/shop.moldbrothers.com\/de\/wp-json\/wp\/v2\/media?parent=179432"}],"wp:term":[{"taxonomy":"product_brand","embeddable":true,"href":"https:\/\/shop.moldbrothers.com\/de\/wp-json\/wp\/v2\/product_brand?post=179432"},{"taxonomy":"product_cat","embeddable":true,"href":"https:\/\/shop.moldbrothers.com\/de\/wp-json\/wp\/v2\/product_cat?post=179432"},{"taxonomy":"product_tag","embeddable":true,"href":"https:\/\/shop.moldbrothers.com\/de\/wp-json\/wp\/v2\/product_tag?post=179432"},{"taxonomy":"woo-feed-brand","embeddable":true,"href":"https:\/\/shop.moldbrothers.com\/de\/wp-json\/wp\/v2\/woo-feed-brand?post=179432"}],"curies":[{"name":"wp","href":"https:\/\/api.w.org\/{rel}","templated":true}]}}