{"id":173067,"date":"2025-04-30T12:06:55","date_gmt":"2025-04-30T10:06:55","guid":{"rendered":"https:\/\/shop.moldbrothers.com\/?post_type=product&#038;p=173067"},"modified":"2025-12-23T09:22:32","modified_gmt":"2025-12-23T08:22:32","slug":"ice-ball-press","status":"publish","type":"product","link":"https:\/\/shop.moldbrothers.com\/de\/produkt\/ice-ball-press\/","title":{"rendered":"Eiskugelpresse"},"content":{"rendered":"","protected":false},"excerpt":{"rendered":"<p>Eine hochwertige Metallpresse zur Herstellung von kristallklaren Eiskugeln. Mit dieser in den Niederlanden aus robustem Metall hergestellten Presse k\u00f6nnen Sie schnell und einfach perfekte Eiskugeln f\u00fcr Cocktails oder andere Getr\u00e4nke herstellen, die Ihre G\u00e4ste beeindrucken werden!<\/p>","protected":false},"featured_media":173072,"template":"","meta":{"_seopress_robots_primary_cat":"none","_seopress_titles_title":"","_seopress_titles_desc":"","_seopress_robots_index":""},"product_brand":[],"product_cat":[192],"product_tag":[1298,1297,674,1300,484,1301,1302,689,651,1303,653,1299,598],"woo-feed-brand":[],"class_list":{"0":"post-173067","1":"product","2":"type-product","3":"status-publish","4":"has-post-thumbnail","6":"product_cat-kitchen-essentials","7":"product_tag-bar","8":"product_tag-cocktail","9":"product_tag-cube","10":"product_tag-drink","11":"product_tag-ice","12":"product_tag-iceball","13":"product_tag-mixology","14":"product_tag-press","15":"product_tag-round","16":"product_tag-solid","17":"product_tag-sphere","18":"product_tag-stainless","19":"product_tag-tool","21":"first","22":"instock","23":"taxable","24":"shipping-taxable","25":"purchasable","26":"product-type-simple"},"_links":{"self":[{"href":"https:\/\/shop.moldbrothers.com\/de\/wp-json\/wp\/v2\/product\/173067","targetHints":{"allow":["GET"]}}],"collection":[{"href":"https:\/\/shop.moldbrothers.com\/de\/wp-json\/wp\/v2\/product"}],"about":[{"href":"https:\/\/shop.moldbrothers.com\/de\/wp-json\/wp\/v2\/types\/product"}],"wp:featuredmedia":[{"embeddable":true,"href":"https:\/\/shop.moldbrothers.com\/de\/wp-json\/wp\/v2\/media\/173072"}],"wp:attachment":[{"href":"https:\/\/shop.moldbrothers.com\/de\/wp-json\/wp\/v2\/media?parent=173067"}],"wp:term":[{"taxonomy":"product_brand","embeddable":true,"href":"https:\/\/shop.moldbrothers.com\/de\/wp-json\/wp\/v2\/product_brand?post=173067"},{"taxonomy":"product_cat","embeddable":true,"href":"https:\/\/shop.moldbrothers.com\/de\/wp-json\/wp\/v2\/product_cat?post=173067"},{"taxonomy":"product_tag","embeddable":true,"href":"https:\/\/shop.moldbrothers.com\/de\/wp-json\/wp\/v2\/product_tag?post=173067"},{"taxonomy":"woo-feed-brand","embeddable":true,"href":"https:\/\/shop.moldbrothers.com\/de\/wp-json\/wp\/v2\/woo-feed-brand?post=173067"}],"curies":[{"name":"wp","href":"https:\/\/api.w.org\/{rel}","templated":true}]}}