{"id":172944,"date":"2024-11-18T12:19:47","date_gmt":"2024-11-18T11:19:47","guid":{"rendered":"https:\/\/shop.moldbrothers.com\/?post_type=product&#038;p=172944"},"modified":"2025-10-09T15:55:09","modified_gmt":"2025-10-09T13:55:09","slug":"skarpa-pie-tee","status":"publish","type":"product","link":"https:\/\/shop.moldbrothers.com\/de\/produkt\/skarpa-pie-tee\/","title":{"rendered":"Skarpa Pie Tee"},"content":{"rendered":"","protected":false},"excerpt":{"rendered":"<p>Ein hochwertiger Aluminiumstempel f\u00fcr die Herstellung einer scharfen Kruste. Dieser Tortenstempel aus Aluminium eignet sich sowohl f\u00fcr warme als auch f\u00fcr kalte Zubereitungen. Diese Form kann verwendet werden, um knusprige Teigt\u00f6rtchen herzustellen, die anschlie\u00dfend gef\u00fcllt werden k\u00f6nnen.<\/p>","protected":false},"featured_media":172943,"template":"","meta":{"_seopress_robots_primary_cat":"none","_seopress_titles_title":"","_seopress_titles_desc":"","_seopress_robots_index":""},"product_brand":[],"product_cat":[362],"product_tag":[1027,602,1023,912,1022,1026,1025,1018,1019,1020,639,1024,596,757,1021],"woo-feed-brand":[],"class_list":{"0":"post-172944","1":"product","2":"type-product","3":"status-publish","4":"has-post-thumbnail","6":"product_cat-bunuelos-pie-tee","7":"product_tag-beignets","8":"product_tag-bunuelos","9":"product_tag-crisp","10":"product_tag-croustade","11":"product_tag-crust","12":"product_tag-fried","13":"product_tag-fritters","14":"product_tag-iron","15":"product_tag-pee-tee","16":"product_tag-pie","17":"product_tag-rosette","18":"product_tag-shell","19":"product_tag-stamp","20":"product_tag-tart","21":"product_tag-tie","23":"first","24":"instock","25":"taxable","26":"shipping-taxable","27":"purchasable","28":"product-type-simple"},"_links":{"self":[{"href":"https:\/\/shop.moldbrothers.com\/de\/wp-json\/wp\/v2\/product\/172944","targetHints":{"allow":["GET"]}}],"collection":[{"href":"https:\/\/shop.moldbrothers.com\/de\/wp-json\/wp\/v2\/product"}],"about":[{"href":"https:\/\/shop.moldbrothers.com\/de\/wp-json\/wp\/v2\/types\/product"}],"wp:featuredmedia":[{"embeddable":true,"href":"https:\/\/shop.moldbrothers.com\/de\/wp-json\/wp\/v2\/media\/172943"}],"wp:attachment":[{"href":"https:\/\/shop.moldbrothers.com\/de\/wp-json\/wp\/v2\/media?parent=172944"}],"wp:term":[{"taxonomy":"product_brand","embeddable":true,"href":"https:\/\/shop.moldbrothers.com\/de\/wp-json\/wp\/v2\/product_brand?post=172944"},{"taxonomy":"product_cat","embeddable":true,"href":"https:\/\/shop.moldbrothers.com\/de\/wp-json\/wp\/v2\/product_cat?post=172944"},{"taxonomy":"product_tag","embeddable":true,"href":"https:\/\/shop.moldbrothers.com\/de\/wp-json\/wp\/v2\/product_tag?post=172944"},{"taxonomy":"woo-feed-brand","embeddable":true,"href":"https:\/\/shop.moldbrothers.com\/de\/wp-json\/wp\/v2\/woo-feed-brand?post=172944"}],"curies":[{"name":"wp","href":"https:\/\/api.w.org\/{rel}","templated":true}]}}