{"id":172796,"date":"2024-11-17T12:19:56","date_gmt":"2024-11-17T11:19:56","guid":{"rendered":"https:\/\/shop.moldbrothers.com\/?post_type=product&#038;p=172796"},"modified":"2025-10-09T15:55:09","modified_gmt":"2025-10-09T13:55:09","slug":"realistic-mussel-pie-tee","status":"publish","type":"product","link":"https:\/\/shop.moldbrothers.com\/de\/produkt\/realistic-mussel-pie-tee\/","title":{"rendered":"Realistisches Muschelkuchen-Tee"},"content":{"rendered":"","protected":false},"excerpt":{"rendered":"<p>Ein hochwertiger Aluminiumstempel mit der Form einer realistischen Muschel. Dieser Tortenstempel aus Aluminium eignet sich sowohl f\u00fcr warme als auch f\u00fcr kalte Zubereitungen. Mit dieser Form k\u00f6nnen Sie knusprige Teigt\u00f6rtchen herstellen, die anschlie\u00dfend gef\u00fcllt werden k\u00f6nnen.<\/p>","protected":false},"featured_media":172792,"template":"","meta":{"_seopress_robots_primary_cat":"none","_seopress_titles_title":"","_seopress_titles_desc":"","_seopress_robots_index":""},"product_brand":[],"product_cat":[362],"product_tag":[1027,602,766,1023,912,1022,1026,1025,1018,1028,676,1019,1020,639,498,1024,596,757,1021],"woo-feed-brand":[],"class_list":{"0":"post-172796","1":"product","2":"type-product","3":"status-publish","4":"has-post-thumbnail","6":"product_cat-bunuelos-pie-tee","7":"product_tag-beignets","8":"product_tag-bunuelos","9":"product_tag-coral","10":"product_tag-crisp","11":"product_tag-croustade","12":"product_tag-crust","13":"product_tag-fried","14":"product_tag-fritters","15":"product_tag-iron","16":"product_tag-mussel","17":"product_tag-oyster","18":"product_tag-pee-tee","19":"product_tag-pie","20":"product_tag-rosette","21":"product_tag-sea","22":"product_tag-shell","23":"product_tag-stamp","24":"product_tag-tart","25":"product_tag-tie","27":"first","28":"instock","29":"taxable","30":"shipping-taxable","31":"purchasable","32":"product-type-simple"},"_links":{"self":[{"href":"https:\/\/shop.moldbrothers.com\/de\/wp-json\/wp\/v2\/product\/172796","targetHints":{"allow":["GET"]}}],"collection":[{"href":"https:\/\/shop.moldbrothers.com\/de\/wp-json\/wp\/v2\/product"}],"about":[{"href":"https:\/\/shop.moldbrothers.com\/de\/wp-json\/wp\/v2\/types\/product"}],"wp:featuredmedia":[{"embeddable":true,"href":"https:\/\/shop.moldbrothers.com\/de\/wp-json\/wp\/v2\/media\/172792"}],"wp:attachment":[{"href":"https:\/\/shop.moldbrothers.com\/de\/wp-json\/wp\/v2\/media?parent=172796"}],"wp:term":[{"taxonomy":"product_brand","embeddable":true,"href":"https:\/\/shop.moldbrothers.com\/de\/wp-json\/wp\/v2\/product_brand?post=172796"},{"taxonomy":"product_cat","embeddable":true,"href":"https:\/\/shop.moldbrothers.com\/de\/wp-json\/wp\/v2\/product_cat?post=172796"},{"taxonomy":"product_tag","embeddable":true,"href":"https:\/\/shop.moldbrothers.com\/de\/wp-json\/wp\/v2\/product_tag?post=172796"},{"taxonomy":"woo-feed-brand","embeddable":true,"href":"https:\/\/shop.moldbrothers.com\/de\/wp-json\/wp\/v2\/woo-feed-brand?post=172796"}],"curies":[{"name":"wp","href":"https:\/\/api.w.org\/{rel}","templated":true}]}}