{"id":172373,"date":"2024-11-05T14:47:00","date_gmt":"2024-11-05T13:47:00","guid":{"rendered":"https:\/\/shop.moldbrothers.com\/?post_type=product&#038;p=172373"},"modified":"2025-12-24T11:57:11","modified_gmt":"2025-12-24T10:57:11","slug":"172373","status":"publish","type":"product","link":"https:\/\/shop.moldbrothers.com\/de\/produkt\/172373\/","title":{"rendered":"Wellington Farce Mold"},"content":{"rendered":"<div class=\"wp-block-columns is-layout-flex wp-container-core-columns-is-layout-9d6595d7 wp-block-columns-is-layout-flex\">\n<div class=\"wp-block-column is-vertically-aligned-center is-layout-flow wp-block-column-is-layout-flow\" style=\"flex-basis:50%\"><div class=\"wp-block-image is-style-default\">\n<figure class=\"alignright size-full\"><a href=\"https:\/\/shop.moldbrothers.com\/wp-content\/uploads\/2024\/09\/cielblue_2.png\"><img decoding=\"async\" width=\"750\" height=\"750\" src=\"https:\/\/shop.moldbrothers.com\/wp-content\/uploads\/2024\/09\/cielblue_2.png\" alt=\"\" class=\"wp-image-168942\" style=\"object-fit:cover\" srcset=\"https:\/\/shop.moldbrothers.com\/wp-content\/uploads\/2024\/09\/cielblue_2.png 750w, https:\/\/shop.moldbrothers.com\/wp-content\/uploads\/2024\/09\/cielblue_2-150x150.png 150w, https:\/\/shop.moldbrothers.com\/wp-content\/uploads\/2024\/09\/cielblue_2-12x12.png 12w, https:\/\/shop.moldbrothers.com\/wp-content\/uploads\/2024\/09\/cielblue_2-100x100.png 100w\" sizes=\"(max-width: 750px) 100vw, 750px\" \/><\/a><\/figure>\n<\/div><\/div>\n\n\n\n<div class=\"wp-block-column is-layout-flow wp-block-column-is-layout-flow\" style=\"flex-basis:35.09%\">\n<h6 class=\"wp-block-heading\">Zusammenarbeit<\/h6>\n\n\n\n<h2 class=\"wp-block-heading\">\u00dcber die K\u00f6che<\/h2>\n\n\n\n<p>Mike Klaassen, ehemaliger Bocuse d'Or-Kandidat, kam auf die brillante Idee, eine Farce Mold zu kreieren, die vom klassischen \"Beef Wellington\" inspiriert ist. Arjan Speelman, Chefkoch und Manager des Ciel Blue** im Hotel Okura Amsterdam, gab ihm die M\u00f6glichkeit, diese Idee weiterzuentwickeln. Derzeit ist Mike als Chef de Cuisine im Ciel Blue t\u00e4tig, nachdem er bereits in jungen Jahren umfangreiche Erfahrungen in Restaurants wie dem Restaurant Amber** in Hongkong und The French Laundry*** in Kalifornien gesammelt hat.<\/p>\n\n\n\n<figure class=\"wp-block-image size-full is-resized\"><a href=\"https:\/\/shop.moldbrothers.com\/wp-content\/uploads\/2024\/09\/cielblue-logo.png\"><img decoding=\"async\" width=\"750\" height=\"750\" src=\"https:\/\/shop.moldbrothers.com\/wp-content\/uploads\/2024\/09\/cielblue-logo.png\" alt=\"\" class=\"wp-image-168941\" style=\"width:160px\" srcset=\"https:\/\/shop.moldbrothers.com\/wp-content\/uploads\/2024\/09\/cielblue-logo.png 750w, https:\/\/shop.moldbrothers.com\/wp-content\/uploads\/2024\/09\/cielblue-logo-150x150.png 150w, https:\/\/shop.moldbrothers.com\/wp-content\/uploads\/2024\/09\/cielblue-logo-12x12.png 12w, https:\/\/shop.moldbrothers.com\/wp-content\/uploads\/2024\/09\/cielblue-logo-100x100.png 100w\" sizes=\"(max-width: 750px) 100vw, 750px\" \/><\/a><\/figure>\n<\/div>\n<\/div>\n\n\n\n<p><\/p>","protected":false},"excerpt":{"rendered":"<p>Eine hochwertige Silikonform f\u00fcr die Herstellung einer klassischen Beef-Wellington-Farce. Diese Form enth\u00e4lt eine Form und ist aus lebensmittelechtem Silikon 100% hergestellt. Sie ist temperaturbest\u00e4ndig von -40 \u00b0C bis +200 \u00b0C und damit sowohl f\u00fcr den (Hoch-)Gefrierschrank als auch f\u00fcr den Backofen geeignet.<\/p>\n<p><em>*Zus\u00e4tzlich erhalten Sie eine gedruckte Rezeptkarte der K\u00f6che Mike Klaassen und Arjan Speelman von Ciel Bleu mit ihrem Rezept f\u00fcr eine H\u00e4hnchen-Brioche-Farce.<\/em><\/p>","protected":false},"featured_media":172320,"template":"","meta":{"_seopress_robots_primary_cat":"none","_seopress_titles_title":"","_seopress_titles_desc":"","_seopress_robots_index":""},"product_brand":[],"product_cat":[159,184],"product_tag":[1454,513,566,504,1030,515,1437,1032,1009,1451,1453,820,1448,1007,1006,503,1029,999,1033,1005,1004,1003,1000,1450,1034,649,688,501,1008,1452,589,1031,1449,1002,500],"woo-feed-brand":[],"class_list":{"0":"post-172373","1":"product","2":"type-product","3":"status-publish","4":"has-post-thumbnail","6":"product_cat-3dmolds","7":"product_cat-highlighted-products","8":"product_tag-buche","9":"product_tag-chicken","10":"product_tag-chocolate","11":"product_tag-christmas","12":"product_tag-deer","13":"product_tag-farce","14":"product_tag-festive","15":"product_tag-filling","16":"product_tag-flake","17":"product_tag-gift","18":"product_tag-gold","19":"product_tag-green","20":"product_tag-holiday","21":"product_tag-joulou","22":"product_tag-jul","23":"product_tag-kerst","24":"product_tag-lamb","25":"product_tag-merry","26":"product_tag-mixture","27":"product_tag-natal","28":"product_tag-natale","29":"product_tag-navidad","30":"product_tag-noel","31":"product_tag-ornament","32":"product_tag-pate","33":"product_tag-red","34":"product_tag-sneeuwvlok","35":"product_tag-snow","36":"product_tag-snowflake","37":"product_tag-spice","38":"product_tag-star","39":"product_tag-stuffing","40":"product_tag-tree","41":"product_tag-weihnachten","42":"product_tag-winter","44":"first","45":"instock","46":"taxable","47":"shipping-taxable","48":"purchasable","49":"product-type-simple"},"_links":{"self":[{"href":"https:\/\/shop.moldbrothers.com\/de\/wp-json\/wp\/v2\/product\/172373","targetHints":{"allow":["GET"]}}],"collection":[{"href":"https:\/\/shop.moldbrothers.com\/de\/wp-json\/wp\/v2\/product"}],"about":[{"href":"https:\/\/shop.moldbrothers.com\/de\/wp-json\/wp\/v2\/types\/product"}],"wp:featuredmedia":[{"embeddable":true,"href":"https:\/\/shop.moldbrothers.com\/de\/wp-json\/wp\/v2\/media\/172320"}],"wp:attachment":[{"href":"https:\/\/shop.moldbrothers.com\/de\/wp-json\/wp\/v2\/media?parent=172373"}],"wp:term":[{"taxonomy":"product_brand","embeddable":true,"href":"https:\/\/shop.moldbrothers.com\/de\/wp-json\/wp\/v2\/product_brand?post=172373"},{"taxonomy":"product_cat","embeddable":true,"href":"https:\/\/shop.moldbrothers.com\/de\/wp-json\/wp\/v2\/product_cat?post=172373"},{"taxonomy":"product_tag","embeddable":true,"href":"https:\/\/shop.moldbrothers.com\/de\/wp-json\/wp\/v2\/product_tag?post=172373"},{"taxonomy":"woo-feed-brand","embeddable":true,"href":"https:\/\/shop.moldbrothers.com\/de\/wp-json\/wp\/v2\/woo-feed-brand?post=172373"}],"curies":[{"name":"wp","href":"https:\/\/api.w.org\/{rel}","templated":true}]}}